{"id":9132,"date":"2018-03-12T19:12:30","date_gmt":"2018-03-12T19:12:30","guid":{"rendered":"https:\/\/www.somatechnology.com\/spanish\/?post_type=product&#038;p=9132"},"modified":"2025-12-11T03:56:14","modified_gmt":"2025-12-11T08:56:14","slug":"sonoscape-s8-exp","status":"publish","type":"product","link":"https:\/\/www.somatechnology.com\/spanish\/equipo-medico-usado-remanufacturado\/imagenologia-radiologia\/ultrasonidos\/sonoscape-s8-exp\/","title":{"rendered":"SonoScape S8 EXP"},"content":{"rendered":"<div class=\"wpb-content-wrapper\"><p>[vc_row][vc_column][vc_column_text css=\u00bb\u00bb]<\/p>\n<h2>SonoScape S8 EXP<\/h2>\n<p>La m\u00e1quina del ultrasonido del SonoScape S8 Expert es un ultrasonido portable del color. Proporciona soluciones optimizadas para muchas aplicaciones con una experiencia de usuario mejorada. La m\u00e1quina del ultrasonido del S8 Expert combina la mejor ergonom\u00eda, facilidad de uso y dise\u00f1o atractivo. Las caracter\u00edsticas est\u00e1ndar incluyen monitor LED de alta resoluci\u00f3n de 15 \u2033, 2 puertos de sondeo con portasondas, m\u00f3dulo ECG, paquetes de medida e informes de ex\u00e1menes. La m\u00e1quina de ultrasonido del S8 Expert est\u00e1 disponible para aplicaciones de im\u00e1genes abdominales, cardiovasculares, obst\u00e9tricas y ginecol\u00f3gicas, pedi\u00e1tricas, musculoesquel\u00e9ticas, de reumatolog\u00eda y de Urolog\u00eda.<\/p>\n<p>Flujo de trabajo perfecto el S8Exp se adapta a su flujo de trabajo, ya sea que est\u00e9 en la sala de consultores, en la cabecera o en una ubicaci\u00f3n remota. Con una nueva plataforma f\u00e1cil de utilizar, dise\u00f1ada para las necesidades de sonographers y las interfaces completas de la conexi\u00f3n para la conectividad f\u00e1cil y compartir de los datos, el S8Exp lleva a un resultado cl\u00ednico mejorado, a un flujo de trabajo eficiente, y a la comodidad del usuario para el cl\u00ednico as\u00ed como para el paciente durante todo el examen.<\/p>\n<ul>\n<li>La bater\u00eda recargable integrada en el sistema asegura la posibilidad de realizar un examen de ultrasonido al aire libre.<\/li>\n<li>Los controles m\u00e1s importantes est\u00e1n bien ubicados dentro de una interfaz intuitiva, haciendo que todas las operaciones sean f\u00e1ciles y r\u00e1pidas.<\/li>\n<li>Su mayor compacidad junto y su peso ligero le permiten tomar la excelencia del ultrasonido donde las respuestas r\u00e1pidas son necesarias.<\/li>\n<li>La pantalla de alta resoluci\u00f3n plegable del LCD del color de 50-degree garantiza la localizaci\u00f3n m\u00e1s c\u00f3moda de la visi\u00f3n disponible en cualquie ambiente.<\/li>\n<\/ul>\n<h3>Especificaciones f\u00edsicas<\/h3>\n<ul>\n<li>Tama\u00f1o: 413mm * 357 mm * 391mm (L * W * D)<\/li>\n<li>Peso: aprox. 7.9 kg<\/li>\n<li>Monitor: 15 &#8216; &#8216; Widescreen y monitor de alta resoluci\u00f3n del LCD del color, contraluz del LED, el anti-oscilar y verticalmente y horizontalmente rotativo<\/li>\n<li>Conectador de la punta de prueba: 2, permutable<\/li>\n<\/ul>\n<h3>Requisitos medioambientales<\/h3>\n<ul>\n<li>Entorno de operaci\u00f3n<\/li>\n<li>Temperatura: + 10 \u2103 a + 40 \u2103<\/li>\n<li>Humedad relativa: 30% a 85% (sin condensaci\u00f3n)<\/li>\n<li>Presi\u00f3n atmosf\u00e9rica: 700 a 1060hPa<\/li>\n<li>Medio ambiente de transporte y almacenamiento<\/li>\n<li>Temperatura:-20 \u2103 a + 55 \u2103<\/li>\n<li>Humedad relativa: 20%-90% (sin condensaci\u00f3n)<\/li>\n<li>Presi\u00f3n atmosf\u00e9rica: 700 a 1060hPa<\/li>\n<\/ul>\n<h3>Fuente de alimentaci\u00f3n<\/h3>\n<ul>\n<li>\u2022 110-240 ~, 2.7-1.2 a<\/li>\n<li>\u2022 Frecuencia: 50\/60Hz<\/li>\n<\/ul>\n<p>[\/vc_column_text][\/vc_column][\/vc_row]<\/p>\n<\/div>","protected":false},"excerpt":{"rendered":"<p>Ultrasonido<\/p>\n","protected":false},"featured_media":25588,"template":"","meta":{"_acf_changed":false,"_relevanssi_hide_post":"","_relevanssi_hide_content":"","_relevanssi_pin_for_all":"","_relevanssi_pin_keywords":"","_relevanssi_unpin_keywords":"","_relevanssi_related_keywords":"","_relevanssi_related_include_ids":"","_relevanssi_related_exclude_ids":"","_relevanssi_related_no_append":"","_relevanssi_related_not_related":"","_relevanssi_related_posts":"","_relevanssi_noindex_reason":"","inline_featured_image":false},"pwb-brand":[1964],"product_brand":[],"product_cat":[91],"product_tag":[1976,1979,1980,1965,1975,1977,1978,1901,1900],"class_list":{"0":"post-9132","1":"product","2":"type-product","3":"status-publish","4":"has-post-thumbnail","6":"pwb-brand-ultrasonidos-sonoscape","7":"product_cat-ultrasonidos","8":"product_tag-s8","9":"product_tag-s8-exp","10":"product_tag-s8-expert","11":"product_tag-sonoscape","12":"product_tag-sonoscape-s8","13":"product_tag-sonoscape-s8-exp","14":"product_tag-sonoscape-s8-expert","15":"product_tag-ultrasonido","16":"product_tag-ultrasonidos","18":"first","19":"instock","20":"shipping-taxable","21":"purchasable","22":"product-type-simple"},"acf":[],"brands":[{"id":1964,"name":"SonoScape","slug":"ultrasonidos-sonoscape"}],"_links":{"self":[{"href":"https:\/\/www.somatechnology.com\/spanish\/wp-json\/wp\/v2\/product\/9132","targetHints":{"allow":["GET"]}}],"collection":[{"href":"https:\/\/www.somatechnology.com\/spanish\/wp-json\/wp\/v2\/product"}],"about":[{"href":"https:\/\/www.somatechnology.com\/spanish\/wp-json\/wp\/v2\/types\/product"}],"wp:featuredmedia":[{"embeddable":true,"href":"https:\/\/www.somatechnology.com\/spanish\/wp-json\/wp\/v2\/media\/25588"}],"wp:attachment":[{"href":"https:\/\/www.somatechnology.com\/spanish\/wp-json\/wp\/v2\/media?parent=9132"}],"wp:term":[{"taxonomy":"pwb-brand","embeddable":true,"href":"https:\/\/www.somatechnology.com\/spanish\/wp-json\/wp\/v2\/pwb-brand?post=9132"},{"taxonomy":"product_brand","embeddable":true,"href":"https:\/\/www.somatechnology.com\/spanish\/wp-json\/wp\/v2\/product_brand?post=9132"},{"taxonomy":"product_cat","embeddable":true,"href":"https:\/\/www.somatechnology.com\/spanish\/wp-json\/wp\/v2\/product_cat?post=9132"},{"taxonomy":"product_tag","embeddable":true,"href":"https:\/\/www.somatechnology.com\/spanish\/wp-json\/wp\/v2\/product_tag?post=9132"}],"curies":[{"name":"wp","href":"https:\/\/api.w.org\/{rel}","templated":true}]}}