{"id":9135,"date":"2018-03-12T19:22:52","date_gmt":"2018-03-12T19:22:52","guid":{"rendered":"https:\/\/www.somatechnology.com\/spanish\/?post_type=product&#038;p=9135"},"modified":"2025-12-11T04:05:25","modified_gmt":"2025-12-11T09:05:25","slug":"sonoscape-x5","status":"publish","type":"product","link":"https:\/\/www.somatechnology.com\/spanish\/equipo-medico-usado-remanufacturado\/imagenologia-radiologia\/ultrasonidos\/sonoscape-x5\/","title":{"rendered":"SonoScape X5"},"content":{"rendered":"<div class=\"wpb-content-wrapper\"><p>[vc_row][vc_column][vc_column_text css=\u00bb\u00bb]<\/p>\n<h2>SonoScape X5<\/h2>\n<p>La m\u00e1quina de ultrasonido port\u00e1til SonoScape X5 proporciona a los m\u00e9dicos procesos de escaneo eficientes con capacidades de im\u00e1genes mejoradas y tecnolog\u00edas de mejora f\u00e1ciles de usar. El monitor de alta definici\u00f3n X5 15.6 \u2033 proporciona un diagn\u00f3stico r\u00e1pido y preciso con su procesamiento de multi-haz y \u03bc-Scan y el compuesto espacial y la inversi\u00f3n de pulsos de imagen arm\u00f3nica.<\/p>\n<ul>\n<li>Tecnolog\u00eda de proceso de la multi-viga<\/li>\n<li>Im\u00e1genes de compuestos espaciales<\/li>\n<li>tecnolog\u00eda de procesamiento de im\u00e1genes \u03bc-Scan<\/li>\n<li>Imagen arm\u00f3nica de la inversi\u00f3n del pulso<\/li>\n<\/ul>\n<h3>Movilidad<\/h3>\n<ul>\n<li>15.6-inch amplia gama \u00e1ngulo plegable y amplio \u00e1ngulo de visi\u00f3n monitor de alta definici\u00f3n<\/li>\n<li>Conectador extendido a 3 puntas de prueba<\/li>\n<li>Tiempo de arranque r\u00e1pido<\/li>\n<li>Ayuda incorporada de la bater\u00eda 3 horas de exploraci\u00f3n continua<\/li>\n<li>Carretilla integrada con ajuste de altura<\/li>\n<li>Conexi\u00f3n inal\u00e1mbrica Wi-Fi y Bluetooth<\/li>\n<\/ul>\n<p>[\/vc_column_text][\/vc_column][\/vc_row]<\/p>\n<\/div>","protected":false},"excerpt":{"rendered":"<p>Ultrasonidos<\/p>\n","protected":false},"featured_media":25589,"template":"","meta":{"_acf_changed":false,"_relevanssi_hide_post":"","_relevanssi_hide_content":"","_relevanssi_pin_for_all":"","_relevanssi_pin_keywords":"","_relevanssi_unpin_keywords":"","_relevanssi_related_keywords":"","_relevanssi_related_include_ids":"","_relevanssi_related_exclude_ids":"","_relevanssi_related_no_append":"","_relevanssi_related_not_related":"","_relevanssi_related_posts":"","_relevanssi_noindex_reason":"","inline_featured_image":false},"pwb-brand":[1964],"product_brand":[],"product_cat":[91],"product_tag":[1965,1986,1901,1900,1985],"class_list":{"0":"post-9135","1":"product","2":"type-product","3":"status-publish","4":"has-post-thumbnail","6":"pwb-brand-ultrasonidos-sonoscape","7":"product_cat-ultrasonidos","8":"product_tag-sonoscape","9":"product_tag-sonoscape-x5","10":"product_tag-ultrasonido","11":"product_tag-ultrasonidos","12":"product_tag-x5","14":"first","15":"instock","16":"shipping-taxable","17":"purchasable","18":"product-type-simple"},"acf":[],"brands":[{"id":1964,"name":"SonoScape","slug":"ultrasonidos-sonoscape"}],"_links":{"self":[{"href":"https:\/\/www.somatechnology.com\/spanish\/wp-json\/wp\/v2\/product\/9135","targetHints":{"allow":["GET"]}}],"collection":[{"href":"https:\/\/www.somatechnology.com\/spanish\/wp-json\/wp\/v2\/product"}],"about":[{"href":"https:\/\/www.somatechnology.com\/spanish\/wp-json\/wp\/v2\/types\/product"}],"wp:featuredmedia":[{"embeddable":true,"href":"https:\/\/www.somatechnology.com\/spanish\/wp-json\/wp\/v2\/media\/25589"}],"wp:attachment":[{"href":"https:\/\/www.somatechnology.com\/spanish\/wp-json\/wp\/v2\/media?parent=9135"}],"wp:term":[{"taxonomy":"pwb-brand","embeddable":true,"href":"https:\/\/www.somatechnology.com\/spanish\/wp-json\/wp\/v2\/pwb-brand?post=9135"},{"taxonomy":"product_brand","embeddable":true,"href":"https:\/\/www.somatechnology.com\/spanish\/wp-json\/wp\/v2\/product_brand?post=9135"},{"taxonomy":"product_cat","embeddable":true,"href":"https:\/\/www.somatechnology.com\/spanish\/wp-json\/wp\/v2\/product_cat?post=9135"},{"taxonomy":"product_tag","embeddable":true,"href":"https:\/\/www.somatechnology.com\/spanish\/wp-json\/wp\/v2\/product_tag?post=9135"}],"curies":[{"name":"wp","href":"https:\/\/api.w.org\/{rel}","templated":true}]}}