{"id":9144,"date":"2018-03-12T19:56:00","date_gmt":"2018-03-12T19:56:00","guid":{"rendered":"https:\/\/www.somatechnology.com\/spanish\/?post_type=product&#038;p=9144"},"modified":"2025-12-11T04:05:05","modified_gmt":"2025-12-11T09:05:05","slug":"philips-affiniti-30","status":"publish","type":"product","link":"https:\/\/www.somatechnology.com\/spanish\/equipo-medico-usado-remanufacturado\/imagenologia-radiologia\/ultrasonidos\/philips-affiniti-30\/","title":{"rendered":"Philips Affiniti 30"},"content":{"rendered":"<div class=\"wpb-content-wrapper\"><p>[vc_row][vc_column][vc_column_text css=\u00bb\u00bb]<\/p>\n<h2>Philips Affiniti 30<\/h2>\n<p>El Philips Affiniti 30 ha sido dise\u00f1ado para disminuir los pasos requeridos para completar los ex\u00e1menes. Por ejemplo, los protocolos SmartExam aseguran la calidad y consistencia del examen y se ha demostrado que reducen el tiempo de examen en un 30% a un 50%. Una reducci\u00f3n del 30% en el tiempo del examen puede dar lugar al personal mejorado y a la satisfacci\u00f3n del paciente porque el personal y la interacci\u00f3n del paciente se convierten en el foco, no en la m\u00e1quina.<\/p>\n<ul>\n<li>Utiliza un 40% menos de potencia que su predecesor.<\/li>\n<li>Se va a dormir y se reinicia en segundos.<\/li>\n<li>El dise\u00f1o modular realza la confiabilidad y permite la reparaci\u00f3n r\u00e1pida y la alta disponibilidad del sistema.<\/li>\n<li>F\u00e1cil de transportar con su dise\u00f1o de 184 lbs.<\/li>\n<li>Preserva los presets de usuario y los datos del paciente.<\/li>\n<\/ul>\n<h3>Dimensiones<\/h3>\n<ul>\n<li>Altura: 56 \u2013 64 in (142,2 \u2013 162,6 cm)<\/li>\n<li>Anchura: 22.5 in (57,2 cm)<\/li>\n<li>Profundidad: 38,7 in (98,3 cm)<\/li>\n<li>Peso: (83.6 kg)<\/li>\n<\/ul>\n<h3>Panel de control<\/h3>\n<ul>\n<li>\u2022 Tama\u00f1o del monitor: 21.5 in (54,6 cm)<\/li>\n<li>\u2022 Grados de movimiento: 180 \u00b0<\/li>\n<li>\u2022 Ajuste de altura: 8 in (20.3 cm)<\/li>\n<\/ul>\n<p>[\/vc_column_text][\/vc_column][\/vc_row]<\/p>\n<\/div>","protected":false},"excerpt":{"rendered":"<p>Ultrasonidos<\/p>\n","protected":false},"featured_media":9867,"template":"","meta":{"_acf_changed":false,"_relevanssi_hide_post":"","_relevanssi_hide_content":"","_relevanssi_pin_for_all":"","_relevanssi_pin_keywords":"","_relevanssi_unpin_keywords":"","_relevanssi_related_keywords":"","_relevanssi_related_include_ids":"","_relevanssi_related_exclude_ids":"","_relevanssi_related_no_append":"","_relevanssi_related_not_related":"","_relevanssi_related_posts":"","_relevanssi_noindex_reason":"","inline_featured_image":false},"pwb-brand":[1102],"product_brand":[],"product_cat":[91],"product_tag":[1999,1998,2002,273,2003,2000,2001,1901,1900],"class_list":{"0":"post-9144","1":"product","2":"type-product","3":"status-publish","4":"has-post-thumbnail","6":"pwb-brand-equipo-medico-philips","7":"product_cat-ultrasonidos","8":"product_tag-1999","9":"product_tag-affiniti","10":"product_tag-affinity-30","11":"product_tag-philips","12":"product_tag-philips-30","13":"product_tag-philips-affiniti","14":"product_tag-philips-affinity-30","15":"product_tag-ultrasonido","16":"product_tag-ultrasonidos","18":"first","19":"instock","20":"shipping-taxable","21":"purchasable","22":"product-type-simple"},"acf":[],"brands":[{"id":1102,"name":"Philips","slug":"equipo-medico-philips"}],"_links":{"self":[{"href":"https:\/\/www.somatechnology.com\/spanish\/wp-json\/wp\/v2\/product\/9144","targetHints":{"allow":["GET"]}}],"collection":[{"href":"https:\/\/www.somatechnology.com\/spanish\/wp-json\/wp\/v2\/product"}],"about":[{"href":"https:\/\/www.somatechnology.com\/spanish\/wp-json\/wp\/v2\/types\/product"}],"wp:featuredmedia":[{"embeddable":true,"href":"https:\/\/www.somatechnology.com\/spanish\/wp-json\/wp\/v2\/media\/9867"}],"wp:attachment":[{"href":"https:\/\/www.somatechnology.com\/spanish\/wp-json\/wp\/v2\/media?parent=9144"}],"wp:term":[{"taxonomy":"pwb-brand","embeddable":true,"href":"https:\/\/www.somatechnology.com\/spanish\/wp-json\/wp\/v2\/pwb-brand?post=9144"},{"taxonomy":"product_brand","embeddable":true,"href":"https:\/\/www.somatechnology.com\/spanish\/wp-json\/wp\/v2\/product_brand?post=9144"},{"taxonomy":"product_cat","embeddable":true,"href":"https:\/\/www.somatechnology.com\/spanish\/wp-json\/wp\/v2\/product_cat?post=9144"},{"taxonomy":"product_tag","embeddable":true,"href":"https:\/\/www.somatechnology.com\/spanish\/wp-json\/wp\/v2\/product_tag?post=9144"}],"curies":[{"name":"wp","href":"https:\/\/api.w.org\/{rel}","templated":true}]}}