{"id":9147,"date":"2018-03-13T12:56:26","date_gmt":"2018-03-13T12:56:26","guid":{"rendered":"https:\/\/www.somatechnology.com\/spanish\/?post_type=product&#038;p=9147"},"modified":"2025-12-11T04:32:39","modified_gmt":"2025-12-11T09:32:39","slug":"mindray-dp-50","status":"publish","type":"product","link":"https:\/\/www.somatechnology.com\/spanish\/equipo-medico-usado-remanufacturado\/imagenologia-radiologia\/ultrasonidos\/mindray-dp-50\/","title":{"rendered":"Mindray DP-50"},"content":{"rendered":"<div class=\"wpb-content-wrapper\"><p>[vc_row][vc_column][vc_column_text css=\u00bb\u00bb]<\/p>\n<h2>Ultrasonido Mindray DP-50<\/h2>\n<p>El DP-50 de Mindray es un sistema superior de ultrasonido negro y blanco que le permite hacer m\u00e1s en menos tiempo sin comprometer la calidad del diagn\u00f3stico. Dise\u00f1ado como una piedra de paso en el mundo del ultrasonido, DP-50 satisfacer\u00e1 sus necesidades para las pr\u00e1cticas generales mientras que mantiene su presupuesto.<\/p>\n<p><strong>Ergonom\u00eda excepcional<\/strong><br \/>\nEl DP-50 ha sido dise\u00f1ado siguiendo un estudio cuidadoso de las necesidades cambiantes de las pr\u00e1cticas cl\u00ednicas. Una nueva forma elegante, una movilidad mejorada, y una operaci\u00f3n m\u00e1s conveniente lo hacen un sistema que sea bien adaptado para los ajustes cl\u00ednicos.<\/p>\n<ul>\n<li>Forma elegante, aerodin\u00e1mica, compacta<\/li>\n<li>Teclado y controles f\u00e1ciles de usar<\/li>\n<li>Sistema ligero para la movilidad mejorada<\/li>\n<li>Blanco y negro<\/li>\n<li>15 \u00abinclinando la exhibici\u00f3n de inclinaci\u00f3n granangular<\/li>\n<li>2 puertos USB<\/li>\n<li>Im\u00e1genes arm\u00f3nicas<\/li>\n<li>Reducci\u00f3n del moteado de iClear<\/li>\n<li>Optimizaci\u00f3n autom\u00e1tica de iTouch<\/li>\n<\/ul>\n<h3>Dimensiones<\/h3>\n<ul>\n<li>Revelado: (W x H x D) 415mm (16.34 in) x 396mm (15.59 in) x 476mm (18.74 in)<\/li>\n<li>Plegado: (W x H x D) 415mm (16.34 in) x 378mm (14.88 in) x 190 mm (7.48 in)<\/li>\n<li>Peso: 7.7 kg (sin bater\u00eda)<\/li>\n<\/ul>\n<h3>Energ\u00eda el\u00e9ctrica<\/h3>\n<ul>\n<li>Voltaje: 100-240V ~<\/li>\n<li>Frecuencia: 50\/60Hz<\/li>\n<li>Corriente de entrada: 1.5-0.8 a<\/li>\n<li>Potencia de salida: 500W<\/li>\n<\/ul>\n<h3>Bater\u00eda<\/h3>\n<ul>\n<li>Paquete de la bater\u00eda del litio-ion: 14.8 v, 660mAh<\/li>\n<li>Tiempo de carga: &lt; 3 horas (conectado a la fuente de alimentaci\u00f3n de CA, con el sistema apagado)<\/li>\n<li>Tiempo de resistencia: &gt; 120 min<\/li>\n<\/ul>\n<h3>Tiempo de arranque<\/h3>\n<ul>\n<li>\u2022 Tiempo de arranque: \u2264 23S<\/li>\n<li>\u2022 Despierte el tiempo (del recurso seguro): \u2264 5.8s<\/li>\n<\/ul>\n<h3>Entorno operativo<\/h3>\n<ul>\n<li>Temperatura ambiente: 0 \u00b0 c ~ 40 \u00b0 c<\/li>\n<li>Higrometr\u00eda: el 30% ~ 85% (ninguna condensaci\u00f3n)<\/li>\n<li>Presi\u00f3n atmosf\u00e9rica: 700hPa ~ 1060 hPa<\/li>\n<\/ul>\n<h3>Entorno de almacenamiento y transporte<\/h3>\n<ul>\n<li>Temperatura ambiente: 20 \u00b0 c ~ 55 \u00b0 c<\/li>\n<li>Higrometr\u00eda: el 30% ~ 95% (ninguna condensaci\u00f3n)<\/li>\n<li>Presi\u00f3n atmosf\u00e9rica: 700 hPa ~1060 hPa<\/li>\n<\/ul>\n<h3>Configuraci\u00f3n est\u00e1ndar<\/h3>\n<ul>\n<li>Display: 15 en LCD, alta resoluci\u00f3n 1024 x 768<\/li>\n<li>Contraste y brillo: ajustable<\/li>\n<li>Protector de pantalla: tiempo Preajustable<\/li>\n<li>\u00c1ngulo ajustable: 30 \u00b0<\/li>\n<li>Panel de control: teclas alfanum\u00e9ricas, teclas de funci\u00f3n<\/li>\n<li>Teclas definidas por el usuario: funci\u00f3n preconfigurable<\/li>\n<li>Trackball TGC del segmento 8: color y velocidad preajustables<\/li>\n<li>Contraluz dominante: brillo y volumen preajustables<\/li>\n<li>Indicadores integrados de los altavoces: estado de la energ\u00eda\/de la bater\u00eda\/en espera\/HDD<\/li>\n<\/ul>\n<div id=\"mttContainer\" class=\"notranslate\" style=\"transform: translate(88px, 2px);\" aria-expanded=\"false\"><\/div>\n<p>[\/vc_column_text][\/vc_column][\/vc_row]<\/p>\n<\/div>","protected":false},"excerpt":{"rendered":"<p>Ultrasonidos<\/p>\n","protected":false},"featured_media":25576,"template":"","meta":{"_acf_changed":false,"_relevanssi_hide_post":"","_relevanssi_hide_content":"","_relevanssi_pin_for_all":"","_relevanssi_pin_keywords":"","_relevanssi_unpin_keywords":"","_relevanssi_related_keywords":"","_relevanssi_related_include_ids":"","_relevanssi_related_exclude_ids":"","_relevanssi_related_no_append":"","_relevanssi_related_not_related":"","_relevanssi_related_posts":"","_relevanssi_noindex_reason":"","inline_featured_image":false},"pwb-brand":[1135],"product_brand":[],"product_cat":[91],"product_tag":[2005,450,2004,1901,1900],"class_list":{"0":"post-9147","1":"product","2":"type-product","3":"status-publish","4":"has-post-thumbnail","6":"pwb-brand-equipo-medico-mindray","7":"product_cat-ultrasonidos","8":"product_tag-dp-50","9":"product_tag-mindray","10":"product_tag-mindray-dp-50","11":"product_tag-ultrasonido","12":"product_tag-ultrasonidos","14":"first","15":"instock","16":"shipping-taxable","17":"purchasable","18":"product-type-simple"},"acf":[],"brands":[{"id":1135,"name":"Mindray","slug":"equipo-medico-mindray"}],"_links":{"self":[{"href":"https:\/\/www.somatechnology.com\/spanish\/wp-json\/wp\/v2\/product\/9147","targetHints":{"allow":["GET"]}}],"collection":[{"href":"https:\/\/www.somatechnology.com\/spanish\/wp-json\/wp\/v2\/product"}],"about":[{"href":"https:\/\/www.somatechnology.com\/spanish\/wp-json\/wp\/v2\/types\/product"}],"wp:featuredmedia":[{"embeddable":true,"href":"https:\/\/www.somatechnology.com\/spanish\/wp-json\/wp\/v2\/media\/25576"}],"wp:attachment":[{"href":"https:\/\/www.somatechnology.com\/spanish\/wp-json\/wp\/v2\/media?parent=9147"}],"wp:term":[{"taxonomy":"pwb-brand","embeddable":true,"href":"https:\/\/www.somatechnology.com\/spanish\/wp-json\/wp\/v2\/pwb-brand?post=9147"},{"taxonomy":"product_brand","embeddable":true,"href":"https:\/\/www.somatechnology.com\/spanish\/wp-json\/wp\/v2\/product_brand?post=9147"},{"taxonomy":"product_cat","embeddable":true,"href":"https:\/\/www.somatechnology.com\/spanish\/wp-json\/wp\/v2\/product_cat?post=9147"},{"taxonomy":"product_tag","embeddable":true,"href":"https:\/\/www.somatechnology.com\/spanish\/wp-json\/wp\/v2\/product_tag?post=9147"}],"curies":[{"name":"wp","href":"https:\/\/api.w.org\/{rel}","templated":true}]}}