{"id":9153,"date":"2018-03-13T13:54:17","date_gmt":"2018-03-13T13:54:17","guid":{"rendered":"https:\/\/www.somatechnology.com\/spanish\/?post_type=product&#038;p=9153"},"modified":"2023-08-23T06:24:29","modified_gmt":"2023-08-23T10:24:29","slug":"bladderscan-bvi-9600","status":"publish","type":"product","link":"https:\/\/www.somatechnology.com\/spanish\/equipo-medico-usado-remanufacturado\/imagenologia-radiologia\/ultrasonidos\/bladderscan-bvi-9600\/","title":{"rendered":"BladderScan BVI 9600"},"content":{"rendered":"<h2>BladderScan BVI 9600<\/h2>\n<p>El VERATHON BladderScan 9600 es un instrumento port\u00e1til de ultrasonido no invasivo 3D. Las Islas V\u00edrgenes Brit\u00e1nicas 9600 son r\u00e1pidas y f\u00e1ciles de usar. Cuando el m\u00e9dico libera el bot\u00f3n Scan, en cuesti\u00f3n de segundos, las Islas V\u00edrgenes Brit\u00e1nicas 9600 miden reflexiones ultras\u00f3nicas en varios planos. Una vez medido el 9600 produce una imagen tridimensional. Bas\u00e1ndose en esta imagen, calcula y muestra informaci\u00f3n bas\u00e1ndose en el modo en que se est\u00e1 utilizando. Al usar el BladderScan 9600 no hay necesidad de un ecografista.<\/p>\n<p>Las caracter\u00edsticas m\u00e1s populares en el BladderScan Islas V\u00edrgenes Brit\u00e1nicas 9600 son el modo de exploraci\u00f3n de la vejiga y el modo de escaneo de aorta.<\/p>\n<h3>BladderScan Mode<\/h3>\n<ul>\n<li>Cuando se escanea la vejiga con el modo BladderScan, las Islas V\u00edrgenes Brit\u00e1nicas 9600 miden el volumen de la vejiga urinaria y el residuo post-vac\u00edo (PVR). Ayuda a evaluar la retenci\u00f3n urinaria y la retenci\u00f3n urinaria postoperatoria (pour), evaluar muchas afecciones urol\u00f3gicas comunes, prevenir la cateterizaci\u00f3n innecesaria y ayuda a reducir las tasas de infecci\u00f3n de las v\u00edas urinarias asociadas con el cat\u00e9ter (Cauti). Estos pueden ayudar a eliminar el trauma innecesario a los pacientes, as\u00ed como mejorar la eficiencia de los profesionales de la salud. Tambi\u00e9n se ha demostrado que reduce los costos y ahorra tiempo al personal para centrarse en otros trabajos y pacientes.<\/li>\n<\/ul>\n<h3>AortaScan Mode<\/h3>\n<ul>\n<li>Al escanear la aorta con el modo AortaScan, el BladderScan 9600 proporciona una medici\u00f3n del di\u00e1metro a\u00f3rtico abdominal. Esto ayuda a los m\u00e9dicos a identificar la presencia de aneurismas a\u00f3rticos abdominales (AAA) utilizando la tecnolog\u00eda vmode patentada Verathons. El modo de AortaScan fue dise\u00f1ado para ser una herramienta r\u00e1pida, f\u00e1cil de utilizar para medir el di\u00e1metro de la aorta abdominal sin la necesidad de un ecografista.<\/li>\n<\/ul>\n<h3>Verathon BladderScan 9600 Benefits<\/h3>\n<ul>\n<li>Distintos modos de escaneo para hombres y mujeres<\/li>\n<li>Anotaci\u00f3n de la voz para los ex\u00e1menes para asegurar datos valiosos del paciente\/del examen se conserva<\/li>\n<li>Puede cargar los datos del examen a los sistemas electr\u00f3nicos del expediente de la salud (EHRs) v\u00eda software de gesti\u00f3n de la imagen ScanPOint<\/li>\n<li>Precisi\u00f3n que apunta v\u00eda la consola o la punta de prueba<\/li>\n<li>Impresora a bordo para registros de pacientes o reembolso<\/li>\n<li>Video tutorial a bordo para entrenar al personal<\/li>\n<\/ul>\n<h3>Bladder Scanning<\/h3>\n<ul>\n<li>Rango de volumen: 0 a 999 ml<\/li>\n<li>Precisi\u00f3n:: \u00b1 15%, \u00b1 15 ml<\/li>\n<\/ul>\n<h3>Aorta Scanning<\/h3>\n<ul>\n<li>Gama del di\u00e1metro: 3 a 12.4 cm<\/li>\n<li>Precisi\u00f3n: \u00b1 15%, \u00b1 0.5 cm<\/li>\n<\/ul>\n<h3>Fuente de alimentaci\u00f3n<\/h3>\n<ul>\n<li>11.1V Li-Ion Battery<\/li>\n<li>3.5 uso continuo de las horas en una carga<\/li>\n<\/ul>\n<h3>Par\u00e1metros de la salida del ultrasonido<\/h3>\n<ul>\n<li>Ultrasonido m\u00e1ximo Isptad durante una exploraci\u00f3n: \u2264 5.0 mW\/cm2<\/li>\n<li>Ultrasonido m\u00e1ximo Isppad durante una exploraci\u00f3n: \u2264 60,0 W\/cm2<\/li>\n<li>M\u00e1ximo mi (\u00edndice mec\u00e1nico): 0.95 m\u00e1ximo<\/li>\n<li>Di\u00e1metro del transductor: 13 mm (0,512 pulgadas)<\/li>\n<li>Frecuencia resonante del transductor: 3.0 MHz y 1,74 MHz<\/li>\n<li>Ancho de banda del transductor: 75% a 10 dB<\/li>\n<li>Tiempo desde la iniciaci\u00f3n de escaneo 3D para dar como resultado una visualizaci\u00f3n: &lt; 3 seconds<\/li>\n<\/ul>\n<h3>Pantalla<\/h3>\n<ul>\n<li>Color LCD<\/li>\n<\/ul>\n<p>&nbsp;<\/p>\n","protected":false},"excerpt":{"rendered":"<p>Esc\u00e1neres de Vejiga<\/p>\n","protected":false},"featured_media":9862,"template":"","meta":{"_acf_changed":false,"_relevanssi_hide_post":"","_relevanssi_hide_content":"","_relevanssi_pin_for_all":"","_relevanssi_pin_keywords":"","_relevanssi_unpin_keywords":"","_relevanssi_related_keywords":"","_relevanssi_related_include_ids":"","_relevanssi_related_exclude_ids":"","_relevanssi_related_no_append":"","_relevanssi_related_not_related":"","_relevanssi_related_posts":"","_relevanssi_noindex_reason":"","inline_featured_image":false},"pwb-brand":[1362],"product_brand":[],"product_cat":[91,1157],"product_tag":[2024,1001,1990,2023],"class_list":{"0":"post-9153","1":"product","2":"type-product","3":"status-publish","4":"has-post-thumbnail","6":"pwb-brand-equipo-medico-verathon","7":"product_cat-ultrasonidos","8":"product_cat-escaneres-de-vejiga","9":"product_tag-bladderscan-9600","10":"product_tag-verathon","11":"product_tag-verathon-bladderscan","12":"product_tag-verathon-bladderscan-9600","14":"first","15":"instock","16":"shipping-taxable","17":"purchasable","18":"product-type-simple"},"acf":[],"brands":[{"id":1362,"name":"Verathon","slug":"equipo-medico-verathon"}],"_links":{"self":[{"href":"https:\/\/www.somatechnology.com\/spanish\/wp-json\/wp\/v2\/product\/9153","targetHints":{"allow":["GET"]}}],"collection":[{"href":"https:\/\/www.somatechnology.com\/spanish\/wp-json\/wp\/v2\/product"}],"about":[{"href":"https:\/\/www.somatechnology.com\/spanish\/wp-json\/wp\/v2\/types\/product"}],"wp:featuredmedia":[{"embeddable":true,"href":"https:\/\/www.somatechnology.com\/spanish\/wp-json\/wp\/v2\/media\/9862"}],"wp:attachment":[{"href":"https:\/\/www.somatechnology.com\/spanish\/wp-json\/wp\/v2\/media?parent=9153"}],"wp:term":[{"taxonomy":"pwb-brand","embeddable":true,"href":"https:\/\/www.somatechnology.com\/spanish\/wp-json\/wp\/v2\/pwb-brand?post=9153"},{"taxonomy":"product_brand","embeddable":true,"href":"https:\/\/www.somatechnology.com\/spanish\/wp-json\/wp\/v2\/product_brand?post=9153"},{"taxonomy":"product_cat","embeddable":true,"href":"https:\/\/www.somatechnology.com\/spanish\/wp-json\/wp\/v2\/product_cat?post=9153"},{"taxonomy":"product_tag","embeddable":true,"href":"https:\/\/www.somatechnology.com\/spanish\/wp-json\/wp\/v2\/product_tag?post=9153"}],"curies":[{"name":"wp","href":"https:\/\/api.w.org\/{rel}","templated":true}]}}