{"id":9159,"date":"2018-03-13T14:12:52","date_gmt":"2018-03-13T14:12:52","guid":{"rendered":"https:\/\/www.somatechnology.com\/spanish\/?post_type=product&#038;p=9159"},"modified":"2023-08-23T06:24:31","modified_gmt":"2023-08-23T10:24:31","slug":"verathon-bladderscan-prime","status":"publish","type":"product","link":"https:\/\/www.somatechnology.com\/spanish\/equipo-medico-usado-remanufacturado\/imagenologia-radiologia\/ultrasonidos\/verathon-bladderscan-prime\/","title":{"rendered":"Verathon BladderScan Prime"},"content":{"rendered":"<h2>Verathon BladderScan Prime<\/h2>\n<p>El ultrasonido port\u00e1til de\u00a0<strong>BladderScan Prime<\/strong> \u00a0en 3D vuelve a definir la precisi\u00f3n y facilita la facilidad de uso que nunca. Es un dispositivo que reduce el tiempo de inactividad y eleva la calidad de la atenci\u00f3n, ofreciendo un valor duradero. Para promover el servicio largo e ininterrumpido, la confiabilidad se incorpora en cada sistema del primer BladderScan. En caso de una ca\u00edda, Prime tiene un diagn\u00f3stico mec\u00e1nico incorporado para confirmar que sigue funcionando correctamente. NeuralHarmonics permite medidas m\u00e1s precisas que las ecograf\u00edas bidimensionales convencionales. En medidas del volumen de la vejiga, un segundo arm\u00f3nico \u00fanico distingue la vejiga, la orina, y las regiones hypo-ecog\u00e9nicas, tales como el \u00fatero. Esto da como resultado un mejor an\u00e1lisis y una medici\u00f3n m\u00e1s precisa del dispositivo. Con una prensa de bot\u00f3n, la tecnolog\u00eda VMODE \u00ae adquiere m\u00faltiples planos de escaneo para producir una cuantificaci\u00f3n tridimensional de la vejiga. Bas\u00e1ndose en esta cuantificaci\u00f3n, el instrumento calcula y muestra autom\u00e1ticamente el volumen de la vejiga urinaria.<\/p>\n<ul>\n<li>Controles de pantalla t\u00e1ctil<\/li>\n<li>El modo B vivo pre-explora el objetivo<\/li>\n<li>Dise\u00f1o ergon\u00f3mico de la nueva sonda<\/li>\n<li>Interfaz de usuario intuitiva<\/li>\n<li>Carro de balanceo superior (opcional) con la gerencia integrada del almacenaje y del cable<\/li>\n<li>Ayuda\/tutorial a bordo para entrenamiento y facilidad de uso<\/li>\n<li>Escanear desde cualquier lado del paciente<\/li>\n<\/ul>\n<h2>Especificaciones Verathon BladderScan Prime<\/h2>\n<h3>Dimensiones<\/h3>\n<h5><em>Consola<\/em><\/h5>\n<p>\u00b7\u00a0\u00a0\u00a0\u00a0\u00a0 <strong>General<\/strong><\/p>\n<ul>\n<li>Altura 125 mm (4,92 in)<\/li>\n<li>Anchura 227 mil\u00edmetros (8,94 adentro)<\/li>\n<li>Profundidad 259 mm (10,20 in)<\/li>\n<li>Peso 1770 g (3,90 lbs)<\/li>\n<li>Pantalla 1280 x 800 pixels<\/li>\n<\/ul>\n<h5>\u00b7\u00a0\u00a0\u00a0\u00a0\u00a0 <strong>Electrical<\/strong><\/h5>\n<ul>\n<li>La entrada VERATHON proporcion\u00f3 la bater\u00eda, 11.7 V c.c.<\/li>\n<li>Puertos USB de salida, 5 V DC a 100 mA m\u00e1ximo de cada puerto<\/li>\n<li>Tipo del aislamiento BF<\/li>\n<\/ul>\n<h4>Sensor<\/h4>\n<h5>\u00b7\u00a0\u00a0\u00a0\u00a0\u00a0 <strong>General<\/strong><\/h5>\n<ul>\n<li>Altura 196 mm (7,70 in)<\/li>\n<li>Anchura 62 mil\u00edmetros (2,43 adentro)<\/li>\n<li>Profundidad 62 mm (2,43 pulg.)<\/li>\n<li>Peso 580 g (1.28 lbs)<\/li>\n<li>Pantalla 144 x 168 pixels<\/li>\n<li>Cable 1.8 m (6.0 ft)<\/li>\n<\/ul>\n<h5><em>Impresora<\/em><\/h5>\n<h5>\u00b7\u00a0\u00a0\u00a0\u00a0\u00a0 <strong>General<\/strong><\/h5>\n<ul>\n<li>Altura 70 mm (2,76 in)<\/li>\n<li>Anchura 164 mil\u00edmetros (6,45 adentro)<\/li>\n<li>Profundidad 90 mm (3,54 pulg.)<\/li>\n<li>Peso (sin papel) 352 g (0,78 lbs)<\/li>\n<li>Resoluci\u00f3n 8 dots\/mm (203 DOTS\/in)<\/li>\n<li>Tama\u00f1o de punto 0,125 mm por 0.12 mm (0.005 in por 0.005 in)<\/li>\n<li>Anchura de la impresi\u00f3n 48 mm (1.89 in), or 384 dots\/line<\/li>\n<\/ul>\n<h3>Bater\u00eda<\/h3>\n<h5>\u00b7\u00a0\u00a0\u00a0\u00a0\u00a0 <strong>General<\/strong><\/h5>\n<ul>\n<li>Tipo de bater\u00eda ion de litio (Ion Li)<\/li>\n<li>Altura 23 mm (0,89 pulg.)<\/li>\n<li>Anchura 151 mil\u00edmetros (5,94 adentro)<\/li>\n<li>Profundidad 59 mm (2,32 pulg.)<\/li>\n<li>Peso 326 g (0.72 lbs)<\/li>\n<\/ul>\n<h4>Informaci\u00f3n El\u00e9ctrica<\/h4>\n<ul>\n<li>Duraci\u00f3n de la bater\u00eda una bater\u00eda completamente cargada normalmente proporcionar\u00e1 m\u00e1s de 24 horas de uso normal de funcionamiento entre cargas<\/li>\n<li>Tiempo de carga 2.5 horas (t\u00edpicas)<\/li>\n<li>Capacidad clasificada 4.6 Ah, 51 WH<\/li>\n<li>Tensi\u00f3n nominal 11.1 V<\/li>\n<li>Voltaje de carga m\u00e1ximo\u00a0 12.6 V<\/li>\n<\/ul>\n<h3>Informaci\u00f3n General<\/h3>\n<ul>\n<li><em>Clasificaci\u00f3n<\/em><\/li>\n<li><em>Alimentado internamente, tipo BF<\/em><\/li>\n<li><em>Vida de producto prevista<\/em><\/li>\n<li><em>Consola: 7 a\u00f1os<\/em><\/li>\n<li><em>Punta de prueba: 7 a\u00f1os<\/em><\/li>\n<li><em>Impresora: 7 a\u00f1os<\/em><\/li>\n<li><em>Cargador de bater\u00eda: 7 a\u00f1os<\/em><\/li>\n<li><em>Protecci\u00f3n de ingreso (IP) contra el agua<\/em><\/li>\n<li><em>Consola IPX0<\/em><\/li>\n<li><em>Sonda IPX4<\/em><\/li>\n<li><em>Impresora IPX0<\/em><\/li>\n<li><em>Cargador de bater\u00eda IPX0<\/em><\/li>\n<li><em>IPX0 de la bater\u00eda<\/em><\/li>\n<\/ul>\n<h3>Condiciones de funcionamiento<\/h3>\n<ul>\n<li>Uso: de interior<\/li>\n<li>Temperatura: + 10 a + 40 \u00b0 c (50 a 104 \u00b0 f)<\/li>\n<li>Higrometr\u00eda: 20 a el 75%<\/li>\n<li>Presi\u00f3n de aire ambiente: +700 hPa to 1060 hPa<\/li>\n<\/ul>\n<h3>Condiciones de almacenamiento<\/h3>\n<ul>\n<li>Uso: de interior<\/li>\n<li>Temperatura: 10 a + 60 \u00b0 c (14 a 140 \u00b0 f)<\/li>\n<li>Higrometr\u00eda: 20 a el 80%<\/li>\n<li>Presi\u00f3n de aire ambiente: +600 hPa to 1060 hPa<\/li>\n<\/ul>\n<h3>Precisi\u00f3n<\/h3>\n<ul>\n<li>Rango de volumen de la vejiga: 0 a 999 ml<\/li>\n<li>Exactitud del volumen: \u00b1 (15% \u00b1 15 mL)<\/li>\n<\/ul>\n<p>&nbsp;<\/p>\n","protected":false},"excerpt":{"rendered":"<p>Esc\u00e1neres de Vejiga<\/p>\n","protected":false},"featured_media":9889,"template":"","meta":{"_acf_changed":false,"_relevanssi_hide_post":"","_relevanssi_hide_content":"","_relevanssi_pin_for_all":"","_relevanssi_pin_keywords":"","_relevanssi_unpin_keywords":"","_relevanssi_related_keywords":"","_relevanssi_related_include_ids":"","_relevanssi_related_exclude_ids":"","_relevanssi_related_no_append":"","_relevanssi_related_not_related":"","_relevanssi_related_posts":"","_relevanssi_noindex_reason":"","inline_featured_image":false},"pwb-brand":[1362],"product_brand":[],"product_cat":[1157,91],"product_tag":[2030,1001,1990,2027,2029,2028,2031],"class_list":{"0":"post-9159","1":"product","2":"type-product","3":"status-publish","4":"has-post-thumbnail","6":"pwb-brand-equipo-medico-verathon","7":"product_cat-escaneres-de-vejiga","8":"product_cat-ultrasonidos","9":"product_tag-bladderscan-prime","10":"product_tag-verathon","11":"product_tag-verathon-bladderscan","12":"product_tag-verathon-bladderscan-prime","13":"product_tag-verathon-bladderscan-prime-escaneres-de-vejiga","14":"product_tag-verathon-bladderscan-prime-ultrasonidos","15":"product_tag-verathon-prime","17":"first","18":"instock","19":"shipping-taxable","20":"purchasable","21":"product-type-simple"},"acf":[],"brands":[{"id":1362,"name":"Verathon","slug":"equipo-medico-verathon"}],"_links":{"self":[{"href":"https:\/\/www.somatechnology.com\/spanish\/wp-json\/wp\/v2\/product\/9159","targetHints":{"allow":["GET"]}}],"collection":[{"href":"https:\/\/www.somatechnology.com\/spanish\/wp-json\/wp\/v2\/product"}],"about":[{"href":"https:\/\/www.somatechnology.com\/spanish\/wp-json\/wp\/v2\/types\/product"}],"wp:featuredmedia":[{"embeddable":true,"href":"https:\/\/www.somatechnology.com\/spanish\/wp-json\/wp\/v2\/media\/9889"}],"wp:attachment":[{"href":"https:\/\/www.somatechnology.com\/spanish\/wp-json\/wp\/v2\/media?parent=9159"}],"wp:term":[{"taxonomy":"pwb-brand","embeddable":true,"href":"https:\/\/www.somatechnology.com\/spanish\/wp-json\/wp\/v2\/pwb-brand?post=9159"},{"taxonomy":"product_brand","embeddable":true,"href":"https:\/\/www.somatechnology.com\/spanish\/wp-json\/wp\/v2\/product_brand?post=9159"},{"taxonomy":"product_cat","embeddable":true,"href":"https:\/\/www.somatechnology.com\/spanish\/wp-json\/wp\/v2\/product_cat?post=9159"},{"taxonomy":"product_tag","embeddable":true,"href":"https:\/\/www.somatechnology.com\/spanish\/wp-json\/wp\/v2\/product_tag?post=9159"}],"curies":[{"name":"wp","href":"https:\/\/api.w.org\/{rel}","templated":true}]}}