{"id":9164,"date":"2018-03-13T14:29:01","date_gmt":"2018-03-13T14:29:01","guid":{"rendered":"https:\/\/www.somatechnology.com\/spanish\/?post_type=product&#038;p=9164"},"modified":"2023-08-23T06:24:34","modified_gmt":"2023-08-23T10:24:34","slug":"verathon-bladderscan-bvi-6400","status":"publish","type":"product","link":"https:\/\/www.somatechnology.com\/spanish\/equipo-medico-usado-remanufacturado\/imagenologia-radiologia\/ultrasonidos\/verathon-bladderscan-bvi-6400\/","title":{"rendered":"Verathon BladderScan BVI 6400"},"content":{"rendered":"<h2>Verathon BladderScan BVI 6400<\/h2>\n<p>El sistema de gammagrafia de la vejiga de <strong>Verathon BladderScan 6400<\/strong> , con tecnolog\u00eda VMode, es un dispositivo portable del ultrasonido 3D que r\u00e1pidamente, exactamente, y no invasor mide el volumen urinario de la vejiga y el residual poste-vac\u00edo (PVR) en pacientes adultos para ayudar al cuidado m\u00e9dico los proveedores diagnostican, administran y tratan la disfunci\u00f3n urinaria de salida.<\/p>\n<ul>\n<li>Ayuda a evaluar la retenci\u00f3n urinaria y la retenci\u00f3n urinaria postoperatoria (pour)<\/li>\n<li>Ayuda a prevenir la cateterizaci\u00f3n innecesaria<\/li>\n<li>Ayuda a reducir las tasas de infecci\u00f3n de las v\u00edas urinarias asociadas con el cat\u00e9ter (Cauti)<\/li>\n<li>Ayuda a diferenciar entre los tipos de incontinencia para determinar la atenci\u00f3n adecuada<\/li>\n<li>Ayuda a monitorear la recuperaci\u00f3n postoperatoria<\/li>\n<li>Ayuda a mejorar la eficiencia de los profesionales de la salud reduciendo costos y ahorrando tiempo al personal<\/li>\n<\/ul>\n<h3>Informaci\u00f3n General<\/h3>\n<ul>\n<li>Gama de volumen de la vejiga: 0 999 ml<\/li>\n<li>Exactitud: la especificaci\u00f3n siguiente de la exactitud asume el uso por instrucciones, explorando un fantasma equivalente del tejido VERATHON<\/li>\n<li>Volumen de la vejiga: \u00b1 (15% + 15 ml)<\/li>\n<li>Tiempo de la exploraci\u00f3n: menos de 5 segundos<\/li>\n<li>Intervalo de anotaci\u00f3n de voz: 10 segundos<\/li>\n<li>Peso: menos de 11 onzas (309 gramos)<\/li>\n<li>Energ\u00eda: bater\u00eda recargable del litio-ion 3.7 v<\/li>\n<li>Exhibici\u00f3n: cristal l\u00edquido<\/li>\n<li>Resistencia de agua: clasificado en IPX1 (indica a prueba de goteo, un nivel m\u00e1s alto que ordinario de protecci\u00f3n contra goteos, escapes, y derramamientos)<\/li>\n<\/ul>\n<h3>Condiciones de funcionamiento<\/h3>\n<ul>\n<li>Temperatura: 50 \u00ba \u2013 104 \u00ba f (10 \u00b0 \u2013 40 \u00b0 c)<\/li>\n<li>Humedad relativa: 30 \u2013 75% sin condensaci\u00f3n<\/li>\n<li>Rango de presi\u00f3n atmosf\u00e9rica: 70\u2013106 kPa<\/li>\n<\/ul>\n<h3>Condiciones de almacenamiento<\/h3>\n<ul>\n<li>Almacenaje: de interior<\/li>\n<li>Rango de temperatura ambiente: 14 \u00b0 \u2013 122 \u00ba f (10 \u00b0 \u2013 50 \u00ba c)<\/li>\n<li>Rango de presi\u00f3n atmosf\u00e9rica: 50 \u2013 106 kPa<\/li>\n<li>Humedad relativa: 20 \u2013 95% sin condensaci\u00f3n<\/li>\n<\/ul>\n<p>&nbsp;<\/p>\n<p>&nbsp;<\/p>\n","protected":false},"excerpt":{"rendered":"<p>Esc\u00e1neres de Vejiga<\/p>\n","protected":false},"featured_media":9838,"template":"","meta":{"_acf_changed":false,"_relevanssi_hide_post":"","_relevanssi_hide_content":"","_relevanssi_pin_for_all":"","_relevanssi_pin_keywords":"","_relevanssi_unpin_keywords":"","_relevanssi_related_keywords":"","_relevanssi_related_include_ids":"","_relevanssi_related_exclude_ids":"","_relevanssi_related_no_append":"","_relevanssi_related_not_related":"","_relevanssi_related_posts":"","_relevanssi_noindex_reason":"","inline_featured_image":false},"pwb-brand":[1362],"product_brand":[],"product_cat":[91,1157],"product_tag":[1001,1990,1989,2041,2043,2042],"class_list":{"0":"post-9164","1":"product","2":"type-product","3":"status-publish","4":"has-post-thumbnail","6":"pwb-brand-equipo-medico-verathon","7":"product_cat-ultrasonidos","8":"product_cat-escaneres-de-vejiga","9":"product_tag-verathon","10":"product_tag-verathon-bladderscan","11":"product_tag-verathon-bladderscan-bvi","12":"product_tag-verathon-bladderscan-bvi-6400","13":"product_tag-verathon-bvi","14":"product_tag-verathon-bvi-6400","16":"first","17":"instock","18":"shipping-taxable","19":"purchasable","20":"product-type-simple"},"acf":[],"brands":[{"id":1362,"name":"Verathon","slug":"equipo-medico-verathon"}],"_links":{"self":[{"href":"https:\/\/www.somatechnology.com\/spanish\/wp-json\/wp\/v2\/product\/9164","targetHints":{"allow":["GET"]}}],"collection":[{"href":"https:\/\/www.somatechnology.com\/spanish\/wp-json\/wp\/v2\/product"}],"about":[{"href":"https:\/\/www.somatechnology.com\/spanish\/wp-json\/wp\/v2\/types\/product"}],"wp:featuredmedia":[{"embeddable":true,"href":"https:\/\/www.somatechnology.com\/spanish\/wp-json\/wp\/v2\/media\/9838"}],"wp:attachment":[{"href":"https:\/\/www.somatechnology.com\/spanish\/wp-json\/wp\/v2\/media?parent=9164"}],"wp:term":[{"taxonomy":"pwb-brand","embeddable":true,"href":"https:\/\/www.somatechnology.com\/spanish\/wp-json\/wp\/v2\/pwb-brand?post=9164"},{"taxonomy":"product_brand","embeddable":true,"href":"https:\/\/www.somatechnology.com\/spanish\/wp-json\/wp\/v2\/product_brand?post=9164"},{"taxonomy":"product_cat","embeddable":true,"href":"https:\/\/www.somatechnology.com\/spanish\/wp-json\/wp\/v2\/product_cat?post=9164"},{"taxonomy":"product_tag","embeddable":true,"href":"https:\/\/www.somatechnology.com\/spanish\/wp-json\/wp\/v2\/product_tag?post=9164"}],"curies":[{"name":"wp","href":"https:\/\/api.w.org\/{rel}","templated":true}]}}