{"id":9182,"date":"2018-03-13T15:35:06","date_gmt":"2018-03-13T15:35:06","guid":{"rendered":"https:\/\/www.somatechnology.com\/spanish\/?post_type=product&#038;p=9182"},"modified":"2025-06-20T16:28:10","modified_gmt":"2025-06-20T20:28:10","slug":"olympus-cv-180-complete-system","status":"publish","type":"product","link":"https:\/\/www.somatechnology.com\/spanish\/equipo-medico-usado-remanufacturado\/sistema-de-video-endoscopia\/sistemas-completos-de-endoscopia\/olympus-cv-180-complete-system\/","title":{"rendered":"Olympus CV-180 Complete System"},"content":{"rendered":"<h2>CARACTER\u00cdSTICAS DE OLYMPUS CV-180<\/h2>\n<p>El sistema completo de endoscopia <strong>OIympus CV-180<\/strong> est\u00e1 equipado con una capacidad de imagen HDTV de alta resoluci\u00f3n. Esto ayuda a garantizar la mejor calidad de imagen posible para los procedimientos endosc\u00f3picos y laparosc\u00f3picos. La torre de endoscopia CV-180 es compatible con los endoscopios de las series EVIS 100, 130, 140 y EVIS EXERA 160, as\u00ed como con broncoscopios y endoscopios quir\u00fargicos.<\/p>\n<ul>\n<li>Procesador Olympus CV-180 con cable de conexi\u00f3n<\/li>\n<li>Fuente de luz de xen\u00f3n Olympus CLV-180<\/li>\n<li>Videocolonoscopio de la serie 180 (Opcional)<\/li>\n<li>Video-Gastroscopio Serie 180 (Opcional)<\/li>\n<li>Teclado<\/li>\n<li>Monitor de alta resoluci\u00f3n<\/li>\n<li>Carro de endoscopia<\/li>\n<li>Diferentes configuraciones disponibles<\/li>\n<\/ul>\n","protected":false},"excerpt":{"rendered":"<p>El sistema completo de endoscopia OIympus CV-180 est\u00e1 equipado con una capacidad de imagen HDTV de alta resoluci\u00f3n. Esto ayuda a garantizar la mejor calidad de imagen posible para los procedimientos endosc\u00f3picos y laparosc\u00f3picos. La torre de endoscopia CV-180 es compatible con los endoscopios de las series EVIS 100, 130, 140 y EVIS EXERA 160, as\u00ed como con broncoscopios y endoscopios quir\u00fargicos.<\/p>\n","protected":false},"featured_media":20523,"template":"","meta":{"_acf_changed":false,"_relevanssi_hide_post":"","_relevanssi_hide_content":"","_relevanssi_pin_for_all":"","_relevanssi_pin_keywords":"","_relevanssi_unpin_keywords":"","_relevanssi_related_keywords":"","_relevanssi_related_include_ids":"","_relevanssi_related_exclude_ids":"","_relevanssi_related_no_append":"","_relevanssi_related_not_related":"","_relevanssi_related_posts":"","_relevanssi_noindex_reason":"","inline_featured_image":false},"pwb-brand":[1080],"product_brand":[],"product_cat":[84,7012,7025],"product_tag":[2058,138,611,2056,2057,6770,2055,4042,3557],"class_list":{"0":"post-9182","1":"product","2":"type-product","3":"status-publish","4":"has-post-thumbnail","6":"pwb-brand-equipo-medico-olympus","7":"product_cat-sistema-de-video-endoscopia","8":"product_cat-sistemas-completos-de-endoscopia","9":"product_cat-video-endoscopia-y-laparoscopia","10":"product_tag-cv-180-system","11":"product_tag-olympus","12":"product_tag-olympus-cv","13":"product_tag-olympus-cv-180","14":"product_tag-olympus-cv-180-complete-system","15":"product_tag-olympus-cv-180-sistema-de-video-endoscopia","16":"product_tag-olympus-cv-180-system","17":"product_tag-olympus-sistema-de-video-endoscopia","18":"product_tag-sistema-de-video-endoscopia","20":"first","21":"instock","22":"shipping-taxable","23":"purchasable","24":"product-type-simple"},"acf":[],"brands":[{"id":1080,"name":"Olympus","slug":"equipo-medico-olympus"}],"_links":{"self":[{"href":"https:\/\/www.somatechnology.com\/spanish\/wp-json\/wp\/v2\/product\/9182","targetHints":{"allow":["GET"]}}],"collection":[{"href":"https:\/\/www.somatechnology.com\/spanish\/wp-json\/wp\/v2\/product"}],"about":[{"href":"https:\/\/www.somatechnology.com\/spanish\/wp-json\/wp\/v2\/types\/product"}],"wp:featuredmedia":[{"embeddable":true,"href":"https:\/\/www.somatechnology.com\/spanish\/wp-json\/wp\/v2\/media\/20523"}],"wp:attachment":[{"href":"https:\/\/www.somatechnology.com\/spanish\/wp-json\/wp\/v2\/media?parent=9182"}],"wp:term":[{"taxonomy":"pwb-brand","embeddable":true,"href":"https:\/\/www.somatechnology.com\/spanish\/wp-json\/wp\/v2\/pwb-brand?post=9182"},{"taxonomy":"product_brand","embeddable":true,"href":"https:\/\/www.somatechnology.com\/spanish\/wp-json\/wp\/v2\/product_brand?post=9182"},{"taxonomy":"product_cat","embeddable":true,"href":"https:\/\/www.somatechnology.com\/spanish\/wp-json\/wp\/v2\/product_cat?post=9182"},{"taxonomy":"product_tag","embeddable":true,"href":"https:\/\/www.somatechnology.com\/spanish\/wp-json\/wp\/v2\/product_tag?post=9182"}],"curies":[{"name":"wp","href":"https:\/\/api.w.org\/{rel}","templated":true}]}}