{"id":9184,"date":"2018-03-13T15:45:13","date_gmt":"2018-03-13T15:45:13","guid":{"rendered":"https:\/\/www.somatechnology.com\/spanish\/?post_type=product&#038;p=9184"},"modified":"2025-12-11T00:13:18","modified_gmt":"2025-12-11T05:13:18","slug":"pentax-epk-1000-complete-system","status":"publish","type":"product","link":"https:\/\/www.somatechnology.com\/spanish\/equipo-medico-usado-remanufacturado\/sistema-de-video-endoscopia\/sistemas-completos-de-endoscopia\/pentax-epk-1000-complete-system\/","title":{"rendered":"Pentax EPK-1000 Complete System"},"content":{"rendered":"<div class=\"wpb-content-wrapper\"><p>[vc_row][vc_column][vc_column_text css=\u00bb\u00bb]<\/p>\n<h2>Pentax EPK-1000<\/h2>\n<h3><em>Sistema Completo de Colonoscopia<\/em><\/h3>\n<ul>\n<li>Pentax GDF concept1 (flexibilidad graduada) proporciona el funcionamiento \u00f3ptimo del control de la inserci\u00f3n de la colonoscopia y de la evitaci\u00f3n de lazos.<\/li>\n<li>Cuerpo de control dise\u00f1ado ergon\u00f3micamente y botones del control remoto para procedimientos m\u00e1s r\u00e1pidos y fatiga reducida del usuario.<\/li>\n<li>Conector anti-bucle de Pentax: la cabeza del conector rotativo de hasta 180 \u00b0 permite mejorar la seguridad y la maniobrabilidad del usuario.<\/li>\n<li>Los canales de trabajo de tama\u00f1o \u00f3ptimo facilitan las mejores pr\u00e1cticas terap\u00e9uticas.<\/li>\n<li>Mejor desviaci\u00f3n de la punta para una navegaci\u00f3n mejorada y vistas \u00f3ptimas.<\/li>\n<li>Un mejor rendimiento de reprocesamiento con el nuevo sello de seguridad Pentax.<\/li>\n<li>Ofrece im\u00e1genes de gran formato con una impresionante reproducci\u00f3n de color y claridad de imagen para evaluaciones efectivas de la mucosa.<\/li>\n<li>Procesador Pentax EPK-1000<\/li>\n<li>Fuente de luz del xen\u00f3n<\/li>\n<li>Video gastroscopio<\/li>\n<li>Video Colonoscope<\/li>\n<li>Monitor de alta resoluci\u00f3n<\/li>\n<\/ul>\n<p>[\/vc_column_text][\/vc_column][\/vc_row]<\/p>\n<\/div>","protected":false},"excerpt":{"rendered":"<p>Sistema de Video Endoscopia<\/p>\n","protected":false},"featured_media":20526,"template":"","meta":{"_acf_changed":false,"_relevanssi_hide_post":"","_relevanssi_hide_content":"","_relevanssi_pin_for_all":"","_relevanssi_pin_keywords":"","_relevanssi_unpin_keywords":"","_relevanssi_related_keywords":"","_relevanssi_related_include_ids":"","_relevanssi_related_exclude_ids":"","_relevanssi_related_no_append":"","_relevanssi_related_not_related":"","_relevanssi_related_posts":"","_relevanssi_noindex_reason":"","inline_featured_image":false},"pwb-brand":[1314],"product_brand":[],"product_cat":[84,7012],"product_tag":[2061,622,620,619,2059,2060],"class_list":{"0":"post-9184","1":"product","2":"type-product","3":"status-publish","4":"has-post-thumbnail","6":"pwb-brand-equipo-de-endoscopia-pentax","7":"product_cat-sistema-de-video-endoscopia","8":"product_cat-sistemas-completos-de-endoscopia","9":"product_tag-epk-1000-complete-system","10":"product_tag-pentax","11":"product_tag-pentax-epk","12":"product_tag-pentax-epk-1000","13":"product_tag-pentax-epk-1000-complete-system","14":"product_tag-pentax-epk-1000-system","16":"first","17":"instock","18":"shipping-taxable","19":"purchasable","20":"product-type-simple"},"acf":[],"brands":[{"id":1314,"name":"Pentax","slug":"equipo-de-endoscopia-pentax"}],"_links":{"self":[{"href":"https:\/\/www.somatechnology.com\/spanish\/wp-json\/wp\/v2\/product\/9184","targetHints":{"allow":["GET"]}}],"collection":[{"href":"https:\/\/www.somatechnology.com\/spanish\/wp-json\/wp\/v2\/product"}],"about":[{"href":"https:\/\/www.somatechnology.com\/spanish\/wp-json\/wp\/v2\/types\/product"}],"wp:featuredmedia":[{"embeddable":true,"href":"https:\/\/www.somatechnology.com\/spanish\/wp-json\/wp\/v2\/media\/20526"}],"wp:attachment":[{"href":"https:\/\/www.somatechnology.com\/spanish\/wp-json\/wp\/v2\/media?parent=9184"}],"wp:term":[{"taxonomy":"pwb-brand","embeddable":true,"href":"https:\/\/www.somatechnology.com\/spanish\/wp-json\/wp\/v2\/pwb-brand?post=9184"},{"taxonomy":"product_brand","embeddable":true,"href":"https:\/\/www.somatechnology.com\/spanish\/wp-json\/wp\/v2\/product_brand?post=9184"},{"taxonomy":"product_cat","embeddable":true,"href":"https:\/\/www.somatechnology.com\/spanish\/wp-json\/wp\/v2\/product_cat?post=9184"},{"taxonomy":"product_tag","embeddable":true,"href":"https:\/\/www.somatechnology.com\/spanish\/wp-json\/wp\/v2\/product_tag?post=9184"}],"curies":[{"name":"wp","href":"https:\/\/api.w.org\/{rel}","templated":true}]}}