{"id":9199,"date":"2018-03-14T15:00:49","date_gmt":"2018-03-14T15:00:49","guid":{"rendered":"https:\/\/www.somatechnology.com\/spanish\/?post_type=product&#038;p=9199"},"modified":"2023-08-23T06:24:48","modified_gmt":"2023-08-23T10:24:48","slug":"stryker-sdc-ultra-2","status":"publish","type":"product","link":"https:\/\/www.somatechnology.com\/spanish\/equipo-medico-usado-remanufacturado\/sistema-de-video-endoscopia\/sistemas-completos-de-endoscopia\/capturadores-de-imagenes\/stryker-sdc-ultra-2\/","title":{"rendered":"Stryker SDC Ultra Image Capture Device"},"content":{"rendered":"<h2>Dispositivo de captura de im\u00e1genes Stryker SDC Ultra<\/h2>\n<ul>\n<li>Pantalla t\u00e1ctil integrada de rotaci\u00f3n dual.<\/li>\n<li>Programaci\u00f3n de pacientes con carga frontal.<\/li>\n<li>Integraci\u00f3n completa con PACS y red hospitalaria.<\/li>\n<li>Anotaciones f\u00e1cilmente personalizables (por especialidad y procedimiento).<\/li>\n<li>Interfaz gr\u00e1fica intuitiva y f\u00e1cil de usar.<\/li>\n<\/ul>\n<p>&nbsp;<\/p>\n","protected":false},"excerpt":{"rendered":"<p>Dispositivo de captura de im\u00e1genes Stryker SDC Ultra Pantalla t\u00e1ctil integrada de rotaci\u00f3n dual. Programaci\u00f3n de pacientes con carga frontal. Integraci\u00f3n completa con PACS&#8230;<\/p>\n","protected":false},"featured_media":9435,"template":"","meta":{"_acf_changed":false,"_relevanssi_hide_post":"","_relevanssi_hide_content":"","_relevanssi_pin_for_all":"","_relevanssi_pin_keywords":"","_relevanssi_unpin_keywords":"","_relevanssi_related_keywords":"","_relevanssi_related_include_ids":"","_relevanssi_related_exclude_ids":"","_relevanssi_related_no_append":"","_relevanssi_related_not_related":"","_relevanssi_related_posts":"","_relevanssi_noindex_reason":"","inline_featured_image":false},"pwb-brand":[1079],"product_brand":[],"product_cat":[63],"product_tag":[2073,178,2072,2071,2070],"class_list":{"0":"post-9199","1":"product","2":"type-product","3":"status-publish","4":"has-post-thumbnail","6":"pwb-brand-equipo-medico-stryker","7":"product_cat-capturadores-de-imagenes","8":"product_tag-sdc-ultra","9":"product_tag-stryker","10":"product_tag-stryker-sdc","11":"product_tag-stryker-sdc-ultra","12":"product_tag-stryker-sdcultra","14":"first","15":"instock","16":"shipping-taxable","17":"purchasable","18":"product-type-simple"},"acf":[],"brands":[{"id":1079,"name":"Stryker","slug":"equipo-medico-stryker"}],"_links":{"self":[{"href":"https:\/\/www.somatechnology.com\/spanish\/wp-json\/wp\/v2\/product\/9199","targetHints":{"allow":["GET"]}}],"collection":[{"href":"https:\/\/www.somatechnology.com\/spanish\/wp-json\/wp\/v2\/product"}],"about":[{"href":"https:\/\/www.somatechnology.com\/spanish\/wp-json\/wp\/v2\/types\/product"}],"wp:featuredmedia":[{"embeddable":true,"href":"https:\/\/www.somatechnology.com\/spanish\/wp-json\/wp\/v2\/media\/9435"}],"wp:attachment":[{"href":"https:\/\/www.somatechnology.com\/spanish\/wp-json\/wp\/v2\/media?parent=9199"}],"wp:term":[{"taxonomy":"pwb-brand","embeddable":true,"href":"https:\/\/www.somatechnology.com\/spanish\/wp-json\/wp\/v2\/pwb-brand?post=9199"},{"taxonomy":"product_brand","embeddable":true,"href":"https:\/\/www.somatechnology.com\/spanish\/wp-json\/wp\/v2\/product_brand?post=9199"},{"taxonomy":"product_cat","embeddable":true,"href":"https:\/\/www.somatechnology.com\/spanish\/wp-json\/wp\/v2\/product_cat?post=9199"},{"taxonomy":"product_tag","embeddable":true,"href":"https:\/\/www.somatechnology.com\/spanish\/wp-json\/wp\/v2\/product_tag?post=9199"}],"curies":[{"name":"wp","href":"https:\/\/api.w.org\/{rel}","templated":true}]}}