{"id":9209,"date":"2018-03-14T15:56:51","date_gmt":"2018-03-14T15:56:51","guid":{"rendered":"https:\/\/www.somatechnology.com\/spanish\/?post_type=product&#038;p=9209"},"modified":"2025-12-11T04:05:57","modified_gmt":"2025-12-11T09:05:57","slug":"medicap-usb-170-image-capture-device","status":"publish","type":"product","link":"https:\/\/www.somatechnology.com\/spanish\/equipo-medico-usado-remanufacturado\/sistema-de-video-endoscopia\/sistemas-completos-de-endoscopia\/capturadores-de-imagenes\/medicap-usb-170-image-capture-device\/","title":{"rendered":"MediCap USB 170 Image Capture Device"},"content":{"rendered":"<div class=\"wpb-content-wrapper\"><p>[vc_row][vc_column][vc_column_text css=\u00bb\u00bb]<\/p>\n<h2>Dispositivo de captura de im\u00e1genes MediCap USB 170<\/h2>\n<p>El MediCap USB170 es la manera f\u00e1cil de capturar im\u00e1genes fijas de sus procedimientos m\u00e9dicos. Las im\u00e1genes se graban directamente en una unidad flash USB o en un disco duro opcional. Cuando termine de grabar, simplemente conecte la unidad Flash a cualquier computadora. Luego puedes ver, archivar, editar, compartir, etc. El USB170 es tan f\u00e1cil de usar, usted estar\u00e1 guardando im\u00e1genes s\u00f3lo minutos despu\u00e9s de desempaquetarlo \u2013 no se necesita entrenamiento y es f\u00e1cil de conectar. El USB170 es compatible con todas las c\u00e1maras m\u00e9dicas de la definici\u00f3n est\u00e1ndar incluyendo los endoscopios, los artroscopios, los microscopios quir\u00fargicos, los Arcos en C, los ultrasonidos, el etc.<\/p>\n<h3>Tipo de dispositivo<\/h3>\n<ul>\n<li>Registrador m\u00e9dico de la imagen inm\u00f3vil<\/li>\n<li>Graba im\u00e1genes fijas en la definici\u00f3n est\u00e1ndar de un video m\u00e9dico<\/li>\n<\/ul>\n<h3>Media<\/h3>\n<ul>\n<li>Expedientes a la impulsi\u00f3n del flash del USB (incluida) o impulsi\u00f3n dura del USB (no incluida)<\/li>\n<\/ul>\n<h3>Monitor<\/h3>\n<ul>\n<li>2 1\/2\u201d LCD (s\u00f3lo para confirmaci\u00f3n de v\u00eddeo; no para el diagn\u00f3stico)<\/li>\n<\/ul>\n<h3>Video In \/ Out<\/h3>\n<ul>\n<li>PAL or NTSC<\/li>\n<\/ul>\n<h3>Image Formats<\/h3>\n<ul>\n<li>JPG<\/li>\n<li>TIF<\/li>\n<li>PNG<\/li>\n<li>DICOM<\/li>\n<\/ul>\n<h3>Image Sizes<\/h3>\n<ul>\n<li>1280 x 1024 pixels<\/li>\n<li>1024 x 768 pixels<\/li>\n<li>800 x 600 pixels<\/li>\n<li>640 x 480 pixels<\/li>\n<\/ul>\n<h3>Apoyo USB<\/h3>\n<ul>\n<li>USB 2.0, de alta velocidad<\/li>\n<li>1 conector frontal<\/li>\n<li>3 conectores traseros red Ethernet T10\/100 conexi\u00f3n a trav\u00e9s de la red kit actualizado (opcional)<\/li>\n<\/ul>\n<h3>Soporte Pedal Opcional<\/h3>\n<ul>\n<li>Mini jack est\u00e1ndar de 3,5 mm (pedal opcional)<\/li>\n<\/ul>\n<h3>Tama\u00f1o mec\u00e1nico<\/h3>\n<ul>\n<li>240 x 200 x 63m\/9,5 x 7,9 x 2,5 \u00ab<\/li>\n<li>Peso: 1.7 kg\/3lb 12 oz<\/li>\n<\/ul>\n<h3>Temperatura de almacenamiento y operaci\u00f3n<\/h3>\n<ul>\n<li>Almacenaje:-40 \u00b0 a + 85 \u00b0 C<\/li>\n<li>Funcionamiento:-20 \u00b0 a + 40 \u00b0 C<\/li>\n<\/ul>\n<h3>Voltaje<\/h3>\n<ul>\n<li>AC 100-240V 50\/60Hz 20W<\/li>\n<li>3-prong AC jack<\/li>\n<\/ul>\n<h3>Certificaciones<\/h3>\n<ul>\n<li>CE 93\/42\/EEC<\/li>\n<li>IEC 60601-1:2005<\/li>\n<li>ANSI\/AAMI ES60601-1:2005<\/li>\n<li>CAN\/CSA C22.2 No.60601-1:2008<\/li>\n<li>E361228<\/li>\n<li>FCC Part 15<\/li>\n<li>FDA Class 1<\/li>\n<li>RoHS<\/li>\n<\/ul>\n<h3>Contenido del kit<\/h3>\n<ul>\n<li>MediCap USB170<\/li>\n<li>USB flash drive<\/li>\n<li>Power cable<\/li>\n<li>Video cables<\/li>\n<li>User guide<\/li>\n<\/ul>\n<p>&nbsp;<\/p>\n<div id=\"mttContainer\" class=\"notranslate\" style=\"transform: translate(142px, 52px);\" aria-expanded=\"false\"><\/div>\n<p>[\/vc_column_text][\/vc_column][\/vc_row]<\/p>\n<\/div>","protected":false},"excerpt":{"rendered":"<p>[vc_row][vc_column][vc_column_text css=\u00bb\u00bb] Dispositivo de captura de im\u00e1genes MediCap USB 170 El MediCap USB170 es la manera f\u00e1cil de capturar im\u00e1genes fijas de sus procedimientos&#8230;<\/p>\n","protected":false},"featured_media":10328,"template":"","meta":{"_acf_changed":false,"_relevanssi_hide_post":"","_relevanssi_hide_content":"","_relevanssi_pin_for_all":"","_relevanssi_pin_keywords":"","_relevanssi_unpin_keywords":"","_relevanssi_related_keywords":"","_relevanssi_related_include_ids":"","_relevanssi_related_exclude_ids":"","_relevanssi_related_no_append":"","_relevanssi_related_not_related":"","_relevanssi_related_posts":"","_relevanssi_noindex_reason":"","inline_featured_image":false},"pwb-brand":[1097],"product_brand":[],"product_cat":[63],"product_tag":[2088,2087,2086,2085,2084,2089],"class_list":{"0":"post-9209","1":"product","2":"type-product","3":"status-publish","4":"has-post-thumbnail","6":"pwb-brand-medicap","7":"product_cat-capturadores-de-imagenes","8":"product_tag-medicap","9":"product_tag-medicap-usb","10":"product_tag-medicap-usb-170","11":"product_tag-medicap-usb-170-image","12":"product_tag-medicap-usb-170-image-capture-device","13":"product_tag-usb-170-image-capture-device","15":"first","16":"instock","17":"shipping-taxable","18":"purchasable","19":"product-type-simple"},"acf":[],"brands":[{"id":1097,"name":"Medicap","slug":"medicap"}],"_links":{"self":[{"href":"https:\/\/www.somatechnology.com\/spanish\/wp-json\/wp\/v2\/product\/9209","targetHints":{"allow":["GET"]}}],"collection":[{"href":"https:\/\/www.somatechnology.com\/spanish\/wp-json\/wp\/v2\/product"}],"about":[{"href":"https:\/\/www.somatechnology.com\/spanish\/wp-json\/wp\/v2\/types\/product"}],"wp:featuredmedia":[{"embeddable":true,"href":"https:\/\/www.somatechnology.com\/spanish\/wp-json\/wp\/v2\/media\/10328"}],"wp:attachment":[{"href":"https:\/\/www.somatechnology.com\/spanish\/wp-json\/wp\/v2\/media?parent=9209"}],"wp:term":[{"taxonomy":"pwb-brand","embeddable":true,"href":"https:\/\/www.somatechnology.com\/spanish\/wp-json\/wp\/v2\/pwb-brand?post=9209"},{"taxonomy":"product_brand","embeddable":true,"href":"https:\/\/www.somatechnology.com\/spanish\/wp-json\/wp\/v2\/product_brand?post=9209"},{"taxonomy":"product_cat","embeddable":true,"href":"https:\/\/www.somatechnology.com\/spanish\/wp-json\/wp\/v2\/product_cat?post=9209"},{"taxonomy":"product_tag","embeddable":true,"href":"https:\/\/www.somatechnology.com\/spanish\/wp-json\/wp\/v2\/product_tag?post=9209"}],"curies":[{"name":"wp","href":"https:\/\/api.w.org\/{rel}","templated":true}]}}