{"id":9212,"date":"2018-03-14T16:15:20","date_gmt":"2018-03-14T16:15:20","guid":{"rendered":"https:\/\/www.somatechnology.com\/spanish\/?post_type=product&#038;p=9212"},"modified":"2025-12-10T04:24:55","modified_gmt":"2025-12-10T09:24:55","slug":"medicap-usb200-image-capture-device","status":"publish","type":"product","link":"https:\/\/www.somatechnology.com\/spanish\/equipo-medico-usado-remanufacturado\/sistema-de-video-endoscopia\/sistemas-completos-de-endoscopia\/capturadores-de-imagenes\/medicap-usb200-image-capture-device\/","title":{"rendered":"Dispositivo de captura de im\u00e1genes MediCap USB200"},"content":{"rendered":"<div class=\"wpb-content-wrapper\"><p>[vc_row][vc_column][vc_column_text css=\u00bb\u00bb]<\/p>\n<ul>\n<li>Captura y almacena im\u00e1genes de v\u00eddeo y a\u00fan digitales en la unidad flash USB.<\/li>\n<li>Monitor LCD a color en el panel frontal.<\/li>\n<li>F\u00e1cil instalaci\u00f3n.<\/li>\n<li>Asequible, peque\u00f1o y portable.<\/li>\n<li>Caracter\u00edsticas de gran alcance, amistosas.<\/li>\n<\/ul>\n<h3>Modelo<\/h3>\n<ul>\n<li>MediCap USB 200<\/li>\n<li>Video m\u00e9dico y dispositivo de captura de im\u00e1genes. Guarda v\u00eddeo digital y im\u00e1genes fijas de fuentes de v\u00eddeo anal\u00f3gicas a USB Flash Drive<\/li>\n<\/ul>\n<h3>Caja<\/h3>\n<ul>\n<li>Una caja met\u00e1lica robusta con la placa frontal de pl\u00e1stico de alto impacto<\/li>\n<\/ul>\n<h3>Monitor LCD<\/h3>\n<ul>\n<li>2 1\/2 inch, a todo color (para la navegaci\u00f3n solamente, no para la diagnosis)<\/li>\n<\/ul>\n<h3>Botones<\/h3>\n<ul>\n<li>Membrana sellada, resistente a los l\u00edquidos<\/li>\n<\/ul>\n<h3>Video<\/h3>\n<ul>\n<li>PAL\/NTSC (interruptor seleccionable)<\/li>\n<li>Conexiones BNC S-video o composite para entrada y salida<\/li>\n<\/ul>\n<h3>Interruptor de pie<\/h3>\n<ul>\n<li>Captura de manos libres est\u00e1ndar de 3,5 mm Mini Jack<\/li>\n<\/ul>\n<h3>Descripci\u00f3n<\/h3>\n<ul>\n<li>Tama\u00f1o: 240 x 200 x 63m\/9,5 x 7,9 x 2,5 pulgadas<\/li>\n<li>Peso: 1.5 kg\/3lb. 3oz. (Appx.)<\/li>\n<\/ul>\n<h3>Temperatura del almacenaje y operaci\u00f3n<\/h3>\n<ul>\n<li>Almacenaje:-40 \u00b0 a + 85 \u00b0 C funcionamiento:-20 \u00b0 a + 40 \u00b0 C<\/li>\n<\/ul>\n<h3>Voltaje<\/h3>\n<ul>\n<li>110\/240V 3-prong AC jack<\/li>\n<\/ul>\n<h3>Media<\/h3>\n<ul>\n<li>MediCapture marca USB Flash Drives (requerido)<\/li>\n<\/ul>\n<h3>Formatos de imagen<\/h3>\n<ul>\n<li>JPEG<\/li>\n<li>TIFF<\/li>\n<li>PNG (upgrade required for DICOM)<\/li>\n<\/ul>\n<h3>Tama\u00f1os de imagen<\/h3>\n<ul>\n<li>1024 x 768 pixels<\/li>\n<li>800 x 600 pixels<\/li>\n<li>640 x 480 pixels<\/li>\n<\/ul>\n<h3>Formatos de v\u00eddeo<\/h3>\n<ul>\n<li>MPEG2 (DVD-quality)<\/li>\n<li>MPEG1<\/li>\n<\/ul>\n<h3>Certificationes<\/h3>\n<ul>\n<li>UL Medical<\/li>\n<li>CE<\/li>\n<li>FCC<\/li>\n<li>FDA clase 1<\/li>\n<\/ul>\n<h3>Contenido del kit<\/h3>\n<ul>\n<li>MediCap USB200<\/li>\n<li>Impulsi\u00f3n del flash del USB<\/li>\n<li>Cables de v\u00eddeo<\/li>\n<li>Cable de alimentaci\u00f3n<\/li>\n<li>Gu\u00eda del usuario<\/li>\n<\/ul>\n<p>[\/vc_column_text][\/vc_column][\/vc_row]<\/p>\n<\/div>","protected":false},"excerpt":{"rendered":"<p>[vc_row][vc_column][vc_column_text css=\u00bb\u00bb] Captura y almacena im\u00e1genes de v\u00eddeo y a\u00fan digitales en la unidad flash USB. Monitor LCD a color en el panel frontal&#8230;.<\/p>\n","protected":false},"featured_media":10329,"template":"","meta":{"_acf_changed":false,"_relevanssi_hide_post":"","_relevanssi_hide_content":"","_relevanssi_pin_for_all":"","_relevanssi_pin_keywords":"","_relevanssi_unpin_keywords":"","_relevanssi_related_keywords":"","_relevanssi_related_include_ids":"","_relevanssi_related_exclude_ids":"","_relevanssi_related_no_append":"","_relevanssi_related_not_related":"","_relevanssi_related_posts":"","_relevanssi_noindex_reason":"","inline_featured_image":false},"pwb-brand":[1097],"product_brand":[],"product_cat":[63],"product_tag":[2088,2093,2091,2092,2090,2094],"class_list":{"0":"post-9212","1":"product","2":"type-product","3":"status-publish","4":"has-post-thumbnail","6":"pwb-brand-medicap","7":"product_cat-capturadores-de-imagenes","8":"product_tag-medicap","9":"product_tag-medicap-usb-200","10":"product_tag-medicap-usb-200-image-capture-device","11":"product_tag-medicap-usb200","12":"product_tag-medicap-usb200-image-capture-device","13":"product_tag-usb200-image-capture-device","15":"first","16":"instock","17":"shipping-taxable","18":"purchasable","19":"product-type-simple"},"acf":[],"brands":[{"id":1097,"name":"Medicap","slug":"medicap"}],"_links":{"self":[{"href":"https:\/\/www.somatechnology.com\/spanish\/wp-json\/wp\/v2\/product\/9212","targetHints":{"allow":["GET"]}}],"collection":[{"href":"https:\/\/www.somatechnology.com\/spanish\/wp-json\/wp\/v2\/product"}],"about":[{"href":"https:\/\/www.somatechnology.com\/spanish\/wp-json\/wp\/v2\/types\/product"}],"wp:featuredmedia":[{"embeddable":true,"href":"https:\/\/www.somatechnology.com\/spanish\/wp-json\/wp\/v2\/media\/10329"}],"wp:attachment":[{"href":"https:\/\/www.somatechnology.com\/spanish\/wp-json\/wp\/v2\/media?parent=9212"}],"wp:term":[{"taxonomy":"pwb-brand","embeddable":true,"href":"https:\/\/www.somatechnology.com\/spanish\/wp-json\/wp\/v2\/pwb-brand?post=9212"},{"taxonomy":"product_brand","embeddable":true,"href":"https:\/\/www.somatechnology.com\/spanish\/wp-json\/wp\/v2\/product_brand?post=9212"},{"taxonomy":"product_cat","embeddable":true,"href":"https:\/\/www.somatechnology.com\/spanish\/wp-json\/wp\/v2\/product_cat?post=9212"},{"taxonomy":"product_tag","embeddable":true,"href":"https:\/\/www.somatechnology.com\/spanish\/wp-json\/wp\/v2\/product_tag?post=9212"}],"curies":[{"name":"wp","href":"https:\/\/api.w.org\/{rel}","templated":true}]}}