{"id":9215,"date":"2018-03-14T16:30:19","date_gmt":"2018-03-14T16:30:19","guid":{"rendered":"https:\/\/www.somatechnology.com\/spanish\/?post_type=product&#038;p=9215"},"modified":"2025-12-11T03:57:21","modified_gmt":"2025-12-11T08:57:21","slug":"nai-dicom-box-ca-image-capture-device","status":"publish","type":"product","link":"https:\/\/www.somatechnology.com\/spanish\/equipo-medico-usado-remanufacturado\/sistema-de-video-endoscopia\/sistemas-completos-de-endoscopia\/capturadores-de-imagenes\/nai-dicom-box-ca-image-capture-device\/","title":{"rendered":"NAI DiCOM Box Ca Image Capture Device"},"content":{"rendered":"<div class=\"wpb-content-wrapper\"><p>[vc_row][vc_column][vc_column_text css=\u00bb\u00bb]<\/p>\n<h2>Dispositivo de captura de im\u00e1genes<\/h2>\n<h2>NAI DiCOM Box Ca<\/h2>\n<p>Agregue conectividad de red a pr\u00e1cticamente cualquier sistema de im\u00e1genes basado en v\u00eddeo. La soluci\u00f3n DICOM de v\u00eddeo a DICOM de la caja CA proporciona conectividad \u00abfuera de la plataforma\u00bb para una variedad de aplicaciones de red, como servidores de impresi\u00f3n y de archiving a trav\u00e9s del est\u00e1ndar DiCOM 3,0. Ideal para crear redes de impresi\u00f3n flexibles y escalables o probar diversas modalidades en PACS, redes de Teleradiolog\u00eda e interfaz RIS mediante modalidad Worklist.<\/p>\n<ul>\n<li>Impresi\u00f3n DICOM, tienda DICOM.<\/li>\n<li>Modalidad Worklist<\/li>\n<li>La modalidad realiz\u00f3 el paso del procedimiento (MPPS)<\/li>\n<li>Compromiso de almacenamiento.<\/li>\n<li>Multi-modalidad compatible con m\u00e1s de 250 modelos.<\/li>\n<li>Hospedar tarifas de v\u00eddeo hasta 20 MHz de velocidad de p\u00edxel.<\/li>\n<li>Configuraciones de alta velocidad de l\u00ednea disponibles.<\/li>\n<li>Entrada de v\u00eddeo entrelazada o no entrelazada.<\/li>\n<\/ul>\n<h3>Clases de servicio DiCOM<\/h3>\n<ul>\n<li>Impresi\u00f3n DiCOM<\/li>\n<li>Tienda DiCOM opcional<\/li>\n<li>Modalidad DiCOM opcional Worklist<\/li>\n<li>MPPS DiCOM opcional<\/li>\n<li>Compromiso de almacenamiento DiCOM opcional<\/li>\n<\/ul>\n<h3>Entrada de v\u00eddeo est\u00e1ndar<\/h3>\n<ul>\n<li>V\u00eddeo compuesto monocrom\u00e1tico en la entrada verde<\/li>\n<li>Rojo, verde, azul (RGB) y sincronizaci\u00f3n compuesta (puede ser configurado para la sincronizaci\u00f3n en verde y sincronizaci\u00f3n separada)<\/li>\n<li>Nominal 525\/625 l\u00edneas 30\/25 fps<\/li>\n<li>Entrelazado o no entrelazado<\/li>\n<li>Pixel reloj m\u00ednimo: 7 MHz<\/li>\n<li>Pixel reloj m\u00e1ximo: 20 MHz\/l\u00ednea baja tarifa<\/li>\n<li>Alta tasa de 150 MHz<\/li>\n<\/ul>\n<h3>Adquisici\u00f3n de v\u00eddeo<\/h3>\n<ul>\n<li>Hasta 768 x 580, 20 MHz, 8 bit<\/li>\n<li>Captura de color de un solo marco<\/li>\n<li>Color de 24 pedacitos (colores 16.777.216)<\/li>\n<\/ul>\n<h3>Conectores de red de almacenamiento interno<\/h3>\n<ul>\n<li>Disco duro de 2,2 GB o mayor<\/li>\n<li>Ethernet 10\/100 Base T \u2013 seleccionable<\/li>\n<li>DB15 de alta densidad video de la entrada-salida, pernos femeninos<\/li>\n<li>Red: Gato modular de 8 pernos (RJ45)<\/li>\n<li>Teclado de interfaz del operador; DB9, pernos masculinos<\/li>\n<li>Entrada del control del anfitri\u00f3n: DB9, pernos masculinos<\/li>\n<li>Entrada alejada de la captura: BNC, pernos femeninos<\/li>\n<\/ul>\n<h3>M\u00f3dulo de entrada de energ\u00eda<\/h3>\n<ul>\n<li>115-230 voltios, +\/-15% 47-63 Hz, 120 va<\/li>\n<li>Altura: 3,25 pulgadas (8,25 cm)<\/li>\n<li>Anchura: 10,125 pulgadas (25,72 cm)<\/li>\n<li>Profundidad: 14,125 pulgadas (35,88 cm)<\/li>\n<li>Peso: 8 libras (3,68 kg)<\/li>\n<\/ul>\n<h3>Funcionamiento ambiental<\/h3>\n<ul>\n<li>Temperatura: + 50 \u00b0 f a + 104 \u00b0 f, (+ 10 \u00b0 c + 40 \u00b0 c)<\/li>\n<li>Presi\u00f3n barom\u00e9trica: 700 hPa a 1060 hPa<\/li>\n<li>Humedad relativa: 5% a 80% sin condensaci\u00f3n<\/li>\n<li>Temperatura: + 14 \u00b0 f a + 122 \u00b0 f, (+ 10 \u00b0 c + 50 \u00b0 c)<\/li>\n<li>Humedad relativa: 5% a 85% sin condensaci\u00f3n<\/li>\n<\/ul>\n<h3>Requisitos de liquidaci\u00f3n<\/h3>\n<ul>\n<li>3 pulgadas (7.6 cm) para la conexi\u00f3n del cable del panel trasero<\/li>\n<li>No obstruya el flujo de aire de ventilaci\u00f3n en la parte delantera y trasera del m\u00f3dulo<\/li>\n<\/ul>\n<h3>Clasificaci\u00f3n<\/h3>\n<ul>\n<li>Clase IEC601 I<\/li>\n<li>Equipo ordinario tipo B<\/li>\n<li>Funcionamiento continuo<\/li>\n<\/ul>\n<h3>Aprobaciones de agencias<\/h3>\n<ul>\n<li>UL 60601-1<\/li>\n<li>CAN\/CSA C22.2 NO. 601.1-M90<\/li>\n<li>EN 60601-1-2 Class B Group 1<\/li>\n<li>FCC part 15<\/li>\n<\/ul>\n<h3>Entrada de v\u00eddeo de l\u00ednea alta opcional<\/h3>\n<ul>\n<li>Imagen de la tarifa de la l\u00ednea 150 MHz\/High<\/li>\n<li>Matriz de la imagen m\u00e1xima: 2048 x 1024<\/li>\n<\/ul>\n<h3>Captura de l\u00ednea alta opcional<\/h3>\n<ul>\n<li>Hasta 2048 x 1024, 150MHz, 8 BT mono, color de 24 bits<\/li>\n<\/ul>\n<p>[\/vc_column_text][\/vc_column][\/vc_row]<\/p>\n<\/div>","protected":false},"excerpt":{"rendered":"<p>[vc_row][vc_column][vc_column_text css=\u00bb\u00bb] Dispositivo de captura de im\u00e1genes NAI DiCOM Box Ca Agregue conectividad de red a pr\u00e1cticamente cualquier sistema de im\u00e1genes basado en v\u00eddeo&#8230;.<\/p>\n","protected":false},"featured_media":9217,"template":"","meta":{"_acf_changed":false,"_relevanssi_hide_post":"","_relevanssi_hide_content":"","_relevanssi_pin_for_all":"","_relevanssi_pin_keywords":"","_relevanssi_unpin_keywords":"","_relevanssi_related_keywords":"","_relevanssi_related_include_ids":"","_relevanssi_related_exclude_ids":"","_relevanssi_related_no_append":"","_relevanssi_related_not_related":"","_relevanssi_related_posts":"","_relevanssi_noindex_reason":"","inline_featured_image":false},"pwb-brand":[1096],"product_brand":[],"product_cat":[63],"product_tag":[2100,2099,2098,2097,2096,2095],"class_list":{"0":"post-9215","1":"product","2":"type-product","3":"status-publish","4":"has-post-thumbnail","6":"pwb-brand-nai","7":"product_cat-capturadores-de-imagenes","8":"product_tag-dicom-box-ca-image-capture-device","9":"product_tag-nai","10":"product_tag-nai-dicom","11":"product_tag-nai-dicom-box","12":"product_tag-nai-dicom-box-ca","13":"product_tag-nai-dicom-box-ca-image-capture-device","15":"first","16":"instock","17":"shipping-taxable","18":"purchasable","19":"product-type-simple"},"acf":[],"brands":[{"id":1096,"name":"NAI","slug":"nai"}],"_links":{"self":[{"href":"https:\/\/www.somatechnology.com\/spanish\/wp-json\/wp\/v2\/product\/9215","targetHints":{"allow":["GET"]}}],"collection":[{"href":"https:\/\/www.somatechnology.com\/spanish\/wp-json\/wp\/v2\/product"}],"about":[{"href":"https:\/\/www.somatechnology.com\/spanish\/wp-json\/wp\/v2\/types\/product"}],"wp:featuredmedia":[{"embeddable":true,"href":"https:\/\/www.somatechnology.com\/spanish\/wp-json\/wp\/v2\/media\/9217"}],"wp:attachment":[{"href":"https:\/\/www.somatechnology.com\/spanish\/wp-json\/wp\/v2\/media?parent=9215"}],"wp:term":[{"taxonomy":"pwb-brand","embeddable":true,"href":"https:\/\/www.somatechnology.com\/spanish\/wp-json\/wp\/v2\/pwb-brand?post=9215"},{"taxonomy":"product_brand","embeddable":true,"href":"https:\/\/www.somatechnology.com\/spanish\/wp-json\/wp\/v2\/product_brand?post=9215"},{"taxonomy":"product_cat","embeddable":true,"href":"https:\/\/www.somatechnology.com\/spanish\/wp-json\/wp\/v2\/product_cat?post=9215"},{"taxonomy":"product_tag","embeddable":true,"href":"https:\/\/www.somatechnology.com\/spanish\/wp-json\/wp\/v2\/product_tag?post=9215"}],"curies":[{"name":"wp","href":"https:\/\/api.w.org\/{rel}","templated":true}]}}