{"id":9218,"date":"2018-03-14T16:37:33","date_gmt":"2018-03-14T16:37:33","guid":{"rendered":"https:\/\/www.somatechnology.com\/spanish\/?post_type=product&#038;p=9218"},"modified":"2025-12-11T00:54:15","modified_gmt":"2025-12-11T05:54:15","slug":"nai-dicom-box-ca-3","status":"publish","type":"product","link":"https:\/\/www.somatechnology.com\/spanish\/equipo-medico-usado-remanufacturado\/sistema-de-video-endoscopia\/sistemas-completos-de-endoscopia\/capturadores-de-imagenes\/nai-dicom-box-ca-3\/","title":{"rendered":"NAI DiCOM Box Ca+"},"content":{"rendered":"<div class=\"wpb-content-wrapper\"><p>[vc_row][vc_column][vc_column_text css=\u00bb\u00bb]<\/p>\n<h2>NAI DiCOM Box Ca+<\/h2>\n<p>El DICOM Box CA + cine a DICOM es una interfaz DICOM universal que permite a los usuarios revisar im\u00e1genes din\u00e1micas y bucles de cine fuera de los confines normales de las estaciones de trabajo de modalidad. El CA + cine a DICOM proporciona la adquisici\u00f3n video en tiempo real y la conversi\u00f3n de DICOM de las fuentes monocrom\u00e1ticas y del v\u00eddeo del color, capturando por lo menos diez segundos de datos video adquiridos en 30fps en RGB o monocromo 1K x 1K. Las tasas de adquisici\u00f3n son seleccionables de 3,75 a 30 fps, y los modos de grabaci\u00f3n incluyen R Wave trigger, prospectivo y retrospectivo.<\/p>\n<p>El CA + cine a DICOM simplifica el proceso de conectividad y proporciona adquisici\u00f3n de cine, compresi\u00f3n de im\u00e1genes sin p\u00e9rdidas y p\u00e9rdidas, almac\u00e9n DICOM, impresi\u00f3n, paso de procedimiento realizado y compromiso de almacenamiento para fluoroscopia de ultrasonido y sistemas de angiogr\u00e1ficos cardiaca. El nai DICOM CA + cine a DICOM puede ser completamente integrado a su\/RIS.<\/p>\n<ul>\n<li>Impresi\u00f3n DICOM, tienda DICOM.<\/li>\n<li>Modalidad Worklist.<\/li>\n<li>La modalidad realiz\u00f3 el paso del procedimiento (MPPS).<\/li>\n<li>Compromiso de almacenamiento.<\/li>\n<li>Adquisici\u00f3n de v\u00eddeo en tiempo real de hasta 10 segundos de color RGB o monocromo.<\/li>\n<li>Revisi\u00f3n de reproducci\u00f3n a trav\u00e9s de la pantalla del host o pantalla adjunta VGA\/NTSC.<\/li>\n<li>Compresi\u00f3n de p\u00e9rdida de JPEG compatible con DICOM o transferencia no comprimida.<\/li>\n<li>Entrada de v\u00eddeo entrelazada o no entrelazada.<\/li>\n<\/ul>\n<h3>Clases de servicio DiCOM<\/h3>\n<ul>\n<li>Impresi\u00f3n DICOM<\/li>\n<li>Tienda DICOM<\/li>\n<li>Modalidad DICOM Worklist<\/li>\n<li>Modalidad realizada procedimiento paso de almacenamiento compromiso<\/li>\n<li>Compromiso de almacenamiento<\/li>\n<\/ul>\n<h3>Entrada de v\u00eddeo<\/h3>\n<ul>\n<li>V\u00eddeo compuesto monocrom\u00e1tico en la entrada verde<\/li>\n<li>Rojo, verde, azul (RGB) y sincronizaci\u00f3n compuesta<\/li>\n<li>Compuesto TTL o una sincronizaci\u00f3n separada<\/li>\n<li>Nominal 525\/625 l\u00edneas 30\/25 fps<\/li>\n<li>Entrelazado o no entrelazado<\/li>\n<li>Pixel reloj m\u00ednimo: 7 MHz<\/li>\n<li>Pixel m\u00e1ximo del reloj: 40 MHz\/RGB<\/li>\n<li>120 MHz monocromo<\/li>\n<li>Matriz de la imagen m\u00e1xima: 1024 x 1024 monocromo<\/li>\n<li>800 x 600 RGB<\/li>\n<li>Salida video bloqueada a la entrada de video o al VGA<\/li>\n<\/ul>\n<h3>Adquisici\u00f3n de v\u00eddeo<\/h3>\n<ul>\n<li>Aproximadamente 10 segundos a 30\/25fps<\/li>\n<li>RAM de la adquisici\u00f3n video de 384MB<\/li>\n<li>&gt; 30, 15, 10, 7,5, 6, 5, 4, 3 fps tasas de adquisici\u00f3n<\/li>\n<\/ul>\n<h3>Revisi\u00f3n de la imagen<\/h3>\n<ul>\n<li>Configurable para la reproducci\u00f3n de la imagen a trav\u00e9s de pantalla del anfitri\u00f3n<\/li>\n<li>Reproducci\u00f3n de velocidad de fotograma variable a 30 fps<\/li>\n<\/ul>\n<h3>Compresi\u00f3n de imagen de red<\/h3>\n<ul>\n<li>Ethernet 10\/100 Base T \u2013 seleccionable<\/li>\n<\/ul>\n<ul>\n<li>JPEG con p\u00e9rdida o sin comprimir<\/li>\n<\/ul>\n<h3>Conectores<\/h3>\n<ul>\n<li>DB15 de alta densidad video de la entrada-salida, pernos femeninos<\/li>\n<li>Red: Gato modular de 8 pernos (RJ45)<\/li>\n<li>Teclado de interfaz del operador; DB9, pernos masculinos<\/li>\n<li>Entrada del control del anfitri\u00f3n: DB9, pernos masculinos<\/li>\n<li>Entrada alejada de la captura: BNC, pernos femeninos<\/li>\n<\/ul>\n<h3>M\u00f3dulo de entrada de energ\u00eda<\/h3>\n<ul>\n<li>115-230 voltios, +\/-15% 47-63 Hz, 120 va<\/li>\n<li>Altura del m\u00f3dulo: 3,25 pulgadas (8,25 cm)<\/li>\n<li>Anchura: 10,125 pulgadas (25,72 cm)<\/li>\n<li>Profundidad: 14,125 pulgadas (35,88 cm)<\/li>\n<li>Peso: 8 libras (3,68 kg)<\/li>\n<\/ul>\n<h3>Funcionamiento ambiental<\/h3>\n<ul>\n<li>Temperatura: + 50 \u00b0 f a + 104 \u00b0 f, (+ 10 \u00b0 c + 40 \u00b0 c)<\/li>\n<li>Presi\u00f3n barom\u00e9trica: 700 hPa a 1060 hPa<\/li>\n<li>Humedad relativa: 5% a 80% sin condensaci\u00f3n<\/li>\n<\/ul>\n<h3>Temperatura<\/h3>\n<ul>\n<li>Temperatura: + 14 \u00b0 f a + 122 \u00b0 f, (+ 10 \u00b0 c + 50 \u00b0 c)<\/li>\n<li>Humedad relativa: 5% a 85% sin condensaci\u00f3n<\/li>\n<\/ul>\n<h3>Clearance Requirements<\/h3>\n<ul>\n<li>3 pulgadas (7.6 cm) para la conexi\u00f3n del cable del panel trasero<\/li>\n<li>No obstruya el flujo de aire de ventilaci\u00f3n en la parte delantera y trasera del m\u00f3dulo<\/li>\n<\/ul>\n<h3>Aprobaciones de agencias \/ Clasificaci\u00f3n<\/h3>\n<ul>\n<li>UL 2601-1<\/li>\n<li>IEC601-1<\/li>\n<li>IEC601-1-2<\/li>\n<li>1<\/li>\n<li>FCC part 15<\/li>\n<\/ul>\n<p>[\/vc_column_text][\/vc_column][\/vc_row]<\/p>\n<\/div>","protected":false},"excerpt":{"rendered":"<p>[vc_row][vc_column][vc_column_text css=\u00bb\u00bb] NAI DiCOM Box Ca+ El DICOM Box CA + cine a DICOM es una interfaz DICOM universal que permite a los usuarios&#8230;<\/p>\n","protected":false},"featured_media":10333,"template":"","meta":{"_acf_changed":false,"_relevanssi_hide_post":"","_relevanssi_hide_content":"","_relevanssi_pin_for_all":"","_relevanssi_pin_keywords":"","_relevanssi_unpin_keywords":"","_relevanssi_related_keywords":"","_relevanssi_related_include_ids":"","_relevanssi_related_exclude_ids":"","_relevanssi_related_no_append":"","_relevanssi_related_not_related":"","_relevanssi_related_posts":"","_relevanssi_noindex_reason":"","inline_featured_image":false},"pwb-brand":[1096],"product_brand":[],"product_cat":[63],"product_tag":[2102,2099,2098,2097,2096,2101],"class_list":{"0":"post-9218","1":"product","2":"type-product","3":"status-publish","4":"has-post-thumbnail","6":"pwb-brand-nai","7":"product_cat-capturadores-de-imagenes","8":"product_tag-dicom-box-ca","9":"product_tag-nai","10":"product_tag-nai-dicom","11":"product_tag-nai-dicom-box","12":"product_tag-nai-dicom-box-ca","13":"product_tag-nai-dicom-box-ca-plus","15":"first","16":"instock","17":"shipping-taxable","18":"purchasable","19":"product-type-simple"},"acf":[],"brands":[{"id":1096,"name":"NAI","slug":"nai"}],"_links":{"self":[{"href":"https:\/\/www.somatechnology.com\/spanish\/wp-json\/wp\/v2\/product\/9218","targetHints":{"allow":["GET"]}}],"collection":[{"href":"https:\/\/www.somatechnology.com\/spanish\/wp-json\/wp\/v2\/product"}],"about":[{"href":"https:\/\/www.somatechnology.com\/spanish\/wp-json\/wp\/v2\/types\/product"}],"wp:featuredmedia":[{"embeddable":true,"href":"https:\/\/www.somatechnology.com\/spanish\/wp-json\/wp\/v2\/media\/10333"}],"wp:attachment":[{"href":"https:\/\/www.somatechnology.com\/spanish\/wp-json\/wp\/v2\/media?parent=9218"}],"wp:term":[{"taxonomy":"pwb-brand","embeddable":true,"href":"https:\/\/www.somatechnology.com\/spanish\/wp-json\/wp\/v2\/pwb-brand?post=9218"},{"taxonomy":"product_brand","embeddable":true,"href":"https:\/\/www.somatechnology.com\/spanish\/wp-json\/wp\/v2\/product_brand?post=9218"},{"taxonomy":"product_cat","embeddable":true,"href":"https:\/\/www.somatechnology.com\/spanish\/wp-json\/wp\/v2\/product_cat?post=9218"},{"taxonomy":"product_tag","embeddable":true,"href":"https:\/\/www.somatechnology.com\/spanish\/wp-json\/wp\/v2\/product_tag?post=9218"}],"curies":[{"name":"wp","href":"https:\/\/api.w.org\/{rel}","templated":true}]}}