{"id":9237,"date":"2018-03-14T18:40:44","date_gmt":"2018-03-14T18:40:44","guid":{"rendered":"https:\/\/www.somatechnology.com\/spanish\/?post_type=product&#038;p=9237"},"modified":"2025-12-11T02:45:15","modified_gmt":"2025-12-11T07:45:15","slug":"philips-epiq-5","status":"publish","type":"product","link":"https:\/\/www.somatechnology.com\/spanish\/equipo-medico-usado-remanufacturado\/imagenologia-radiologia\/ultrasonidos\/philips-epiq-5\/","title":{"rendered":"Philips EPIQ 5"},"content":{"rendered":"<div class=\"wpb-content-wrapper\"><p>[vc_row][vc_column][vc_column_text css=\u00bb\u00bb]<\/p>\n<h2>Ultrasonido Philips EPIQ 5<\/h2>\n<p>El sistema de ultrasonido Philips EPIQ 5 re\u00fane las tecnolog\u00edas m\u00e1s novedosas con la ergonom\u00eda que usted desea en un solo sistema. La serie EPIQ ofrece una interfaz f\u00e1cil de usar que se centra en el ahorro del tiempo del operador mientras maximiza el flujo de trabajo. Tecnolog\u00edas como los transductores PureWave de EPIQ junto con la ingenier\u00eda de precisi\u00f3n ofrecen una calidad de imagen excepcional y la confianza para hacer un diagn\u00f3stico informado.<\/p>\n<h3>Informacion General<\/h3>\n<ul>\n<li>Peso ligero: 230 lbs<\/li>\n<li>Altamente ergon\u00f3mico<\/li>\n<li>12 \u00abtableta-como interfaz de usuario de la pantalla t\u00e1ctil<\/li>\n<li>Autodoppler<\/li>\n<li>Monitor de pantalla ancha LCD de 21.5 \u00abde alta resoluci\u00f3n<\/li>\n<li>4 conectores sonda con capacidad de conmutaci\u00f3n r\u00e1pida<\/li>\n<li>PureWave-Crystal-Technology<\/li>\n<li>nSIGHT: im\u00e1genes claras y precisas a lo largo de la imagen manteniendo un mayor tasa<\/li>\n<li>SmartExam y tiempo real iSCAN (Autoscan)<\/li>\n<li>Transductores PureWave<\/li>\n<li>4D Tee<\/li>\n<li>Onda de esquileo y elastograf\u00eda a base de cepas<\/li>\n<li>cuantificaci\u00f3n en 2D LV post-Scan orientado a minimizar la incertidumbre<\/li>\n<li>Exploraci\u00f3n fuera del centro y notificaciones de interferencia del hueso p\u00fabico<\/li>\n<li>Interfaz de usuario intuitiva<\/li>\n<li>Video tutorial a bordo para entrenamiento y facilidad de uso<\/li>\n<li>Calculadora de ahorros personalizable para hacer un seguimiento del costo de propiedad<\/li>\n<\/ul>\n<p>&nbsp;<\/p>\n<p>[\/vc_column_text][\/vc_column][\/vc_row]<\/p>\n<\/div>","protected":false},"excerpt":{"rendered":"<p>Ultrasonidos<\/p>\n","protected":false},"featured_media":9240,"template":"","meta":{"_acf_changed":false,"_relevanssi_hide_post":"","_relevanssi_hide_content":"","_relevanssi_pin_for_all":"","_relevanssi_pin_keywords":"","_relevanssi_unpin_keywords":"","_relevanssi_related_keywords":"","_relevanssi_related_include_ids":"","_relevanssi_related_exclude_ids":"","_relevanssi_related_no_append":"","_relevanssi_related_not_related":"","_relevanssi_related_posts":"","_relevanssi_noindex_reason":"","inline_featured_image":false},"pwb-brand":[1102],"product_brand":[],"product_cat":[91],"product_tag":[231,2125,2138,273,2124,1901,1900],"class_list":{"0":"post-9237","1":"product","2":"type-product","3":"status-publish","4":"has-post-thumbnail","6":"pwb-brand-equipo-medico-philips","7":"product_cat-ultrasonidos","8":"product_tag-231","9":"product_tag-epiq","10":"product_tag-epiq-5","11":"product_tag-philips","12":"product_tag-philips-epiq","13":"product_tag-ultrasonido","14":"product_tag-ultrasonidos","16":"first","17":"instock","18":"shipping-taxable","19":"purchasable","20":"product-type-simple"},"acf":[],"brands":[{"id":1102,"name":"Philips","slug":"equipo-medico-philips"}],"_links":{"self":[{"href":"https:\/\/www.somatechnology.com\/spanish\/wp-json\/wp\/v2\/product\/9237","targetHints":{"allow":["GET"]}}],"collection":[{"href":"https:\/\/www.somatechnology.com\/spanish\/wp-json\/wp\/v2\/product"}],"about":[{"href":"https:\/\/www.somatechnology.com\/spanish\/wp-json\/wp\/v2\/types\/product"}],"wp:featuredmedia":[{"embeddable":true,"href":"https:\/\/www.somatechnology.com\/spanish\/wp-json\/wp\/v2\/media\/9240"}],"wp:attachment":[{"href":"https:\/\/www.somatechnology.com\/spanish\/wp-json\/wp\/v2\/media?parent=9237"}],"wp:term":[{"taxonomy":"pwb-brand","embeddable":true,"href":"https:\/\/www.somatechnology.com\/spanish\/wp-json\/wp\/v2\/pwb-brand?post=9237"},{"taxonomy":"product_brand","embeddable":true,"href":"https:\/\/www.somatechnology.com\/spanish\/wp-json\/wp\/v2\/product_brand?post=9237"},{"taxonomy":"product_cat","embeddable":true,"href":"https:\/\/www.somatechnology.com\/spanish\/wp-json\/wp\/v2\/product_cat?post=9237"},{"taxonomy":"product_tag","embeddable":true,"href":"https:\/\/www.somatechnology.com\/spanish\/wp-json\/wp\/v2\/product_tag?post=9237"}],"curies":[{"name":"wp","href":"https:\/\/api.w.org\/{rel}","templated":true}]}}