{"id":9245,"date":"2018-03-15T12:19:29","date_gmt":"2018-03-15T12:19:29","guid":{"rendered":"https:\/\/www.somatechnology.com\/spanish\/?post_type=product&#038;p=9245"},"modified":"2025-12-11T02:46:41","modified_gmt":"2025-12-11T07:46:41","slug":"philips-affiniti-70","status":"publish","type":"product","link":"https:\/\/www.somatechnology.com\/spanish\/equipo-medico-usado-remanufacturado\/imagenologia-radiologia\/ultrasonidos\/philips-affiniti-70\/","title":{"rendered":"Philips Affiniti 70"},"content":{"rendered":"<div class=\"wpb-content-wrapper\"><p>[vc_row][vc_column][vc_column_text css=\u00bb\u00bb]<\/p>\n<h2>Eco-cardi\u00f3grafo Philips Affiniti 70<\/h2>\n<p>El Philips Affiniti 70 es una completa soluci\u00f3n de ecocardiograf\u00eda que atiende las necesidades de un departamento o Oficina ocupado mientras incorpora las innovaciones que hacen de Philips ultrasonido el l\u00edder global en ecocardiograf\u00eda.<\/p>\n<p>La precisi\u00f3n de Affiniti 70, la tecnolog\u00eda PureWave, los presets espec\u00edficos para tejidos (TSP) y las herramientas de eficiencia y automatizaci\u00f3n proporcionan tanto rendimiento como flujo de trabajo para obtener un rendimiento seguro. Dise\u00f1ado en torno a su flujo de trabajo cotidiano, el Philips Affiniti 70 ofrece facilidad de uso, ergonom\u00eda y movilidad.<\/p>\n<ul>\n<li>Monitor de pantalla plana ancho del LCD del panel de 21,5 \u00ab<\/li>\n<li>Brazo completamente articulado<\/li>\n<li>2 \u00abtableta-como la pantalla t\u00e1ctil de pantalla ancha<\/li>\n<li>4 puertos de sondeo<\/li>\n<li>TDI [imagen Doppler tisular]<\/li>\n<li>Thi [im\u00e1genes arm\u00f3nicas tisulares]<\/li>\n<li>TAC [correcci\u00f3n de aberraciones tisulares]<\/li>\n<li>LVO [opacification ventricular izquierda]<\/li>\n<li>CPA y CPA direccional [color Power angio]<\/li>\n<li>Beamforming codificado<\/li>\n<li>Orientable CW Doppler<\/li>\n<li>Alto-PRF PW Doppler<\/li>\n<li>Optimizaci\u00f3n autom\u00e1tica de Doppler<\/li>\n<\/ul>\n<h3>General<\/h3>\n<ul>\n<li>Monitor de tama\u00f1o 21,5 en<\/li>\n<li>Inclinaci\u00f3n\/rotaci\u00f3n del monitor ajustable: s\u00ed<\/li>\n<li>Resoluci\u00f3n del tama\u00f1o de la imagen: 1024 \u00d7 768<\/li>\n<li>Pantalla t\u00e1ctil: 30cm<\/li>\n<li>Trackball o trackpad: trackball<\/li>\n<li>Peso: 184.4 lbs (83.6 kg)<\/li>\n<li>Puertos de sondeo: 4<\/li>\n<li>Bater\u00eda: 40 min<\/li>\n<li>Boot-up-tiempo: 110 sec<\/li>\n<li>Modo del sue\u00f1o (comienzo r\u00e1pido): 20sec<\/li>\n<li>Profundidad m\u00e1xima del campo: los 30cm<\/li>\n<li>Profundidad m\u00ednima del campo: los 2cm<\/li>\n<li>Carrito (HCU): no<\/li>\n<li>Volantes independientes y ruedas bloqueables: s\u00ed<\/li>\n<\/ul>\n<h3>Connectivity<\/h3>\n<ul>\n<li>\u2022 DICOM 3,0<\/li>\n<li>\u2022 SR_Cardiac DICOM<\/li>\n<li>\u2022 SR_Vascular DICOM<\/li>\n<li>\u2022 DICOM SR_OB\/GYN<\/li>\n<li>\u2022 JPEG, WMV, &amp; AVI<\/li>\n<li>\u2022 USB<\/li>\n<li>\u2022 HDD\/SDD: 512GB<\/li>\n<li>\u2022 DVD\/CD RW<\/li>\n<li>\u2022 LAN inal\u00e1mbrica<\/li>\n<\/ul>\n<p>[\/vc_column_text][\/vc_column][\/vc_row]<\/p>\n<\/div>","protected":false},"excerpt":{"rendered":"<p>Ultrasonidos<\/p>\n","protected":false},"featured_media":10365,"template":"","meta":{"_acf_changed":false,"_relevanssi_hide_post":"","_relevanssi_hide_content":"","_relevanssi_pin_for_all":"","_relevanssi_pin_keywords":"","_relevanssi_unpin_keywords":"","_relevanssi_related_keywords":"","_relevanssi_related_include_ids":"","_relevanssi_related_exclude_ids":"","_relevanssi_related_no_append":"","_relevanssi_related_not_related":"","_relevanssi_related_posts":"","_relevanssi_noindex_reason":"","inline_featured_image":false},"pwb-brand":[1102],"product_brand":[],"product_cat":[91],"product_tag":[2144,1998,2146,273,2000,2145,1901,1900],"class_list":{"0":"post-9245","1":"product","2":"type-product","3":"status-publish","4":"has-post-thumbnail","6":"pwb-brand-equipo-medico-philips","7":"product_cat-ultrasonidos","8":"product_tag-2144","9":"product_tag-affiniti","10":"product_tag-affiniti-70","11":"product_tag-philips","12":"product_tag-philips-affiniti","13":"product_tag-philips-affiniti-70","14":"product_tag-ultrasonido","15":"product_tag-ultrasonidos","17":"first","18":"instock","19":"shipping-taxable","20":"purchasable","21":"product-type-simple"},"acf":[],"brands":[{"id":1102,"name":"Philips","slug":"equipo-medico-philips"}],"_links":{"self":[{"href":"https:\/\/www.somatechnology.com\/spanish\/wp-json\/wp\/v2\/product\/9245","targetHints":{"allow":["GET"]}}],"collection":[{"href":"https:\/\/www.somatechnology.com\/spanish\/wp-json\/wp\/v2\/product"}],"about":[{"href":"https:\/\/www.somatechnology.com\/spanish\/wp-json\/wp\/v2\/types\/product"}],"wp:featuredmedia":[{"embeddable":true,"href":"https:\/\/www.somatechnology.com\/spanish\/wp-json\/wp\/v2\/media\/10365"}],"wp:attachment":[{"href":"https:\/\/www.somatechnology.com\/spanish\/wp-json\/wp\/v2\/media?parent=9245"}],"wp:term":[{"taxonomy":"pwb-brand","embeddable":true,"href":"https:\/\/www.somatechnology.com\/spanish\/wp-json\/wp\/v2\/pwb-brand?post=9245"},{"taxonomy":"product_brand","embeddable":true,"href":"https:\/\/www.somatechnology.com\/spanish\/wp-json\/wp\/v2\/product_brand?post=9245"},{"taxonomy":"product_cat","embeddable":true,"href":"https:\/\/www.somatechnology.com\/spanish\/wp-json\/wp\/v2\/product_cat?post=9245"},{"taxonomy":"product_tag","embeddable":true,"href":"https:\/\/www.somatechnology.com\/spanish\/wp-json\/wp\/v2\/product_tag?post=9245"}],"curies":[{"name":"wp","href":"https:\/\/api.w.org\/{rel}","templated":true}]}}