{"id":9247,"date":"2018-03-15T12:35:45","date_gmt":"2018-03-15T12:35:45","guid":{"rendered":"https:\/\/www.somatechnology.com\/spanish\/?post_type=product&#038;p=9247"},"modified":"2025-12-11T03:57:54","modified_gmt":"2025-12-11T08:57:54","slug":"philips-affiniti-50","status":"publish","type":"product","link":"https:\/\/www.somatechnology.com\/spanish\/equipo-medico-usado-remanufacturado\/imagenologia-radiologia\/ultrasonidos\/philips-affiniti-50\/","title":{"rendered":"Philips Affiniti 50"},"content":{"rendered":"<div class=\"wpb-content-wrapper\"><p>[vc_row][vc_column][vc_column_text css=\u00bb\u00bb]<\/p>\n<h2>Philips Affiniti 50<\/h2>\n<p>El Philips Affiniti 50 se considera una m\u00e1quina del ultrasonido que puede manejar alto volumen mientras que proporciona calidad de imagen s\u00f3lida. Substituye la m\u00e1quina popular del ultrasonido de Philips HD11xe. Con una pantalla plegable de LCD 21,5 \u2033 que articula y el interfaz de usuario tableta-como la pantalla t\u00e1ctil, el Affiniti 50 tiene una interfaz de usuario simplificada para la usabilidad del \u00abwalk-up\u00bb, ayudando la hace ideal para las oficinas ocupadas con los usuarios m\u00faltiples.<\/p>\n<p>Como ultrasonido completo del servicio compartido, tiene proyecci\u00f3n de imagen obst\u00e9trica 4D y proporciona la ecocardiograf\u00eda adulta y pedi\u00e1trica (te incluyendo) y el eco de la tensi\u00f3n.<\/p>\n<ul>\n<li>SonoCT compuesto de im\u00e1genes<\/li>\n<li>Im\u00e1genes de reducci\u00f3n de moteado XRES<\/li>\n<li>Autoscan<\/li>\n<li>Autodoppler<\/li>\n<li>Ultrasonido realzado con contraste<\/li>\n<li>Ultrasonido de inteligencia anat\u00f3mica AIUS<\/li>\n<li>Eco de estr\u00e9s<\/li>\n<li>Elastograf\u00eda<\/li>\n<li>Cardiolog\u00eda pedi\u00e1trica<\/li>\n<li>Modo de reposo para facilitar el transporte de la habitaci\u00f3n a la habitaci\u00f3n<\/li>\n<li>4 puertos del transductor<\/li>\n<li>Calcs automatizado de las IMT<\/li>\n<li>Cuantificaci\u00f3n cardiaca 2D automatizada<\/li>\n<li>Cuantificaci\u00f3n autom\u00e1tica del movimiento card\u00edaco<\/li>\n<li>4D Obstetricia \u00abBabyface\u00bb Imaging<\/li>\n<\/ul>\n<h3>Informacion General<\/h3>\n<ul>\n<li>Monitor (pulgada): 21,5 \u2033<\/li>\n<li>Inclinaci\u00f3n\/rotaci\u00f3n del monitor ajustable: s\u00ed<\/li>\n<li>Resoluci\u00f3n del tama\u00f1o de la imagen: 1024 * 768<\/li>\n<li>Pantalla t\u00e1ctil (pulgada): 12 \u00ab<\/li>\n<li>Trackball o trackpad: trackball<\/li>\n<li>CP back-lighting: s\u00ed<\/li>\n<li>Peso: 184.4 lbs (83.5 kg)<\/li>\n<li>Puertos de sondeo: 4<\/li>\n<li>Bater\u00eda: 40min<\/li>\n<li>Tiempo de arranque: 110sec<\/li>\n<li>Modo del sue\u00f1o (comienzo r\u00e1pido): 20sec<\/li>\n<li>Profundidad m\u00e1xima del campo: los 30cm<\/li>\n<li>Profundidad m\u00ednima del campo: los 2cm<\/li>\n<li>Carrito (HCU): no<\/li>\n<li>Volantes independientes y ruedas bloqueables: s\u00ed<\/li>\n<\/ul>\n<p>[\/vc_column_text][\/vc_column][\/vc_row]<\/p>\n<\/div>","protected":false},"excerpt":{"rendered":"<p>Ultrasonidos<\/p>\n","protected":false},"featured_media":9248,"template":"","meta":{"_acf_changed":false,"_relevanssi_hide_post":"","_relevanssi_hide_content":"","_relevanssi_pin_for_all":"","_relevanssi_pin_keywords":"","_relevanssi_unpin_keywords":"","_relevanssi_related_keywords":"","_relevanssi_related_include_ids":"","_relevanssi_related_exclude_ids":"","_relevanssi_related_no_append":"","_relevanssi_related_not_related":"","_relevanssi_related_posts":"","_relevanssi_noindex_reason":"","inline_featured_image":false},"pwb-brand":[1102],"product_brand":[],"product_cat":[91],"product_tag":[2148,1998,2147,273,2150,2149,1901,1900],"class_list":{"0":"post-9247","1":"product","2":"type-product","3":"status-publish","4":"has-post-thumbnail","6":"pwb-brand-equipo-medico-philips","7":"product_cat-ultrasonidos","8":"product_tag-2148","9":"product_tag-affiniti","10":"product_tag-affiniti-50","11":"product_tag-philips","12":"product_tag-philips-50","13":"product_tag-philips-affiniti-50","14":"product_tag-ultrasonido","15":"product_tag-ultrasonidos","17":"first","18":"instock","19":"shipping-taxable","20":"purchasable","21":"product-type-simple"},"acf":[],"brands":[{"id":1102,"name":"Philips","slug":"equipo-medico-philips"}],"_links":{"self":[{"href":"https:\/\/www.somatechnology.com\/spanish\/wp-json\/wp\/v2\/product\/9247","targetHints":{"allow":["GET"]}}],"collection":[{"href":"https:\/\/www.somatechnology.com\/spanish\/wp-json\/wp\/v2\/product"}],"about":[{"href":"https:\/\/www.somatechnology.com\/spanish\/wp-json\/wp\/v2\/types\/product"}],"wp:featuredmedia":[{"embeddable":true,"href":"https:\/\/www.somatechnology.com\/spanish\/wp-json\/wp\/v2\/media\/9248"}],"wp:attachment":[{"href":"https:\/\/www.somatechnology.com\/spanish\/wp-json\/wp\/v2\/media?parent=9247"}],"wp:term":[{"taxonomy":"pwb-brand","embeddable":true,"href":"https:\/\/www.somatechnology.com\/spanish\/wp-json\/wp\/v2\/pwb-brand?post=9247"},{"taxonomy":"product_brand","embeddable":true,"href":"https:\/\/www.somatechnology.com\/spanish\/wp-json\/wp\/v2\/product_brand?post=9247"},{"taxonomy":"product_cat","embeddable":true,"href":"https:\/\/www.somatechnology.com\/spanish\/wp-json\/wp\/v2\/product_cat?post=9247"},{"taxonomy":"product_tag","embeddable":true,"href":"https:\/\/www.somatechnology.com\/spanish\/wp-json\/wp\/v2\/product_tag?post=9247"}],"curies":[{"name":"wp","href":"https:\/\/api.w.org\/{rel}","templated":true}]}}