{"id":9249,"date":"2018-03-15T12:44:11","date_gmt":"2018-03-15T12:44:11","guid":{"rendered":"https:\/\/www.somatechnology.com\/spanish\/?post_type=product&#038;p=9249"},"modified":"2025-12-11T05:28:42","modified_gmt":"2025-12-11T10:28:42","slug":"ge-vscan","status":"publish","type":"product","link":"https:\/\/www.somatechnology.com\/spanish\/equipo-medico-usado-remanufacturado\/imagenologia-radiologia\/ultrasonidos\/ge-vscan\/","title":{"rendered":"GE Vscan"},"content":{"rendered":"<div class=\"wpb-content-wrapper\"><p>[vc_row][vc_column][vc_column_text css=\u00bb\u00bb]Ultrasonido GE Vscan es de tama\u00f1o-bolsillo y proporciona im\u00e1genes de flujo sangu\u00edneo en blanco y negro, en tiempo real, anat\u00f3micas y codificadas con colores. Utilizado por: cardi\u00f3logos, m\u00e9dicos generales, OB\/GYN, atenci\u00f3n primaria, m\u00e9dico de la emergencia, y intensivistas.<\/p>\n<ul>\n<li>Mejore el examen f\u00edsico y fortalezca su confianza cl\u00ednica.<\/li>\n<li>Visualice la funci\u00f3n del \u00f3rgano y haga los diagn\u00f3sticos r\u00e1pidamente y confidente.<\/li>\n<li>Con\u00e9ctese m\u00e1s profundamente con sus pacientes para un cuidado excelente.<\/li>\n<li>Simplemente voltear la parte superior y se pone en marcha. Con su interfaz de usuario de una sola mano y presets para aplicaciones comunes, Vscan Imaging se desliza f\u00e1cilmente en su rutina de cuidado de pacientes.<\/li>\n<li>Cuente con Vscan durante su ajetreado d\u00eda \u2014 una sola carga proporciona hasta 90 minutos de escaneo continuo. Las bater\u00edas f\u00e1ciles de intercambiar pueden extender la operaci\u00f3n durante todo el d\u00eda.<\/li>\n<li>Vscan agrega valor cl\u00ednico y puede ayudar a apoyar el cuidado excelente del paciente.<\/li>\n<\/ul>\n<h3>Especificaciones f\u00edsicas<\/h3>\n<ul>\n<li>Unidad de exhibici\u00f3n 135 x 73 x 28 mil\u00edmetros<\/li>\n<li>Sonda 129 x 39 x 28 mm<\/li>\n<li>Peso (unidad y sonda) 436 g<\/li>\n<li>Pantalla 3,5 pulgadas, 240 x 320 p\u00edxeles de resoluci\u00f3n<\/li>\n<\/ul>\n<h3>Imagen<\/h3>\n<ul>\n<li>Modo blanco y negro para la visualizaci\u00f3n de anatom\u00eda en tiempo real.<\/li>\n<li>Superposici\u00f3n codificada por colores para la imagen en tiempo real del flujo sangu\u00edneo.<\/li>\n<li>Tiempo total de la exploraci\u00f3n de 60 minutos con la bater\u00eda completamente cargada. (con 80% en blanco y negro, 20% de im\u00e1genes en color).<\/li>\n<\/ul>\n<h3>Interfaz de usuario<\/h3>\n<ul>\n<li>La rueda de navegaci\u00f3n con un n\u00famero m\u00ednimo de teclas proporciona una interfaz de usuario intuitiva y controlable por el pulgar.<\/li>\n<li>Autooptimize ajusta la ganancia para todas las profundidades autom\u00e1ticamente.<\/li>\n<li>El ciclo autom\u00e1tico (preajuste card\u00edaco) detecta autom\u00e1ticamente el ciclo card\u00edaco completo para una revisi\u00f3n o almacenamiento f\u00e1cil y r\u00e1pido.<\/li>\n<li>La duraci\u00f3n del clip almacenado (preajustes no card\u00edacos) se configura con 1, 3 \u00f3 6 segundos.<\/li>\n<li>Los presets ayudan a simplificar la configuraci\u00f3n optimizada para im\u00e1genes de diferentes \u00f3rganos.<\/li>\n<li>Las grabaciones de voz se pueden almacenar como parte de cada examinaci\u00f3n-el altavoz permite la repetici\u00f3n del dispositivo.<\/li>\n<\/ul>\n<p>[\/vc_column_text][\/vc_column][\/vc_row]<\/p>\n<\/div>","protected":false},"excerpt":{"rendered":"<p>Ultrasonidos<\/p>\n","protected":false},"featured_media":25575,"template":"","meta":{"_acf_changed":false,"_relevanssi_hide_post":"","_relevanssi_hide_content":"","_relevanssi_pin_for_all":"","_relevanssi_pin_keywords":"","_relevanssi_unpin_keywords":"","_relevanssi_related_keywords":"","_relevanssi_related_include_ids":"","_relevanssi_related_exclude_ids":"","_relevanssi_related_no_append":"","_relevanssi_related_not_related":"","_relevanssi_related_posts":"","_relevanssi_noindex_reason":"","inline_featured_image":false},"pwb-brand":[1100],"product_brand":[],"product_cat":[91],"product_tag":[224,2152,1901,1900,2151],"class_list":{"0":"post-9249","1":"product","2":"type-product","3":"status-publish","4":"has-post-thumbnail","6":"pwb-brand-equipo-medico-ge","7":"product_cat-ultrasonidos","8":"product_tag-ge","9":"product_tag-ge-vscan","10":"product_tag-ultrasonido","11":"product_tag-ultrasonidos","12":"product_tag-vscan","14":"first","15":"instock","16":"shipping-taxable","17":"purchasable","18":"product-type-simple"},"acf":[],"brands":[{"id":1100,"name":"GE","slug":"equipo-medico-ge"}],"_links":{"self":[{"href":"https:\/\/www.somatechnology.com\/spanish\/wp-json\/wp\/v2\/product\/9249","targetHints":{"allow":["GET"]}}],"collection":[{"href":"https:\/\/www.somatechnology.com\/spanish\/wp-json\/wp\/v2\/product"}],"about":[{"href":"https:\/\/www.somatechnology.com\/spanish\/wp-json\/wp\/v2\/types\/product"}],"wp:featuredmedia":[{"embeddable":true,"href":"https:\/\/www.somatechnology.com\/spanish\/wp-json\/wp\/v2\/media\/25575"}],"wp:attachment":[{"href":"https:\/\/www.somatechnology.com\/spanish\/wp-json\/wp\/v2\/media?parent=9249"}],"wp:term":[{"taxonomy":"pwb-brand","embeddable":true,"href":"https:\/\/www.somatechnology.com\/spanish\/wp-json\/wp\/v2\/pwb-brand?post=9249"},{"taxonomy":"product_brand","embeddable":true,"href":"https:\/\/www.somatechnology.com\/spanish\/wp-json\/wp\/v2\/product_brand?post=9249"},{"taxonomy":"product_cat","embeddable":true,"href":"https:\/\/www.somatechnology.com\/spanish\/wp-json\/wp\/v2\/product_cat?post=9249"},{"taxonomy":"product_tag","embeddable":true,"href":"https:\/\/www.somatechnology.com\/spanish\/wp-json\/wp\/v2\/product_tag?post=9249"}],"curies":[{"name":"wp","href":"https:\/\/api.w.org\/{rel}","templated":true}]}}