{"id":9251,"date":"2018-03-15T13:07:59","date_gmt":"2018-03-15T13:07:59","guid":{"rendered":"https:\/\/www.somatechnology.com\/spanish\/?post_type=product&#038;p=9251"},"modified":"2023-08-23T06:25:11","modified_gmt":"2023-08-23T10:25:11","slug":"ge-voluson-sp10-16","status":"publish","type":"product","link":"https:\/\/www.somatechnology.com\/spanish\/equipo-medico-usado-remanufacturado\/imagenologia-radiologia\/transductores-de-ultrasonido\/ge-voluson-sp10-16\/","title":{"rendered":"GE Voluson SP10-16"},"content":{"rendered":"<p>GE Voluson SP10-16<\/p>\n<p>El GE Voluson SP10-16 es una punta de prueba linear del transductor del ultrasonido de la banda ancha. El GE SP10-16 es 2D y tiene un rango de frecuencias de 10 a 16 MHz. Este transductor est\u00e1 en condiciones excelentes y disponible de Soma Technology, Inc. en condiciones completamente reacondicionadas. Esta sonda es compatible con los sistemas de ultrasonido de la serie GE Voluson 730 BT03\/BT04 (Pro\/Expert).<\/p>\n<ul>\n<li>Transductor lineal de banda ancha 2D<\/li>\n<li>Piezas peque\u00f1as, vasculares perif\u00e9ricas, pediatr\u00eda, superficiales musculoesquel\u00e9ticas<\/li>\n<li>33,7 mm FOV<\/li>\n<li>Ancho de banda de 7 \u2013 18 MHz<\/li>\n<\/ul>\n<p>&nbsp;<\/p>\n","protected":false},"excerpt":{"rendered":"<p>GE Voluson SP10-16 El GE Voluson SP10-16 es una punta de prueba linear del transductor del ultrasonido de la banda ancha. El GE SP10-16&#8230;<\/p>\n","protected":false},"featured_media":9252,"template":"","meta":{"_acf_changed":false,"_relevanssi_hide_post":"","_relevanssi_hide_content":"","_relevanssi_pin_for_all":"","_relevanssi_pin_keywords":"","_relevanssi_unpin_keywords":"","_relevanssi_related_keywords":"","_relevanssi_related_include_ids":"","_relevanssi_related_exclude_ids":"","_relevanssi_related_no_append":"","_relevanssi_related_not_related":"","_relevanssi_related_posts":"","_relevanssi_noindex_reason":"","inline_featured_image":false},"pwb-brand":[1100],"product_brand":[],"product_cat":[2032],"product_tag":[2156,224,2157,2158,2155,2159,2039,2153,2040,1901,1900,2154],"class_list":{"0":"post-9251","1":"product","2":"type-product","3":"status-publish","4":"has-post-thumbnail","6":"pwb-brand-equipo-medico-ge","7":"product_cat-transductores-de-ultrasonido","8":"product_tag-2156","9":"product_tag-ge","10":"product_tag-ge-voluson","11":"product_tag-ge-voluson-sp10-16","12":"product_tag-sp10","13":"product_tag-sp10-16","14":"product_tag-transductor","15":"product_tag-transductore","16":"product_tag-transductores-de-ultrasonido","17":"product_tag-ultrasonido","18":"product_tag-ultrasonidos","19":"product_tag-voluson","21":"first","22":"instock","23":"shipping-taxable","24":"purchasable","25":"product-type-simple"},"acf":[],"brands":[{"id":1100,"name":"GE","slug":"equipo-medico-ge"}],"_links":{"self":[{"href":"https:\/\/www.somatechnology.com\/spanish\/wp-json\/wp\/v2\/product\/9251","targetHints":{"allow":["GET"]}}],"collection":[{"href":"https:\/\/www.somatechnology.com\/spanish\/wp-json\/wp\/v2\/product"}],"about":[{"href":"https:\/\/www.somatechnology.com\/spanish\/wp-json\/wp\/v2\/types\/product"}],"wp:featuredmedia":[{"embeddable":true,"href":"https:\/\/www.somatechnology.com\/spanish\/wp-json\/wp\/v2\/media\/9252"}],"wp:attachment":[{"href":"https:\/\/www.somatechnology.com\/spanish\/wp-json\/wp\/v2\/media?parent=9251"}],"wp:term":[{"taxonomy":"pwb-brand","embeddable":true,"href":"https:\/\/www.somatechnology.com\/spanish\/wp-json\/wp\/v2\/pwb-brand?post=9251"},{"taxonomy":"product_brand","embeddable":true,"href":"https:\/\/www.somatechnology.com\/spanish\/wp-json\/wp\/v2\/product_brand?post=9251"},{"taxonomy":"product_cat","embeddable":true,"href":"https:\/\/www.somatechnology.com\/spanish\/wp-json\/wp\/v2\/product_cat?post=9251"},{"taxonomy":"product_tag","embeddable":true,"href":"https:\/\/www.somatechnology.com\/spanish\/wp-json\/wp\/v2\/product_tag?post=9251"}],"curies":[{"name":"wp","href":"https:\/\/api.w.org\/{rel}","templated":true}]}}