{"id":9256,"date":"2018-03-15T13:55:57","date_gmt":"2018-03-15T13:55:57","guid":{"rendered":"https:\/\/www.somatechnology.com\/spanish\/?post_type=product&#038;p=9256"},"modified":"2025-12-11T02:46:27","modified_gmt":"2025-12-11T07:46:27","slug":"ge-voluson-s8","status":"publish","type":"product","link":"https:\/\/www.somatechnology.com\/spanish\/equipo-medico-usado-remanufacturado\/imagenologia-radiologia\/ultrasonidos\/ge-voluson-s8\/","title":{"rendered":"GE Voluson S8"},"content":{"rendered":"<div class=\"wpb-content-wrapper\"><p>[vc_row][vc_column][vc_column_text css=\u00bb\u00bb]<\/p>\n<h2>GE Voluson S8<\/h2>\n<p>El GE Voluson S8 est\u00e1 dise\u00f1ado para ayudar a agilizar los procedimientos. La intuitiva interfaz de usuario, la automatizaci\u00f3n incorporada y las herramientas de software avanzadas le ayudan a maximizar el tiempo con sus pacientes al reducir el tiempo invertido en la adquisici\u00f3n de im\u00e1genes, el an\u00e1lisis y la presentaci\u00f3n de informes.<\/p>\n<p>Construido sobre la arquitectura fundacional del n\u00facleo Voluson, el poder del Voluson S8 proviene de una sinergia sin fisuras entre las sondas y la plataforma. El resultado es una excelente calidad de imagen \u2013 adquirida r\u00e1pida y f\u00e1cilmente.<\/p>\n<ul>\n<li>Gane la confianza cl\u00ednica con la calidad magn\u00edfica de la imagen 2D y 3D optimizada para la claridad y el detalle<\/li>\n<li>Eval\u00fae r\u00e1pidamente la anatom\u00eda y las funciones vasculares con el color avanzado Doppler<\/li>\n<li>Lograr la penetraci\u00f3n necesaria para todos los ex\u00e1menes y tipos de cuerpo<\/li>\n<li>Experimente un realismo anat\u00f3mico excepcional con la tecnolog\u00eda HDlive para la proyecci\u00f3n de imagen 3D y 4D<\/li>\n<li>Maximizar el flujo de trabajo mientras mejora la consistencia y reproducibilidad de las mediciones con tecnolog\u00edas automatizadas<\/li>\n<\/ul>\n<h3>Visi\u00f3n general del sistema<\/h3>\n<ul>\n<li>Peso: 198 lbs (90kg)<\/li>\n<li>Monitor (pulgada): 19 \u00abLCD<\/li>\n<li>Resoluci\u00f3n del monitor: 1280 * 1024<\/li>\n<li>Resoluci\u00f3n del tama\u00f1o de la imagen: 960 * 720<\/li>\n<li>Pantalla t\u00e1ctil (pulgada:) No<\/li>\n<li>Trackball o trackpad: trackball<\/li>\n<li>CP back-lighting: s\u00ed<\/li>\n<li>Puertos de la punta de prueba: 3 (w\/1non activo)<\/li>\n<li>Bater\u00eda: s\u00ed<\/li>\n<li>Tiempo de arranque: no<\/li>\n<li>Modo del sue\u00f1o (comienzo r\u00e1pido): no<\/li>\n<li>Profundidad m\u00e1xima del campo: los 30cm<\/li>\n<li>Profundidad m\u00ednima del campo: los 0-2cm<\/li>\n<li>Carrito (HCU): no<\/li>\n<li>Volantes independientes y ruedas bloqueables: s\u00ed<\/li>\n<\/ul>\n<h3>Modo de imagen<\/h3>\n<ul>\n<li>2D, modo M: s\u00ed<\/li>\n<li>Modo del flujo del M-color: s\u00ed<\/li>\n<li>M-modo anat\u00f3mico: s\u00ed<\/li>\n<li>Modo trapezoidal: s\u00ed<\/li>\n<li>Color, energ\u00eda Angio, onda Doppler del pulso: s\u00ed<\/li>\n<li>Energ\u00eda bidireccional (= flujo de HD): s\u00ed<\/li>\n<li>SCW Dopeul: r s\u00ed<\/li>\n<li>Imagen Doppler tisular: s\u00ed<\/li>\n<li>FreeHand 3D: s\u00ed<\/li>\n<li>Live 3\/4D OB\/GYN: s\u00ed<\/li>\n<li>HD Live: s\u00ed<\/li>\n<li>STIC (correlaci\u00f3n Spatio-Temporal de la imagen): s\u00ed<\/li>\n<li>Eco 3D en vivo: no<\/li>\n<li>Stress ECHO: no<\/li>\n<li>Tensi\u00f3n y tasa de tensi\u00f3n (cardiaca: no<\/li>\n<li>B Flow: s\u00ed<\/li>\n<li>Im\u00e1genes panor\u00e1micas (= Logiq View): s\u00ed<\/li>\n<li>Imagen de contraste \u2013 cardiaca: s\u00ed (no en todos los pa\u00edses)<\/li>\n<li>Im\u00e1genes de contraste \u2013 im\u00e1genes generales: s\u00ed<\/li>\n<li>Elastograf\u00eda a base de cepas: s\u00ed<\/li>\n<li>Elastograf\u00eda de la onda de esquileo: no<\/li>\n<\/ul>\n<p>[\/vc_column_text][\/vc_column][\/vc_row]<\/p>\n<\/div>","protected":false},"excerpt":{"rendered":"<p>Ultrasonidos<\/p>\n","protected":false},"featured_media":25574,"template":"","meta":{"_acf_changed":false,"_relevanssi_hide_post":"","_relevanssi_hide_content":"","_relevanssi_pin_for_all":"","_relevanssi_pin_keywords":"","_relevanssi_unpin_keywords":"","_relevanssi_related_keywords":"","_relevanssi_related_include_ids":"","_relevanssi_related_exclude_ids":"","_relevanssi_related_no_append":"","_relevanssi_related_not_related":"","_relevanssi_related_posts":"","_relevanssi_noindex_reason":"","inline_featured_image":false},"pwb-brand":[1100],"product_brand":[],"product_cat":[91],"product_tag":[224,2157,2163,1976,1901,1900,2154,2164],"class_list":{"0":"post-9256","1":"product","2":"type-product","3":"status-publish","4":"has-post-thumbnail","6":"pwb-brand-equipo-medico-ge","7":"product_cat-ultrasonidos","8":"product_tag-ge","9":"product_tag-ge-voluson","10":"product_tag-ge-voluson-s8","11":"product_tag-s8","12":"product_tag-ultrasonido","13":"product_tag-ultrasonidos","14":"product_tag-voluson","15":"product_tag-voluson-s8","17":"first","18":"instock","19":"shipping-taxable","20":"purchasable","21":"product-type-simple"},"acf":[],"brands":[{"id":1100,"name":"GE","slug":"equipo-medico-ge"}],"_links":{"self":[{"href":"https:\/\/www.somatechnology.com\/spanish\/wp-json\/wp\/v2\/product\/9256","targetHints":{"allow":["GET"]}}],"collection":[{"href":"https:\/\/www.somatechnology.com\/spanish\/wp-json\/wp\/v2\/product"}],"about":[{"href":"https:\/\/www.somatechnology.com\/spanish\/wp-json\/wp\/v2\/types\/product"}],"wp:featuredmedia":[{"embeddable":true,"href":"https:\/\/www.somatechnology.com\/spanish\/wp-json\/wp\/v2\/media\/25574"}],"wp:attachment":[{"href":"https:\/\/www.somatechnology.com\/spanish\/wp-json\/wp\/v2\/media?parent=9256"}],"wp:term":[{"taxonomy":"pwb-brand","embeddable":true,"href":"https:\/\/www.somatechnology.com\/spanish\/wp-json\/wp\/v2\/pwb-brand?post=9256"},{"taxonomy":"product_brand","embeddable":true,"href":"https:\/\/www.somatechnology.com\/spanish\/wp-json\/wp\/v2\/product_brand?post=9256"},{"taxonomy":"product_cat","embeddable":true,"href":"https:\/\/www.somatechnology.com\/spanish\/wp-json\/wp\/v2\/product_cat?post=9256"},{"taxonomy":"product_tag","embeddable":true,"href":"https:\/\/www.somatechnology.com\/spanish\/wp-json\/wp\/v2\/product_tag?post=9256"}],"curies":[{"name":"wp","href":"https:\/\/api.w.org\/{rel}","templated":true}]}}