{"id":9262,"date":"2018-03-15T14:52:52","date_gmt":"2018-03-15T14:52:52","guid":{"rendered":"https:\/\/www.somatechnology.com\/spanish\/?post_type=product&#038;p=9262"},"modified":"2025-12-11T02:43:38","modified_gmt":"2025-12-11T07:43:38","slug":"ge-voluson-p8","status":"publish","type":"product","link":"https:\/\/www.somatechnology.com\/spanish\/equipo-medico-usado-remanufacturado\/imagenologia-radiologia\/ultrasonidos\/ge-voluson-p8\/","title":{"rendered":"GE Voluson P8"},"content":{"rendered":"<div class=\"wpb-content-wrapper\"><p>[vc_row][vc_column][vc_column_text css=\u00bb\u00bb]<\/p>\n<h2>Ultrasonido GE Voluson P8<\/h2>\n<p>Las capacidades del ultrasonido de trabajo duro como la proyecci\u00f3n de imagen 2D extraordinaria y el color y la onda pulsada Doppler son apenas una pulsaci\u00f3n de tecla lejos con un sistema de GE Voluson P8. El volumen de im\u00e1genes es una excelente opci\u00f3n para aquellos que buscan llevar su pr\u00e1ctica al siguiente nivel. Los adelantos de flujo de trabajo de Voluson ayudan a las pr\u00e1cticas de trabajo a proporcionar un excelente cuidado de los pacientes ayudando a reducir el tiempo necesario para realizar, analizar e informar sobre los ex\u00e1menes.<\/p>\n<ul>\n<li>Teclado intuitivo y f\u00e1cil de usar: ayuda a lograr un escaneo ininterrumpido<\/li>\n<li>Optimizaci\u00f3n autom\u00e1tica para 2D y Doppler \u2013 ayuda a mejorar la resoluci\u00f3n de contraste y Doppler espectral con s\u00f3lo pulsar un bot\u00f3n<\/li>\n<li>Enfoque autom\u00e1tico para 2D: proporciona un posicionamiento automatizado de la zona focal y permite al usuario concentrarse en el escaneo<\/li>\n<li>Amplio sector para sondas endocavitary \u2013 permite visualizar m\u00e1s informaci\u00f3n anat\u00f3mica en una sola imagen versus el campo de visi\u00f3n est\u00e1ndar<\/li>\n<\/ul>\n<h3>Dimensiones<\/h3>\n<ul>\n<li>Altura: 53 \u2033 (135 cm)<\/li>\n<li>Anchura: 16 \u2033 (42 cm)<\/li>\n<li>Profundidad: 30 \u2033 (76 cm)<\/li>\n<li>Peso: 150 lbs (68 kg)<\/li>\n<\/ul>\n<h3>Fuente de energ\u00eda<\/h3>\n<ul>\n<li>Voltaje: 100-120 VAC<\/li>\n<li>Tolerancias: \u00b1 10%<\/li>\n<li>Corriente: 9,0&#8230; 7,0 A<\/li>\n<li>Frecuencia: 50, 60 Hz\u00a0 (\u00b12%)<\/li>\n<\/ul>\n<h3>Temperaturas de operaci\u00f3n y almacenamiento<\/h3>\n<p>Operativo<\/p>\n<ul>\n<li>Temperatura: 64 a 86 \u00b0 f (18 a 30 \u00b0 c)<\/li>\n<li>Humedad: 30 a 80% RH sin condensaci\u00f3n<\/li>\n<\/ul>\n<p>Almacenamiento<\/p>\n<ul>\n<li>Temperatura: 14 a 122 \u00b0 f (-10 a 50 \u00b0 c)<\/li>\n<li>Humedad: 10 a 90% RH sin condensaci\u00f3n<\/li>\n<\/ul>\n<h3>Modos de operaci\u00f3n<\/h3>\n<ul>\n<li>Im\u00e1genes en modo 2D y modos de funcionamiento adicionales (XTD-View)<\/li>\n<li>Color Doppler de im\u00e1genes (cfm, PD y HD-Flow)<\/li>\n<li>Modo M + imagen MCF<\/li>\n<li>Doppler (PW, CW)<\/li>\n<li>3D modo y proyecci\u00f3n de imagen en tiempo real 4D<\/li>\n<li>Diferentes combinaciones de los modos anteriores<\/li>\n<\/ul>\n<h3>Caracter\u00edsticas adicionales<\/h3>\n<ul>\n<li>FrontEnd integrado (utiliza tecnolog\u00edas avanzadas de FGPA)<\/li>\n<li>Conectividad abierta mediante puertos USB<\/li>\n<li>Bluetooth \u2013 conectividad inal\u00e1mbrica<\/li>\n<li>Monitor del LCD del alto rendimiento 15 \u00ab<\/li>\n<li>Bajo perfil, Teclado retroiluminado<\/li>\n<\/ul>\n<h3>Campos de aplicaci\u00f3n m\u00e9dica<\/h3>\n<ul>\n<li>Obstetricia<\/li>\n<li>Ginecolog\u00eda y fertilidad<\/li>\n<li>Radiolog\u00eda<\/li>\n<li>Neurolog\u00eda<\/li>\n<li>Oncolog\u00eda<\/li>\n<li>Urolog\u00eda<\/li>\n<li>Pediatr\u00eda<\/li>\n<li>Musculoesquel\u00e9tico<\/li>\n<\/ul>\n<p>&nbsp;<\/p>\n<div id=\"mttContainer\" class=\"notranslate\" style=\"transform: translate(102px, 4px);\" aria-expanded=\"false\"><\/div>\n<p>[\/vc_column_text][\/vc_column][\/vc_row]<\/p>\n<\/div>","protected":false},"excerpt":{"rendered":"<p>Ultrasonidos<\/p>\n","protected":false},"featured_media":25572,"template":"","meta":{"_acf_changed":false,"_relevanssi_hide_post":"","_relevanssi_hide_content":"","_relevanssi_pin_for_all":"","_relevanssi_pin_keywords":"","_relevanssi_unpin_keywords":"","_relevanssi_related_keywords":"","_relevanssi_related_include_ids":"","_relevanssi_related_exclude_ids":"","_relevanssi_related_no_append":"","_relevanssi_related_not_related":"","_relevanssi_related_posts":"","_relevanssi_noindex_reason":"","inline_featured_image":false},"pwb-brand":[1100],"product_brand":[],"product_cat":[91],"product_tag":[224,2170,2168,1901,1900,2154,2169],"class_list":{"0":"post-9262","1":"product","2":"type-product","3":"status-publish","4":"has-post-thumbnail","6":"pwb-brand-equipo-medico-ge","7":"product_cat-ultrasonidos","8":"product_tag-ge","9":"product_tag-ge-voluson-p8","10":"product_tag-p8","11":"product_tag-ultrasonido","12":"product_tag-ultrasonidos","13":"product_tag-voluson","14":"product_tag-voluson-p8","16":"first","17":"instock","18":"shipping-taxable","19":"purchasable","20":"product-type-simple"},"acf":[],"brands":[{"id":1100,"name":"GE","slug":"equipo-medico-ge"}],"_links":{"self":[{"href":"https:\/\/www.somatechnology.com\/spanish\/wp-json\/wp\/v2\/product\/9262","targetHints":{"allow":["GET"]}}],"collection":[{"href":"https:\/\/www.somatechnology.com\/spanish\/wp-json\/wp\/v2\/product"}],"about":[{"href":"https:\/\/www.somatechnology.com\/spanish\/wp-json\/wp\/v2\/types\/product"}],"wp:featuredmedia":[{"embeddable":true,"href":"https:\/\/www.somatechnology.com\/spanish\/wp-json\/wp\/v2\/media\/25572"}],"wp:attachment":[{"href":"https:\/\/www.somatechnology.com\/spanish\/wp-json\/wp\/v2\/media?parent=9262"}],"wp:term":[{"taxonomy":"pwb-brand","embeddable":true,"href":"https:\/\/www.somatechnology.com\/spanish\/wp-json\/wp\/v2\/pwb-brand?post=9262"},{"taxonomy":"product_brand","embeddable":true,"href":"https:\/\/www.somatechnology.com\/spanish\/wp-json\/wp\/v2\/product_brand?post=9262"},{"taxonomy":"product_cat","embeddable":true,"href":"https:\/\/www.somatechnology.com\/spanish\/wp-json\/wp\/v2\/product_cat?post=9262"},{"taxonomy":"product_tag","embeddable":true,"href":"https:\/\/www.somatechnology.com\/spanish\/wp-json\/wp\/v2\/product_tag?post=9262"}],"curies":[{"name":"wp","href":"https:\/\/api.w.org\/{rel}","templated":true}]}}