{"id":9271,"date":"2018-03-15T16:18:49","date_gmt":"2018-03-15T16:18:49","guid":{"rendered":"https:\/\/www.somatechnology.com\/spanish\/?post_type=product&#038;p=9271"},"modified":"2025-12-11T02:35:04","modified_gmt":"2025-12-11T07:35:04","slug":"ge-voluson-e8","status":"publish","type":"product","link":"https:\/\/www.somatechnology.com\/spanish\/equipo-medico-usado-remanufacturado\/imagenologia-radiologia\/ultrasonidos\/ge-voluson-e8\/","title":{"rendered":"GE Voluson E8"},"content":{"rendered":"<div class=\"wpb-content-wrapper\"><p>[vc_row][vc_column][vc_column_text css=\u00bb\u00bb]<\/p>\n<h2>GE Voluson E8<\/h2>\n<p>El GE Voluson E8 es un sistema de ultrasonido Premium para las necesidades de salud de sus mujeres, incluyendo obstetricia, ginecolog\u00eda, medicina materno-fetal y medicina reproductiva asistida. Las innovaciones en calidad de imagen, automatizaci\u00f3n, tecnolog\u00eda de transductores y an\u00e1lisis de im\u00e1genes ayudan a darle la extraordinaria visi\u00f3n que necesita para proporcionar un excelente cuidado del paciente. La herramienta de imagen de HDlive Voluson E8 Expert ayuda a llevar un realismo excepcional al ultrasonido y la capacidad de explorar los detalles de una manera extraordinaria.<\/p>\n<p>Los sistemas de ultrasonido de la serie E de Voluson se encuentran entre los m\u00e1s eficientes energ\u00e9ticamente en la industria. Eso significa que con cada imagen usted usar\u00e1 menos energ\u00eda, ahorrar\u00e1 dinero y contribuir\u00e1 a un mejor ambiente. Es parte del compromiso de GE de invertir en soluciones innovadoras a los desaf\u00edos medioambientales y al mismo tiempo empoderarle con herramientas avanzadas para la prestaci\u00f3n de servicios de salud.<\/p>\n<ul>\n<li>Hasta 40 fotogramas por segundo en modo 4D<\/li>\n<li>Proyecci\u00f3n de imagen de 2D\/3D\/4D<\/li>\n<li>Proyecci\u00f3n de imagen avanzada del ultrasonido de \u00abHDlive\u00bb 4D<\/li>\n<li>67.584 canales de imagen<\/li>\n<li>M-modo, flujo del m-color<\/li>\n<li>Doppler espectral de PW\/CW<\/li>\n<li>Color\/energ\u00eda\/tejido Doppler<\/li>\n<li>Flujo de HD<\/li>\n<li>B-Flow<\/li>\n<li>CrossXBeam<\/li>\n<li>Imagen de reducci\u00f3n de moteado de Sri II HD<\/li>\n<li>Excitaci\u00f3n codificada<\/li>\n<li>Arm\u00f3nicos codificados<\/li>\n<li>Imagen de contraste<\/li>\n<\/ul>\n<h3>Dimensiones<\/h3>\n<ul>\n<li>Dimensiones: 50.8 \u00ab, 1290m (h) x 22,8\u00bb, 580mm (w) x 36,6 \u00ab, 930m (d)<\/li>\n<li>Peso: 265 lbs, 120 (kg)<\/li>\n<\/ul>\n<h3>Monitor<\/h3>\n<ul>\n<li>Monitor del LCD de 15 \u00ab<\/li>\n<li>Alto brillo con 350 CD\/m2<\/li>\n<li>Inclinaci\u00f3n\/rotaci\u00f3n de \u00e1ngulo de inclinaci\u00f3n del monitor ajustable: + 10 \u00b0\/-90 \u00b0 gire el \u00e1ngulo: 360 \u00b0<\/li>\n<li>Ajuste digital del brillo y del contraste<\/li>\n<\/ul>\n<h3>Dise\u00f1o de consola<\/h3>\n<ul>\n<li>3 puertos de sondeo activo (m\u00e1s 1 puerto sin imagen)<\/li>\n<li>HD integrado (160 GB)<\/li>\n<li>Unidad integrada de DVD + r (w)\/CD-r (w)<\/li>\n<li>Almacenamiento a bordo para perif\u00e9ricos<\/li>\n<li>Ruedas \u2013 di\u00e1metro de rueda 150m m<\/li>\n<li>Un mecanismo de bloqueo integrado que proporciona bloqueo de balanceo<\/li>\n<li>Gesti\u00f3n integrada de cables<\/li>\n<li>Manillas delanteras y traseras<\/li>\n<\/ul>\n<h3>Teclado del operador<\/h3>\n<ul>\n<li>Teclado flotante: rotaci\u00f3n: ajustable +\/-40 \u00b0 de la altura de centro ajustable + 200m m<\/li>\n<li>Teclado alfanum\u00e9rico de tama\u00f1o completo y retroiluminado<\/li>\n<li>Dise\u00f1o ergon\u00f3mico de teclas r\u00edgidas<\/li>\n<li>Iluminaci\u00f3n trasera interactiva<\/li>\n<li>Teclas de grabaci\u00f3n integradas para control remoto de hasta 4 perif\u00e9ricos o dispositivos DICOM<\/li>\n<\/ul>\n<h3>Pantalla t\u00e1ctil<\/h3>\n<ul>\n<li>10,4 en la pantalla de alta resoluci\u00f3n del CD del color<\/li>\n<li>Men\u00fa interactivo de software din\u00e1mico<\/li>\n<li>Brillo ajustable<\/li>\n<\/ul>\n<h3>Normas del sistema<\/h3>\n<ul>\n<li>Interfaz de usuario avanzada con el panel de tacto de alta resoluci\u00f3n de 10.4 pulgadas LCD<\/li>\n<li>Optimizaci\u00f3n autom\u00e1tica del tejido<\/li>\n<li>Doppler tisular<\/li>\n<li>Im\u00e1genes arm\u00f3nicas codificadas<\/li>\n<li>Excitaci\u00f3n codificada (CE)<\/li>\n<li>HD-Flow<\/li>\n<li>XTD<\/li>\n<li>Sri III (imagen de reducci\u00f3n de moteado)<\/li>\n<li>CrossXBeamCRI (resoluci\u00f3n compuesta de im\u00e1genes)<\/li>\n<li>Compuesto de Focus &amp; Frequency (FFC)<\/li>\n<li>Zoom de alta resoluci\u00f3n<\/li>\n<li>Zoom panor\u00e1mico<\/li>\n<li>Direcci\u00f3n<\/li>\n<li>Convexo virtual<\/li>\n<li>Beta-vista<\/li>\n<li>Base de datos de informaci\u00f3n del paciente<\/li>\n<li>Archivo de im\u00e1genes en un disco duro<\/li>\n<li>compresi\u00f3n de datos 3D\/4D (lossy\/Lossless)<\/li>\n<li>Inversi\u00f3n<\/li>\n<li>Calcs autom\u00e1ticos de Doppler en tiempo real<\/li>\n<li>Medici\u00f3n y c\u00e1lculos incluyendo hojas de c\u00e1lculo\/reportes para OB, GYN, vascular, cardio, abdominal, Small-Parts, Urolog\u00eda, pediatr\u00eda, Ortho, Neurolog\u00eda<\/li>\n<li>C\u00e1lculos Mutigestational<\/li>\n<\/ul>\n<h3>Opciones perif\u00e9ricas<\/h3>\n<ul>\n<li>Impresoras integradas:<\/li>\n<li>Impresoras t\u00e9rmicas B&amp;W<\/li>\n<li>Impresoras t\u00e9rmicas de color<\/li>\n<li>Grabadora de DVD<\/li>\n<li>M\u00f3dulo digital de ECG<\/li>\n<li>Impresora de escritorio del color de la PC del external y kits de conexi\u00f3n<\/li>\n<\/ul>\n<h3>Energ\u00eda el\u00e9ctrica<\/h3>\n<ul>\n<li>Voltaje: 100-130-220-240 VAC<\/li>\n<li>Frecuencia: 50\/60 Hz<\/li>\n<li>Potencia: m\u00e1x. 1000VA con los perif\u00e9rico a bordo<\/li>\n<li>Salida termal: 3446 BTU\/h<\/li>\n<\/ul>\n<h3>Modos de operaci\u00f3n<\/h3>\n<ul>\n<li style=\"list-style-type: none;\">\n<ul>\n<li>Modo B (2D)<\/li>\n<li>M-Mode (m)<\/li>\n<li>M-color-Mode (MC)<\/li>\n<li>Modo del flujo del color (C)<\/li>\n<li>Proyecci\u00f3n de imagen de Doppler de la energ\u00eda (paladio)<\/li>\n<li>Im\u00e1genes Doppler tisulares (TD)<\/li>\n<li>HD-flujo de im\u00e1genes (HD-Flow)<\/li>\n<li>PW Doppler con alto PRF (PW)<\/li>\n<li>B-Flow<\/li>\n<li>Vista extendida (vista XTD)<\/li>\n<li>Im\u00e1genes de contratos codificados (medios de contraste)<\/li>\n<li>Modo del volumen (3D\/4D): \u2022 est\u00e1tico 3D<\/li>\n<li>4D en tiempo real<\/li>\n<li>VCI-A, VCI-C<\/li>\n<li>STIC\/color, Angio, HD-fluyen, contraste y B-fluyen<\/li>\n<li>Biopsia de 4 D<\/li>\n<\/ul>\n<\/li>\n<\/ul>\n<p>[\/vc_column_text][\/vc_column][\/vc_row]<\/p>\n<\/div>","protected":false},"excerpt":{"rendered":"<p>[vc_row][vc_column][vc_column_text css=\u00bb\u00bb] GE Voluson E8 El GE Voluson E8 es un sistema de ultrasonido Premium para las necesidades de salud de sus mujeres, incluyendo&#8230;<\/p>\n","protected":false},"featured_media":9274,"template":"","meta":{"_acf_changed":false,"_relevanssi_hide_post":"","_relevanssi_hide_content":"","_relevanssi_pin_for_all":"","_relevanssi_pin_keywords":"","_relevanssi_unpin_keywords":"","_relevanssi_related_keywords":"","_relevanssi_related_include_ids":"","_relevanssi_related_exclude_ids":"","_relevanssi_related_no_append":"","_relevanssi_related_not_related":"","_relevanssi_related_posts":"","_relevanssi_noindex_reason":"","inline_featured_image":false},"pwb-brand":[1100],"product_brand":[],"product_cat":[91],"product_tag":[2186,224,2157,2187,1901,1900,2154,2188],"class_list":{"0":"post-9271","1":"product","2":"type-product","3":"status-publish","4":"has-post-thumbnail","6":"pwb-brand-equipo-medico-ge","7":"product_cat-ultrasonidos","8":"product_tag-e8","9":"product_tag-ge","10":"product_tag-ge-voluson","11":"product_tag-ge-voluson-e8","12":"product_tag-ultrasonido","13":"product_tag-ultrasonidos","14":"product_tag-voluson","15":"product_tag-voluson-e8","17":"first","18":"instock","19":"shipping-taxable","20":"purchasable","21":"product-type-simple"},"acf":[],"brands":[{"id":1100,"name":"GE","slug":"equipo-medico-ge"}],"_links":{"self":[{"href":"https:\/\/www.somatechnology.com\/spanish\/wp-json\/wp\/v2\/product\/9271","targetHints":{"allow":["GET"]}}],"collection":[{"href":"https:\/\/www.somatechnology.com\/spanish\/wp-json\/wp\/v2\/product"}],"about":[{"href":"https:\/\/www.somatechnology.com\/spanish\/wp-json\/wp\/v2\/types\/product"}],"wp:featuredmedia":[{"embeddable":true,"href":"https:\/\/www.somatechnology.com\/spanish\/wp-json\/wp\/v2\/media\/9274"}],"wp:attachment":[{"href":"https:\/\/www.somatechnology.com\/spanish\/wp-json\/wp\/v2\/media?parent=9271"}],"wp:term":[{"taxonomy":"pwb-brand","embeddable":true,"href":"https:\/\/www.somatechnology.com\/spanish\/wp-json\/wp\/v2\/pwb-brand?post=9271"},{"taxonomy":"product_brand","embeddable":true,"href":"https:\/\/www.somatechnology.com\/spanish\/wp-json\/wp\/v2\/product_brand?post=9271"},{"taxonomy":"product_cat","embeddable":true,"href":"https:\/\/www.somatechnology.com\/spanish\/wp-json\/wp\/v2\/product_cat?post=9271"},{"taxonomy":"product_tag","embeddable":true,"href":"https:\/\/www.somatechnology.com\/spanish\/wp-json\/wp\/v2\/product_tag?post=9271"}],"curies":[{"name":"wp","href":"https:\/\/api.w.org\/{rel}","templated":true}]}}