{"id":9277,"date":"2018-03-15T20:16:08","date_gmt":"2018-03-15T20:16:08","guid":{"rendered":"https:\/\/www.somatechnology.com\/spanish\/?post_type=product&#038;p=9277"},"modified":"2025-12-11T02:14:45","modified_gmt":"2025-12-11T07:14:45","slug":"ge-voluson-e6","status":"publish","type":"product","link":"https:\/\/www.somatechnology.com\/spanish\/equipo-medico-usado-remanufacturado\/imagenologia-radiologia\/ultrasonidos\/ge-voluson-e6\/","title":{"rendered":"GE Voluson E6"},"content":{"rendered":"<div class=\"wpb-content-wrapper\"><p>[vc_row][vc_column][vc_column_text css=\u00bb\u00bb]<\/p>\n<h2>GE Voluson E6<\/h2>\n<p>El Voluson E6 BT &#8216; 09 es un sistema de atenci\u00f3n de la salud de las mujeres de primera que ofrece una nueva generaci\u00f3n de calidad de imagen utilizando herramientas de diagn\u00f3stico innovador para diagn\u00f3sticos anteriores y abre la puerta para las innovaciones de imagen para venir.<\/p>\n<ul>\n<li>Pantalla plana de alta resoluci\u00f3n 19 \u2033<\/li>\n<li>4D avanzado<\/li>\n<li>STIC<\/li>\n<li>SonoAVC SonoAVCTMFollicle \u2013 cuenta de volumen automatizado Sono \u2013 SonoVCADTMHeart<\/li>\n<li>SonoVCADTMLabor<\/li>\n<li>VCI avanzado<\/li>\n<li>Asistente de escaneo<\/li>\n<li>M-modo anat\u00f3mico<\/li>\n<li>Ajuste el\u00e9ctrico de la altura \u2013 interfaz de usuario flotante<\/li>\n<li>Archivado a bordo, incluyendo preselecci\u00f3n y vista previa<\/li>\n<\/ul>\n<h3>Dimensiones<\/h3>\n<ul>\n<li>Dimensiones altura: 1393 mm (54,8 in) regulable: + 190 mm (7,48 in); Anchura: 580 mil\u00edmetro (22,8 adentro); Profundidad: 930 mm (36,6 pulg.)<\/li>\n<li>Peso 131 kg (289 lb)<\/li>\n<\/ul>\n<h3>Energ\u00eda el\u00e9ctrica<\/h3>\n<ul>\n<li>Voltaje: 100, 115-130, 220-240 VAC<\/li>\n<li>Frecuencia: 50\/60 Hz (+\/-2%)<\/li>\n<li>Potencia: m\u00e1x. 1000 va con perif\u00e9ricos a bordo<\/li>\n<li>Salida termal: 3446 BTU\/h<\/li>\n<\/ul>\n<h3>Dise\u00f1o de consola<\/h3>\n<ul>\n<li>3 puertos de sondeo activo (m\u00e1s 1 puerto sin imagen)<\/li>\n<li>HDD integrado (320 GB)<\/li>\n<li>Unidad integrada de DVD +\/-r (w)\/CD-r (w)<\/li>\n<li>Almacenamiento a bordo para perif\u00e9ricos<\/li>\n<li>Ruedas \u2013 di\u00e1metro de rueda 150 mm<\/li>\n<li>Mecanismo de bloqueo integrado que proporciona bloqueo de balanceo<\/li>\n<li>Gesti\u00f3n integrada de cables<\/li>\n<li>Manillas delanteras y traseras<\/li>\n<\/ul>\n<h3>Teclado del operador<\/h3>\n<ul>\n<li>Teclado flotante:<\/li>\n<li>Rotaci\u00f3n: ajustable +\/-40 \u00b0 de la altura de centro ajustable + 200m m<\/li>\n<li>Teclado alfanum\u00e9rico de tama\u00f1o completo y retroiluminado<\/li>\n<li>Dise\u00f1o ergon\u00f3mico de teclas r\u00edgidas<\/li>\n<li>Iluminaci\u00f3n trasera interactiva<\/li>\n<li>Llaves de grabaci\u00f3n integradas para control remoto de hasta 4 perif\u00e9ricos o dispositivos DICOM, una clave de grabaci\u00f3n de DVD dedicada<\/li>\n<\/ul>\n<h3>Pantalla t\u00e1ctil<\/h3>\n<ul>\n<li>10,4 en la pantalla de alta resoluci\u00f3n del LCD del color<\/li>\n<li>Men\u00fa interactivo de software din\u00e1mico<\/li>\n<li>Brillo ajustable<\/li>\n<\/ul>\n<h3>Monitor<\/h3>\n<ul>\n<li>Monitor del LCD de 19 \u00abHigh res con el interfaz de DVI<\/li>\n<li>Resoluci\u00f3n SXGA 1280 x 1024 p\u00edxeles<\/li>\n<li>Alto brillo con 350 CD\/m2<\/li>\n<li>Inclinaci\u00f3n\/rotaci\u00f3n del monitor ajustable: \u00e1ngulo de inclinaci\u00f3n: + 10 \u00b0\/-90 \u00b0<\/li>\n<li>\u00c1ngulo de Hor. Rotate: +\/-115 \u00b0<\/li>\n<li>Ajuste digital de brillo y contraste. OSD, accionado por control remoto por el sistema. Tres ajustes predeterminados: cuarto oscuro, cuarto semi-oscuro, sitio brillante<\/li>\n<\/ul>\n<h3>Aplicaciones<\/h3>\n<ul>\n<li>Abdominal<\/li>\n<li>Obstetricia<\/li>\n<li>Piezas ginecol\u00f3gicas y peque\u00f1as<\/li>\n<li>Pediatr\u00eda<\/li>\n<li>Ortho<\/li>\n<li>Urolog\u00eda<\/li>\n<li>Cardiolog\u00eda<\/li>\n<li>Neurolog\u00eda<\/li>\n<\/ul>\n<h3>Modos de funcionamiento<\/h3>\n<ul>\n<li>Modo B (2D)<\/li>\n<li>M-modo (m-modo convencional)<\/li>\n<li>AMM (M-Mode anat\u00f3mico)<\/li>\n<li>PW-Doppler con alto PRF (PW)<\/li>\n<li>Proyecci\u00f3n de imagen de CW-Doppler (CW)<\/li>\n<li>Alto modo de Doppler de PRF<\/li>\n<li>Modo del flujo Doppler del color (cfm)<\/li>\n<li>Modo de la energ\u00eda Doppler (paladio)<\/li>\n<li>HD-fluyen modo de Doppler (HD-fluyen)<\/li>\n<li>Modo Doppler tisular (TD)<\/li>\n<li>B-Flow (BF)<\/li>\n<li>Modo de agente de contraste (no disponible en todos los pa\u00edses) \u2022 modo m F bajo (m\/CF, m\/HD-Flow, m\/TD)<\/li>\n<li>Modo del volumen (3D\/4D): 3D est\u00e1tico, 4D en tiempo real, VCI-A, VCI-OmniView, STIC\/color, Angio, HD-fluyen, contraste y B-fluyen, biopsia 4D<\/li>\n<\/ul>\n<h3>M\u00e9todos de escaneo<\/h3>\n<ul>\n<li>Sector electr\u00f3nico<\/li>\n<li>Convexo electr\u00f3nico<\/li>\n<li>Lineal electr\u00f3nico<\/li>\n<li>Barrido mec\u00e1nico del volumen<\/li>\n<\/ul>\n<h3>Tipos de transductores<\/h3>\n<ul>\n<li>Matriz escalonada del sector<\/li>\n<li>Matriz convexa<\/li>\n<li>Matriz microconvexa<\/li>\n<li>Array lineal<\/li>\n<li>Matriz convexa activa (1,25, 1.5 d)<\/li>\n<li>Matriz lineal activa (1,25, 1.5 d)<\/li>\n<li>Puntas de prueba del volumen &#8216; 4D &#8216;: arsenal convexo, arsenal microconvexo, arsenal linear<\/li>\n<li>Puntas de prueba del l\u00e1piz (CW)<\/li>\n<\/ul>\n<p>[\/vc_column_text][\/vc_column][\/vc_row]<\/p>\n<\/div>","protected":false},"excerpt":{"rendered":"<p>Ultrasonidos<\/p>\n","protected":false},"featured_media":25540,"template":"","meta":{"_acf_changed":false,"_relevanssi_hide_post":"","_relevanssi_hide_content":"","_relevanssi_pin_for_all":"","_relevanssi_pin_keywords":"","_relevanssi_unpin_keywords":"","_relevanssi_related_keywords":"","_relevanssi_related_include_ids":"","_relevanssi_related_exclude_ids":"","_relevanssi_related_no_append":"","_relevanssi_related_not_related":"","_relevanssi_related_posts":"","_relevanssi_noindex_reason":"","inline_featured_image":false},"pwb-brand":[1100],"product_brand":[],"product_cat":[91],"product_tag":[2189,224,2192,2191,1901,1900,2154,2190],"class_list":{"0":"post-9277","1":"product","2":"type-product","3":"status-publish","4":"has-post-thumbnail","6":"pwb-brand-equipo-medico-ge","7":"product_cat-ultrasonidos","8":"product_tag-e6","9":"product_tag-ge","10":"product_tag-ge-e6","11":"product_tag-ge-voluson-e6","12":"product_tag-ultrasonido","13":"product_tag-ultrasonidos","14":"product_tag-voluson","15":"product_tag-voluson-e6","17":"first","18":"instock","19":"shipping-taxable","20":"purchasable","21":"product-type-simple"},"acf":[],"brands":[{"id":1100,"name":"GE","slug":"equipo-medico-ge"}],"_links":{"self":[{"href":"https:\/\/www.somatechnology.com\/spanish\/wp-json\/wp\/v2\/product\/9277","targetHints":{"allow":["GET"]}}],"collection":[{"href":"https:\/\/www.somatechnology.com\/spanish\/wp-json\/wp\/v2\/product"}],"about":[{"href":"https:\/\/www.somatechnology.com\/spanish\/wp-json\/wp\/v2\/types\/product"}],"wp:featuredmedia":[{"embeddable":true,"href":"https:\/\/www.somatechnology.com\/spanish\/wp-json\/wp\/v2\/media\/25540"}],"wp:attachment":[{"href":"https:\/\/www.somatechnology.com\/spanish\/wp-json\/wp\/v2\/media?parent=9277"}],"wp:term":[{"taxonomy":"pwb-brand","embeddable":true,"href":"https:\/\/www.somatechnology.com\/spanish\/wp-json\/wp\/v2\/pwb-brand?post=9277"},{"taxonomy":"product_brand","embeddable":true,"href":"https:\/\/www.somatechnology.com\/spanish\/wp-json\/wp\/v2\/product_brand?post=9277"},{"taxonomy":"product_cat","embeddable":true,"href":"https:\/\/www.somatechnology.com\/spanish\/wp-json\/wp\/v2\/product_cat?post=9277"},{"taxonomy":"product_tag","embeddable":true,"href":"https:\/\/www.somatechnology.com\/spanish\/wp-json\/wp\/v2\/product_tag?post=9277"}],"curies":[{"name":"wp","href":"https:\/\/api.w.org\/{rel}","templated":true}]}}