{"id":9279,"date":"2018-03-15T20:29:17","date_gmt":"2018-03-15T20:29:17","guid":{"rendered":"https:\/\/www.somatechnology.com\/spanish\/?post_type=product&#038;p=9279"},"modified":"2025-12-11T01:40:22","modified_gmt":"2025-12-11T06:40:22","slug":"ge-voluson-e10","status":"publish","type":"product","link":"https:\/\/www.somatechnology.com\/spanish\/equipo-medico-usado-remanufacturado\/imagenologia-radiologia\/ultrasonidos\/ge-voluson-e10\/","title":{"rendered":"GE Voluson E10"},"content":{"rendered":"<div class=\"wpb-content-wrapper\"><p>[vc_row][vc_column][vc_column_text css=\u00bb\u00bb]<\/p>\n<h2>GE Voluson E10<\/h2>\n<p>La diferencia entre el GE Voluson E10 y los otros modelos Voluson se basa en la dedicaci\u00f3n a la salud de la mujer \u2013 nos asociamos con nuestros clientes para entender los requisitos para el cambio de ambiente m\u00e9dico. Nuestras alianzas con clientes nos mantienen en contacto con las \u00faltimas tendencias en diagn\u00f3stico y tratamiento m\u00e9dico para desarrollar soluciones para maximizar el rendimiento y eficiencia de la imagen. El Voluson E10 fue dise\u00f1ado con nuestros clientes en mente.<\/p>\n<ul>\n<li>Empuje los l\u00edmites de calidad de imagen extraordinaria para respuestas seguras a trav\u00e9s de claridad, velocidad y flexibilidad.<\/li>\n<li>Muestre m\u00e1s detalle y claridad de la imagen en menos tiempo con la tecnolog\u00eda electr\u00f3nica de la punta de prueba de la matriz 4D a trav\u00e9s de velocidades ultra-r\u00e1pidas del marco, formatos flexibles de la proyecci\u00f3n de imagen, y resoluci\u00f3n excelente<\/li>\n<li>Aumente la eficacia y la exactitud del examen a trav\u00e9s de herramientas de automatizaci\u00f3n Voluson<\/li>\n<li>Conectar y compartir con seguridad los hallazgos de ultrasonido con pacientes y colegas<\/li>\n<li>Simplificar el proceso de examen, desde la programaci\u00f3n del paciente hasta el reporting de ex\u00e1menes, con Voluson y punto de vista que le permite enfocarse en sus necesidades de pacientes<\/li>\n<\/ul>\n<h3>Visi\u00f3n general del sistema<\/h3>\n<ul>\n<li>A\u00f1o de lanzamiento: 2014<\/li>\n<li>Monitor (pulgada): 23 \u00abLED<\/li>\n<li>Inclinaci\u00f3n\/rotaci\u00f3n del monitor ajustable: s\u00ed<\/li>\n<li>Resoluci\u00f3n del monitor: 1920 * 1080<\/li>\n<li>Pantalla t\u00e1ctil (pulgada): 12,1 \u00ab<\/li>\n<li>Bater\u00eda: s\u00ed (hasta 20min)<\/li>\n<li>Peso: 324lbs (147Kg)<\/li>\n<\/ul>\n<h3>Profundidad de campo<\/h3>\n<ul>\n<li>Profundidad m\u00e1xima del campo: los 30cm<\/li>\n<li>Profundidad m\u00ednima del campo: los 0-2cm<\/li>\n<\/ul>\n<h3>Conectividad<\/h3>\n<ul>\n<li>DICOM 3,0: s\u00ed<\/li>\n<li>SR_Vascular DICOM: s\u00ed<\/li>\n<li>DICOM SR_OB\/GYN: s\u00ed<\/li>\n<li>JPEG, WMV, &amp; AVI: s\u00ed<\/li>\n<li>USB: s\u00ed<\/li>\n<li>HDD\/SDD: 500GB<\/li>\n<li>DVD\/CD RW: s\u00ed<\/li>\n<li>LAN inal\u00e1mbrica: s\u00ed (opci\u00f3n)<\/li>\n<\/ul>\n<h3>Administraci\u00f3n de datos r\u00e1pida y segura<\/h3>\n<ul>\n<li>Grabadora de v\u00eddeo digital de software integrado, incluida la grabaci\u00f3n USB<\/li>\n<li>Fast USB 3,0 conectividad<\/li>\n<li>Integraci\u00f3n f\u00e1cil de DICOM<\/li>\n<\/ul>\n<h3>Monitor LED<\/h3>\n<ul>\n<li>Dise\u00f1o personalizable para que coincida con sus necesidades de flujo de trabajo<\/li>\n<li>Vista previa del informe que permite retroalimentaci\u00f3n inmediata sobre mediciones diagn\u00f3sticas<\/li>\n<li>La presentaci\u00f3n de la imagen en formato est\u00e1ndar o XL le permite ver detalles min\u00fasculos claramente<\/li>\n<\/ul>\n<p>[\/vc_column_text][\/vc_column][\/vc_row]<\/p>\n<\/div>","protected":false},"excerpt":{"rendered":"<p>Ultrasonidos<\/p>\n","protected":false},"featured_media":25539,"template":"","meta":{"_acf_changed":false,"_relevanssi_hide_post":"","_relevanssi_hide_content":"","_relevanssi_pin_for_all":"","_relevanssi_pin_keywords":"","_relevanssi_unpin_keywords":"","_relevanssi_related_keywords":"","_relevanssi_related_include_ids":"","_relevanssi_related_exclude_ids":"","_relevanssi_related_no_append":"","_relevanssi_related_not_related":"","_relevanssi_related_posts":"","_relevanssi_noindex_reason":"","inline_featured_image":false},"pwb-brand":[1100],"product_brand":[],"product_cat":[91],"product_tag":[2193,224,2195,2157,2194,1901,1900,2154,2196],"class_list":{"0":"post-9279","1":"product","2":"type-product","3":"status-publish","4":"has-post-thumbnail","6":"pwb-brand-equipo-medico-ge","7":"product_cat-ultrasonidos","8":"product_tag-e10","9":"product_tag-ge","10":"product_tag-ge-e10","11":"product_tag-ge-voluson","12":"product_tag-ge-voluson-e10","13":"product_tag-ultrasonido","14":"product_tag-ultrasonidos","15":"product_tag-voluson","16":"product_tag-voluson-e10","18":"first","19":"instock","20":"shipping-taxable","21":"purchasable","22":"product-type-simple"},"acf":[],"brands":[{"id":1100,"name":"GE","slug":"equipo-medico-ge"}],"_links":{"self":[{"href":"https:\/\/www.somatechnology.com\/spanish\/wp-json\/wp\/v2\/product\/9279","targetHints":{"allow":["GET"]}}],"collection":[{"href":"https:\/\/www.somatechnology.com\/spanish\/wp-json\/wp\/v2\/product"}],"about":[{"href":"https:\/\/www.somatechnology.com\/spanish\/wp-json\/wp\/v2\/types\/product"}],"wp:featuredmedia":[{"embeddable":true,"href":"https:\/\/www.somatechnology.com\/spanish\/wp-json\/wp\/v2\/media\/25539"}],"wp:attachment":[{"href":"https:\/\/www.somatechnology.com\/spanish\/wp-json\/wp\/v2\/media?parent=9279"}],"wp:term":[{"taxonomy":"pwb-brand","embeddable":true,"href":"https:\/\/www.somatechnology.com\/spanish\/wp-json\/wp\/v2\/pwb-brand?post=9279"},{"taxonomy":"product_brand","embeddable":true,"href":"https:\/\/www.somatechnology.com\/spanish\/wp-json\/wp\/v2\/product_brand?post=9279"},{"taxonomy":"product_cat","embeddable":true,"href":"https:\/\/www.somatechnology.com\/spanish\/wp-json\/wp\/v2\/product_cat?post=9279"},{"taxonomy":"product_tag","embeddable":true,"href":"https:\/\/www.somatechnology.com\/spanish\/wp-json\/wp\/v2\/product_tag?post=9279"}],"curies":[{"name":"wp","href":"https:\/\/api.w.org\/{rel}","templated":true}]}}