{"id":9291,"date":"2018-03-16T18:25:25","date_gmt":"2018-03-16T18:25:25","guid":{"rendered":"https:\/\/www.somatechnology.com\/spanish\/?post_type=product&#038;p=9291"},"modified":"2025-12-11T05:36:06","modified_gmt":"2025-12-11T10:36:06","slug":"ge-vivid-s70","status":"publish","type":"product","link":"https:\/\/www.somatechnology.com\/spanish\/equipo-medico-usado-remanufacturado\/imagenologia-radiologia\/ultrasonidos\/ge-vivid-s70\/","title":{"rendered":"GE Vivid S70"},"content":{"rendered":"<div class=\"wpb-content-wrapper\"><p>[vc_row][vc_column][vc_column_text css=\u00bb\u00bb]Al combinar la amplitud probada y el rendimiento de la l\u00ednea de productos Vivid con la plataforma de reconstrucci\u00f3n de im\u00e1genes Beamformer de gran alcance, basada en software cSound \u2122, la v\u00edvida S70 lleva el ultrasonido a un nivel completamente nuevo, proporcionando una excelente calidad de imagen en el coraz\u00f3n como as\u00ed como el servicio compartido a un precio asequible. En comparaci\u00f3n con muchos esc\u00e1neres convencionales, el sistema adquiere m\u00e1s informaci\u00f3n por adelantado, logrando datos coherentes en una amplia variedad de pacientes, al tiempo que permite muchas herramientas de cuantificaci\u00f3n valiosas y mejoras en el flujo de trabajo que apoyan un eficiente y diagn\u00f3stico seguro.<\/p>\n<ul>\n<li>Excelente calidad de visualizaci\u00f3n en formatos 2D, Colorflow y Doppler y 4D<\/li>\n<li>Excelente resoluci\u00f3n espacial y detalle<\/li>\n<li>Nuevas capacidades incluyendo la cuantificaci\u00f3n automatizada del LV y MVS<\/li>\n<li>Peque\u00f1a huella<\/li>\n<li>Panel de control y monitor ajustables<\/li>\n<li>monitor de 19 \u00abLED con el brazo de articulaci\u00f3n<\/li>\n<li>12,1 \u00abtouchscreen<\/li>\n<li>Triplano de im\u00e1genes<\/li>\n<\/ul>\n<h3>Conectividad<\/h3>\n<ul>\n<li>Transferencia de im\u00e1genes y mediciones<\/li>\n<li>Datos crudos y todas las medidas (incluyendo modificado para requisitos particulares) de los sistemas de Vivid \u2122<\/li>\n<li>DICOM * * y Public DICOM Sr de 3\u00aa parte<\/li>\n<li>EchoPac post-processing<\/li>\n<li>Acceso completo a los datos de GE RAW<\/li>\n<li>Acceso a todas las herramientas de medici\u00f3n v\u00edvidas<\/li>\n<li>Revisi\u00f3n, post-proceso, y medida usando AFI, el anotar del movimiento de la pared, el etc.<\/li>\n<li>Gesti\u00f3n de im\u00e1genes<\/li>\n<li>Almacene y repase los bucles de cine y las im\u00e1genes est\u00e1ticas<\/li>\n<li>Mida<\/li>\n<li>Anotar<\/li>\n<li>Exportar<\/li>\n<li>Enviar a\/recuperar de almacenamiento de informaci\u00f3n a largo plazo<\/li>\n<li>Informes<\/li>\n<li>Crear informes limpios, completos y f\u00e1ciles de leer<\/li>\n<li>Informes completos m\u00e1s r\u00e1pidamente con plantillas de informe r\u00e1pido<\/li>\n<li>Plantillas de reportes para TTE, Tee, stress, vascular<\/li>\n<\/ul>\n<h3>Ergonom\u00eda<\/h3>\n<p>Designed for Reliability and Easy-of-Use<\/p>\n<ul>\n<li>Flex Fit \u2013 Adjust control panel and monitor for comfort and convenience<\/li>\n<li>Easy mobility with smart standby<\/li>\n<li>Small footprint<\/li>\n<li>1\u201d touchscreen<\/li>\n<li>19\u201d LED monitor with articulating arm<\/li>\n<\/ul>\n<h3>Flujo de trabajo<\/h3>\n<ul>\n<li>Agilizar los ex\u00e1menes<\/li>\n<li>Vivid S70 con Csound performance empodera a su equipo con una variedad de herramientas eficientes. Usted encontrar\u00e1 f\u00e1cil conseguir la informaci\u00f3n constante a trav\u00e9s de una gran variedad de pacientes. Y c\u00f3mo las herramientas como la capacidad de cuantificar las anomal\u00edas del movimiento de la pared pueden ayudarle a diagnosticar. Tambi\u00e9n apreciar\u00e1 la experiencia simple como Tablet del gestor de im\u00e1genes y la interfaz configurable.<\/li>\n<\/ul>\n<h3>Cuantificaci\u00f3n<\/h3>\n<ul>\n<li>Definir la ruta de acceso del cuidado<\/li>\n<li>La cuantificaci\u00f3n con GE Vivid S70 se trata de ayudar a los proveedores a evaluar y abordar los problemas cardiovasculares. Cuente con un conjunto completo de herramientas sencillas e intuitivas para apoyar su trabajo.<\/li>\n<\/ul>\n<h3>Visualizaci\u00f3n<\/h3>\n<ul>\n<li>Excepcional 2D TTE \u2022 eco Doppler color adulto<\/li>\n<li>B-Flow<\/li>\n<li>4D TTE excepcional<\/li>\n<\/ul>\n<p>[\/vc_column_text][\/vc_column][\/vc_row]<\/p>\n<\/div>","protected":false},"excerpt":{"rendered":"<p>Ultrasonidos<\/p>\n","protected":false},"featured_media":25537,"template":"","meta":{"_acf_changed":false,"_relevanssi_hide_post":"","_relevanssi_hide_content":"","_relevanssi_pin_for_all":"","_relevanssi_pin_keywords":"","_relevanssi_unpin_keywords":"","_relevanssi_related_keywords":"","_relevanssi_related_include_ids":"","_relevanssi_related_exclude_ids":"","_relevanssi_related_no_append":"","_relevanssi_related_not_related":"","_relevanssi_related_posts":"","_relevanssi_noindex_reason":"","inline_featured_image":false},"pwb-brand":[1100],"product_brand":[],"product_cat":[91],"product_tag":[224,1991,2203,2202,1901,1900,1992,2204],"class_list":{"0":"post-9291","1":"product","2":"type-product","3":"status-publish","4":"has-post-thumbnail","6":"pwb-brand-equipo-medico-ge","7":"product_cat-ultrasonidos","8":"product_tag-ge","9":"product_tag-ge-vivid","10":"product_tag-ge-vivid-s70","11":"product_tag-s70","12":"product_tag-ultrasonido","13":"product_tag-ultrasonidos","14":"product_tag-vivid","15":"product_tag-vivid-s70","17":"first","18":"instock","19":"shipping-taxable","20":"purchasable","21":"product-type-simple"},"acf":[],"brands":[{"id":1100,"name":"GE","slug":"equipo-medico-ge"}],"_links":{"self":[{"href":"https:\/\/www.somatechnology.com\/spanish\/wp-json\/wp\/v2\/product\/9291","targetHints":{"allow":["GET"]}}],"collection":[{"href":"https:\/\/www.somatechnology.com\/spanish\/wp-json\/wp\/v2\/product"}],"about":[{"href":"https:\/\/www.somatechnology.com\/spanish\/wp-json\/wp\/v2\/types\/product"}],"wp:featuredmedia":[{"embeddable":true,"href":"https:\/\/www.somatechnology.com\/spanish\/wp-json\/wp\/v2\/media\/25537"}],"wp:attachment":[{"href":"https:\/\/www.somatechnology.com\/spanish\/wp-json\/wp\/v2\/media?parent=9291"}],"wp:term":[{"taxonomy":"pwb-brand","embeddable":true,"href":"https:\/\/www.somatechnology.com\/spanish\/wp-json\/wp\/v2\/pwb-brand?post=9291"},{"taxonomy":"product_brand","embeddable":true,"href":"https:\/\/www.somatechnology.com\/spanish\/wp-json\/wp\/v2\/product_brand?post=9291"},{"taxonomy":"product_cat","embeddable":true,"href":"https:\/\/www.somatechnology.com\/spanish\/wp-json\/wp\/v2\/product_cat?post=9291"},{"taxonomy":"product_tag","embeddable":true,"href":"https:\/\/www.somatechnology.com\/spanish\/wp-json\/wp\/v2\/product_tag?post=9291"}],"curies":[{"name":"wp","href":"https:\/\/api.w.org\/{rel}","templated":true}]}}