{"id":9295,"date":"2018-03-16T18:39:56","date_gmt":"2018-03-16T18:39:56","guid":{"rendered":"https:\/\/www.somatechnology.com\/spanish\/?post_type=product&#038;p=9295"},"modified":"2025-12-11T05:38:30","modified_gmt":"2025-12-11T10:38:30","slug":"ge-vivid-s60","status":"publish","type":"product","link":"https:\/\/www.somatechnology.com\/spanish\/equipo-medico-usado-remanufacturado\/imagenologia-radiologia\/ultrasonidos\/ge-vivid-s60\/","title":{"rendered":"GE Vivid S60"},"content":{"rendered":"<div class=\"wpb-content-wrapper\"><p>[vc_row][vc_column][vc_column_text css=\u00bb\u00bb]Combinando la amplitud probada y el funcionamiento de la l\u00ednea de productos viva con el cSound de gran alcance, software Beamformer la plataforma de la reconstrucci\u00f3n de la imagen, el vivo S60 lleva ultrasonido a un nuevo nivel entero que entrega calidad excelente de la imagen en un precio comprable.<\/p>\n<p>En comparaci\u00f3n con muchos esc\u00e1neres convencionales, el sistema adquiere m\u00e1s informaci\u00f3n por adelantado, logrando datos coherentes en una amplia variedad de pacientes, al tiempo que permite muchas herramientas de cuantificaci\u00f3n valiosas y mejoras en el flujo de trabajo que apoyan un eficiente y un diagn\u00f3stico seguro.<\/p>\n<ul>\n<li>Excelente calidad de visualizaci\u00f3n en 2D, flujo de color y Doppler<\/li>\n<li>Excelente resoluci\u00f3n espacial y detalle<\/li>\n<li>Nuevas capacidades, incluyendo la cuantificaci\u00f3n automatizada del LV<\/li>\n<li>Ajuste de Flex \u2013 ajuste el panel de control y el monitor para mayor comodidad y conveniencia<\/li>\n<li>Movilidad f\u00e1cil con el recurso seguro elegante<\/li>\n<li>Peque\u00f1a huella<\/li>\n<li>12,1 \u00abtouchscreen<\/li>\n<li>Monitor de 19 \u00abLED con el brazo de articulaci\u00f3n<\/li>\n<\/ul>\n<h3>CSound<\/h3>\n<ul>\n<li>Frente a diversos tipos de cuerpos y problemas m\u00e9dicos complejos, muchos sistemas convencionales de ultrasonido con demasiada frecuencia rinden ex\u00e1menes no diagn\u00f3sticos que pueden dificultar la eficiencia de la atenci\u00f3n coordinada. Reconociendo este desaf\u00edo, GE ha llevado el ultrasonido cardiovascular a un nivel m\u00e1s alto con una nueva plataforma de la proyecci\u00f3n de imagen llamada cSound.<\/li>\n<\/ul>\n<h3>Visualizaci\u00f3n<\/h3>\n<ul>\n<li>Experimente la excepcional calidad de imagen 2D impulsada por la avanzada tecnolog\u00eda de reconstrucci\u00f3n y gr\u00e1ficos basados en software de cSound. Adem\u00e1s, vea las im\u00e1genes detalladas del coraz\u00f3n para la evaluaci\u00f3n y los diagn\u00f3sticos en el laboratorio de eco.<\/li>\n<li>Doppler adulto del color del eco-la punta de prueba cardiaca de la matriz phased de 3Sc combina tecnolog\u00eda ac\u00fastica del amplificador y un r\u00e9gimen avanzado de la disipaci\u00f3n de calor para proporcionar la anchura de banda ultra-ancha y la calidad de gama alta de la imagen.<\/li>\n<li>B-Flow es una t\u00e9cnica de imagen digital que proporciona visualizaci\u00f3n en tiempo real de la hemodin\u00e1mica vascular mediante t\u00e9cnicas para aumentar los ecos de la sangre.<\/li>\n<li>Imagen de cabeza neonatal \u2013 optimizada para la cabeza neonatal, el 6S-D proporciona una excelente resoluci\u00f3n y penetraci\u00f3n.<\/li>\n<\/ul>\n<h3>Cuantificaci\u00f3n<\/h3>\n<ul>\n<li>Cuantificaci\u00f3n con Vivid * S60 se trata de ayudar a los proveedores a evaluar y abordar los problemas cardiovasculares. Cuente con un conjunto completo de herramientas sencillas e intuitivas para apoyar su trabajo.<\/li>\n<li>Auto EF \u2013 basado en un algoritmo de rastreo de moteado 2D, ayuda a medir el par\u00e1metro m\u00e1s com\u00fanmente usado para describir la funci\u00f3n de LV.<\/li>\n<li>Imagen de funci\u00f3n automatizada (AFI) \u2013 eval\u00faa y cuantifica el movimiento de la pared ventricular izquierda en reposo, calculando un gran conjunto de par\u00e1metros.<\/li>\n<li>la medici\u00f3n IMT 2D est\u00e1 totalmente integrada con las funciones de paquete de medida, hoja de c\u00e1lculo, archiving y reporting para ayudar a soportar flujos de trabajo ininterrumpidos.<\/li>\n<li>El modo M anat\u00f3mico le ayuda a realizar mediciones en el eje, incluso en planos no est\u00e1ndar, y tambi\u00e9n apoya la evaluaci\u00f3n del movimiento de la pared LV en las vistas apicales.<\/li>\n<\/ul>\n<h3>Flujo<\/h3>\n<ul>\n<li>Vivid * S60 con cSound rendimiento empodera a su equipo con una variedad de herramientas eficientes. Usted encontrar\u00e1 f\u00e1cil conseguir la informaci\u00f3n constante a trav\u00e9s de una gran variedad de pacientes. Y c\u00f3mo las herramientas como la capacidad de cuantificar las anomal\u00edas del movimiento de la pared pueden ayudarle a diagnosticar. Tambi\u00e9n apreciar\u00e1 la experiencia simple como Tablet del gestor de im\u00e1genes y la interfaz configurable.<\/li>\n<li>Interfaz de usuario \u2013 se sentir\u00e1 como en casa con la funcionalidad del panel t\u00e1ctil completo y la interfaz f\u00e1cilmente configurable.<\/li>\n<li>SmartStress \u2013 un paquete de estr\u00e9s con Memory buffer ofrece protocolos de examen de estr\u00e9s farmac\u00e9utico, de cinta de correr y de bicicleta, con plantillas configurables por el usuario y modo Shuffle.<\/li>\n<\/ul>\n<h3>Conectividad<\/h3>\n<ul>\n<li>Transferencia de im\u00e1genes y mediciones\n<ul>\n<li>Datos crudos y todas las medidas (incluyendo modificado para requisitos particulares) de los sistemas de Vivid \u2122<\/li>\n<\/ul>\n<\/li>\n<li>DICOM y Public DICOM Sr de terceros EchoPac post-processing\n<ul>\n<li>Acceso completo a los datos de GE RAW<\/li>\n<li>Acceso a todas las herramientas de medici\u00f3n v\u00edvidas<\/li>\n<li>Revisi\u00f3n, post-proceso, y medida usando AFI, el anotar del movimiento de la pared, el etc.<\/li>\n<\/ul>\n<\/li>\n<li>Gesti\u00f3n de im\u00e1genes<\/li>\n<li>Almacene y repase los bucles de cine y las im\u00e1genes est\u00e1ticas\n<ul>\n<li>Mida<\/li>\n<li>Anotar<\/li>\n<li>Exportar<\/li>\n<li>\u00a0Enviar a\/recuperar de almacenamiento de informaci\u00f3n a largo plazo<\/li>\n<\/ul>\n<\/li>\n<li>Informes\n<ul>\n<li>Crear informes limpios, completos y f\u00e1ciles de leer<\/li>\n<li>Informes completos m\u00e1s r\u00e1pidamente con plantillas de informe r\u00e1pido<\/li>\n<\/ul>\n<\/li>\n<li>Plantillas de reportes para TTE, Tee, stress, vascular<\/li>\n<li>Su interfaz (HL7)<\/li>\n<li>Datos del paciente<\/li>\n<li>Pedidos<\/li>\n<li>Interfaz EMR (HL7)<\/li>\n<li>Texto del informe<\/li>\n<li>Informe formateado (Adobe PDF * *)<\/li>\n<li>Interfaz PACS (DICOM)<\/li>\n<li>Exportar<\/li>\n<li>Archiving a largo plazo<\/li>\n<\/ul>\n<p>[\/vc_column_text][\/vc_column][\/vc_row]<\/p>\n<\/div>","protected":false},"excerpt":{"rendered":"<p>Ultrasonidos<\/p>\n","protected":false},"featured_media":25536,"template":"","meta":{"_acf_changed":false,"_relevanssi_hide_post":"","_relevanssi_hide_content":"","_relevanssi_pin_for_all":"","_relevanssi_pin_keywords":"","_relevanssi_unpin_keywords":"","_relevanssi_related_keywords":"","_relevanssi_related_include_ids":"","_relevanssi_related_exclude_ids":"","_relevanssi_related_no_append":"","_relevanssi_related_not_related":"","_relevanssi_related_posts":"","_relevanssi_noindex_reason":"","inline_featured_image":false},"pwb-brand":[1100],"product_brand":[],"product_cat":[91],"product_tag":[224,2217,2216,1991,2215,2214,2213,2212,1901,1900,1992,2219,2218],"class_list":{"0":"post-9295","1":"product","2":"type-product","3":"status-publish","4":"has-post-thumbnail","6":"pwb-brand-equipo-medico-ge","7":"product_cat-ultrasonidos","8":"product_tag-ge","9":"product_tag-ge-s-60","10":"product_tag-ge-s60","11":"product_tag-ge-vivid","12":"product_tag-ge-vivid-s-60","13":"product_tag-ge-vivid-s60","14":"product_tag-s-60","15":"product_tag-s60","16":"product_tag-ultrasonido","17":"product_tag-ultrasonidos","18":"product_tag-vivid","19":"product_tag-vivid-s-60","20":"product_tag-vivid-s60","22":"first","23":"instock","24":"shipping-taxable","25":"purchasable","26":"product-type-simple"},"acf":[],"brands":[{"id":1100,"name":"GE","slug":"equipo-medico-ge"}],"_links":{"self":[{"href":"https:\/\/www.somatechnology.com\/spanish\/wp-json\/wp\/v2\/product\/9295","targetHints":{"allow":["GET"]}}],"collection":[{"href":"https:\/\/www.somatechnology.com\/spanish\/wp-json\/wp\/v2\/product"}],"about":[{"href":"https:\/\/www.somatechnology.com\/spanish\/wp-json\/wp\/v2\/types\/product"}],"wp:featuredmedia":[{"embeddable":true,"href":"https:\/\/www.somatechnology.com\/spanish\/wp-json\/wp\/v2\/media\/25536"}],"wp:attachment":[{"href":"https:\/\/www.somatechnology.com\/spanish\/wp-json\/wp\/v2\/media?parent=9295"}],"wp:term":[{"taxonomy":"pwb-brand","embeddable":true,"href":"https:\/\/www.somatechnology.com\/spanish\/wp-json\/wp\/v2\/pwb-brand?post=9295"},{"taxonomy":"product_brand","embeddable":true,"href":"https:\/\/www.somatechnology.com\/spanish\/wp-json\/wp\/v2\/product_brand?post=9295"},{"taxonomy":"product_cat","embeddable":true,"href":"https:\/\/www.somatechnology.com\/spanish\/wp-json\/wp\/v2\/product_cat?post=9295"},{"taxonomy":"product_tag","embeddable":true,"href":"https:\/\/www.somatechnology.com\/spanish\/wp-json\/wp\/v2\/product_tag?post=9295"}],"curies":[{"name":"wp","href":"https:\/\/api.w.org\/{rel}","templated":true}]}}