{"id":9307,"date":"2018-03-16T19:14:03","date_gmt":"2018-03-16T19:14:03","guid":{"rendered":"https:\/\/www.somatechnology.com\/spanish\/?post_type=product&#038;p=9307"},"modified":"2025-12-11T01:27:06","modified_gmt":"2025-12-11T06:27:06","slug":"ge-vivid-e90","status":"publish","type":"product","link":"https:\/\/www.somatechnology.com\/spanish\/equipo-medico-usado-remanufacturado\/imagenologia-radiologia\/ultrasonidos\/ge-vivid-e90\/","title":{"rendered":"GE Vivid E90"},"content":{"rendered":"<div class=\"wpb-content-wrapper\"><p>[vc_row][vc_column][vc_column_text css=\u00bb\u00bb]<\/p>\n<h2>GE Vivid E90<\/h2>\n<p>El Vivid E90 se basa en la tecnolog\u00eda Vivid probada con mejoras masivas en el flujo de trabajo y la calidad de imagen. El GE Vivid E90 presenta la innovaci\u00f3n m\u00e1s reciente de GE Vivid con cSound, un potente beamformer basado en software en lugar de sistemas obsoletos basados en hardware. cSound cre\u00f3 un mayor rendimiento en calidad de imagen de campo cercano, definici\u00f3n de pared lateral, uniformidad de imagen y penetraci\u00f3n.<\/p>\n<p>Desde el punto de vista del flujo de trabajo, el E90 agrega una interfaz de usuario intuitiva con pantalla t\u00e1ctil. Combinado con su ergonom\u00eda l\u00edder en su clase, el E90 garantizar\u00e1 una experiencia placentera desde la perspectiva de los ecografistas. El E90 tambi\u00e9n tiene un brillante monitor OLED de 22 \u00abque se puede ver f\u00e1cilmente en habitaciones luminosas.<\/p>\n<ul>\n<li>Tecnolog\u00eda de formaci\u00f3n de haz cSound<br \/>\n\u2022 Imagen confocal verdadera para TEE<br \/>\n\u2022 Calidad de imagen premium<br \/>\n\u2022 Echo de estr\u00e9s<br \/>\n\u2022 Tecnolog\u00eda de sonda XDClear<br \/>\n\u2022 Mejora del contraste adaptativo ACE<br \/>\n\u2022 Virtual Apex<br \/>\n\u2022 Im\u00e1genes automatizadas de funci\u00f3n AFI<br \/>\n\u2022 Im\u00e1genes de la funci\u00f3n AFI Stress Automated Function para Stress Echo<br \/>\n\u2022 Monitor OLED de alta resoluci\u00f3n de 22 \u00bb<br \/>\n\u2022 Pantalla t\u00e1ctil ajustable LCD de 12 \u00bb<br \/>\n\u2022 Teclado flotante ajustable<br \/>\n\u2022 Gesti\u00f3n de datos<br \/>\n\u2022 F\u00e1cil movilidad<br \/>\n\u2022 Interfaz HIS (HL7)<br \/>\n\u2022 Interfaz EMR (HL7)<\/li>\n<\/ul>\n<h3>Dimensiones<\/h3>\n<ul>\n<li>Ancho: 554 mm, 21 3\/4 \u00ab<\/li>\n<li>Profundidad: 844 mm, 33 1\/4 \u00ab<\/li>\n<li>Altura: 1230 mm &#8211; 1670 mm, 48 3\/8 \u00ab- 65 3\/4\u00bb (mecanismo arriba \/ abajo + brazo LCD)<\/li>\n<li>Peso: 126 kg, 278 lbs<\/li>\n<\/ul>\n<h3>Monitor<\/h3>\n<ul>\n<li>Monitor OLED de pantalla panor\u00e1mica de alta resoluci\u00f3n de 22 \u00ab<\/li>\n<li>Doppler a color<\/li>\n<li>Pantalla LCD de 12 \u00ab<\/li>\n<\/ul>\n<h3>Modos de funcionamiento<\/h3>\n<ul>\n<li>Tejido 2D, flujo de color 2D, flujo angiogr\u00e1fico 2D, modo M de velocidad tisular, Doppler CW, modo M de tejido, Doppler de onda de pulso, modo M anat\u00f3mico, modo M anat\u00f3mico curva, im\u00e1genes de velocidad de tejido, seguimiento de tejido, velocidad tisular Doppler<\/li>\n<\/ul>\n<h3>Probes<\/h3>\n<ul>\n<li>M5Sc-D XDclear Active Matrix Single Crystal Phased Array Probe, 12S-D Phased Array Probe, 9L-D Linear Array Probe, 11L-D Linear Array Probe, C1-6-D XDclear Curved Array Probe (Convex), C2-9-D XDclear Curved Array Probe (Convex), 8C Micro Convex Probe, IC5-9-D Endocavity Probe, P2D Pencil Probe, P6D Pencil Probe, 6Tc TEE Probe, 6VT-D TEE probe, 9T TEE Probe<\/li>\n<\/ul>\n<h3>Energ\u00eda el\u00e9ctrica<\/h3>\n<ul>\n<li>Voltaje de entrada nominal: 100-240 VAC, 50\/60 Hz<\/li>\n<li>Consumo de energ\u00eda t\u00edpico: 500 W precolocaci\u00f3n cardiaca predeterminada con M5Sc<\/li>\n<li>Consumo de energ\u00eda clasificado: 700 W<\/li>\n<\/ul>\n<h3>Dise\u00f1o de consola<\/h3>\n<ul>\n<li>Cinco puertos de sondeo activos<\/li>\n<li>Puerto de ECG<\/li>\n<li>HDD integrado<\/li>\n<li>Puertos m\u00faltiples del USB (frente\/trasero)<\/li>\n<li>DVD-R integrado multi-Drive (opcional)<\/li>\n<li>Almacenaje a bordo para la impresora termal de B\/W<\/li>\n<li>Altavoces integrados para el sonido Premium<\/li>\n<li>Un mecanismo de bloqueo integrado que proporciona un bloqueo de balanceo y la cerradura giratoria del echador<\/li>\n<li>Gesti\u00f3n integrada de cables<\/li>\n<li>Filtros de aire extra\u00edbles de f\u00e1cil acceso para la limpieza<\/li>\n<li>Manillas delanteras y traseras<\/li>\n<li>Bandejas laterales de almacenamiento<\/li>\n<li>Bandejas\/cestas posteriores del almacenaje<\/li>\n<li>Resto de la mano<\/li>\n<\/ul>\n<p>[\/vc_column_text][\/vc_column][\/vc_row]<\/p>\n<\/div>","protected":false},"excerpt":{"rendered":"<p>Ultrasonidos<\/p>\n","protected":false},"featured_media":25450,"template":"","meta":{"_acf_changed":false,"_relevanssi_hide_post":"","_relevanssi_hide_content":"","_relevanssi_pin_for_all":"","_relevanssi_pin_keywords":"","_relevanssi_unpin_keywords":"","_relevanssi_related_keywords":"","_relevanssi_related_include_ids":"","_relevanssi_related_exclude_ids":"","_relevanssi_related_no_append":"","_relevanssi_related_not_related":"","_relevanssi_related_posts":"","_relevanssi_noindex_reason":"","inline_featured_image":false},"pwb-brand":[1100],"product_brand":[],"product_cat":[91],"product_tag":[2230,2229,224,2234,2233,1991,2232,2231,1901,1900,1992,2236,2235],"class_list":{"0":"post-9307","1":"product","2":"type-product","3":"status-publish","4":"has-post-thumbnail","6":"pwb-brand-equipo-medico-ge","7":"product_cat-ultrasonidos","8":"product_tag-e-90","9":"product_tag-e90","10":"product_tag-ge","11":"product_tag-ge-e-90","12":"product_tag-ge-e90","13":"product_tag-ge-vivid","14":"product_tag-ge-vivid-e-90","15":"product_tag-ge-vivid-e90","16":"product_tag-ultrasonido","17":"product_tag-ultrasonidos","18":"product_tag-vivid","19":"product_tag-vivid-e-90","20":"product_tag-vivid-e90","22":"first","23":"instock","24":"shipping-taxable","25":"purchasable","26":"product-type-simple"},"acf":[],"brands":[{"id":1100,"name":"GE","slug":"equipo-medico-ge"}],"_links":{"self":[{"href":"https:\/\/www.somatechnology.com\/spanish\/wp-json\/wp\/v2\/product\/9307","targetHints":{"allow":["GET"]}}],"collection":[{"href":"https:\/\/www.somatechnology.com\/spanish\/wp-json\/wp\/v2\/product"}],"about":[{"href":"https:\/\/www.somatechnology.com\/spanish\/wp-json\/wp\/v2\/types\/product"}],"wp:featuredmedia":[{"embeddable":true,"href":"https:\/\/www.somatechnology.com\/spanish\/wp-json\/wp\/v2\/media\/25450"}],"wp:attachment":[{"href":"https:\/\/www.somatechnology.com\/spanish\/wp-json\/wp\/v2\/media?parent=9307"}],"wp:term":[{"taxonomy":"pwb-brand","embeddable":true,"href":"https:\/\/www.somatechnology.com\/spanish\/wp-json\/wp\/v2\/pwb-brand?post=9307"},{"taxonomy":"product_brand","embeddable":true,"href":"https:\/\/www.somatechnology.com\/spanish\/wp-json\/wp\/v2\/product_brand?post=9307"},{"taxonomy":"product_cat","embeddable":true,"href":"https:\/\/www.somatechnology.com\/spanish\/wp-json\/wp\/v2\/product_cat?post=9307"},{"taxonomy":"product_tag","embeddable":true,"href":"https:\/\/www.somatechnology.com\/spanish\/wp-json\/wp\/v2\/product_tag?post=9307"}],"curies":[{"name":"wp","href":"https:\/\/api.w.org\/{rel}","templated":true}]}}