{"id":9316,"date":"2018-03-16T20:15:42","date_gmt":"2018-03-16T20:15:42","guid":{"rendered":"https:\/\/www.somatechnology.com\/spanish\/?post_type=product&#038;p=9316"},"modified":"2023-08-23T06:25:29","modified_gmt":"2023-08-23T10:25:29","slug":"olympus-clv-180","status":"publish","type":"product","link":"https:\/\/www.somatechnology.com\/spanish\/equipo-medico-usado-remanufacturado\/sistema-de-video-endoscopia\/fuentes-de-luz\/olympus-clv-180\/","title":{"rendered":"Olympus CLV 180"},"content":{"rendered":"<h2>Sistema de fuente de luz Olympus CLV 180<\/h2>\n<p>La fuente de luz de alta intensidad de 300-Watt entrega la iluminaci\u00f3n para accionar HDTV y una nueva caracter\u00edstica estrecha de la proyecci\u00f3n de imagen de la venda realza capacidades de la visualizaci\u00f3n.<\/p>\n<ul>\n<li>Equipado con filtros especialmente recubiertos para NBI). (s\u00f3lo para GI)<\/li>\n<li>La l\u00e1mpara se puede encender-apagar sin apagar el equipo.<\/li>\n<li>Ajusta autom\u00e1ticamente la intensidad de la luz para lograr una iluminaci\u00f3n ideal para la observaci\u00f3n del tracto gastrointestinal.<\/li>\n<li>L\u00e1mpara de xen\u00f3n de gran alcance de 300 &#8216; vatios<\/li>\n<li>Los indicadores y controles retroiluminado del panel delantero mejoran operabilidad<\/li>\n<li>Peso: 15 kg<\/li>\n<\/ul>\n<h3>Informaci\u00f3n General<\/h3>\n<ul>\n<li>Anchura: 383<\/li>\n<li>Altura: 162<\/li>\n<li>Profundidad: 536 mm<\/li>\n<li>Voltaje: CA 100-120V<\/li>\n<li>Frecuencia: 50\/60 Hz<\/li>\n<li>Consumo de energ\u00eda el\u00e9ctrica: 500VA<\/li>\n<li>Grado del fusible: 8A, 250V<\/li>\n<li>Tama\u00f1o del fusible: 5 mil\u00edmetros x 20 mil\u00edmetros<\/li>\n<\/ul>\n","protected":false},"excerpt":{"rendered":"<p>Fuente de luz<\/p>\n","protected":false},"featured_media":12554,"template":"","meta":{"_acf_changed":false,"_relevanssi_hide_post":"","_relevanssi_hide_content":"","_relevanssi_pin_for_all":"","_relevanssi_pin_keywords":"","_relevanssi_unpin_keywords":"","_relevanssi_related_keywords":"","_relevanssi_related_include_ids":"","_relevanssi_related_exclude_ids":"","_relevanssi_related_no_append":"","_relevanssi_related_not_related":"","_relevanssi_related_posts":"","_relevanssi_noindex_reason":"","inline_featured_image":false},"pwb-brand":[1080],"product_brand":[],"product_cat":[74,84],"product_tag":[2251,2250,2249,2248,2247],"class_list":{"0":"post-9316","1":"product","2":"type-product","3":"status-publish","4":"has-post-thumbnail","6":"pwb-brand-equipo-medico-olympus","7":"product_cat-fuentes-de-luz","8":"product_cat-sistema-de-video-endoscopia","9":"product_tag-clv-180-light-source","10":"product_tag-clv-180-light-source-system","11":"product_tag-olympus-clv-180","12":"product_tag-olympus-clv-180-light-source","13":"product_tag-olympus-clv-180-light-source-system","15":"first","16":"instock","17":"shipping-taxable","18":"purchasable","19":"product-type-simple"},"acf":[],"brands":[{"id":1080,"name":"Olympus","slug":"equipo-medico-olympus"}],"_links":{"self":[{"href":"https:\/\/www.somatechnology.com\/spanish\/wp-json\/wp\/v2\/product\/9316","targetHints":{"allow":["GET"]}}],"collection":[{"href":"https:\/\/www.somatechnology.com\/spanish\/wp-json\/wp\/v2\/product"}],"about":[{"href":"https:\/\/www.somatechnology.com\/spanish\/wp-json\/wp\/v2\/types\/product"}],"wp:featuredmedia":[{"embeddable":true,"href":"https:\/\/www.somatechnology.com\/spanish\/wp-json\/wp\/v2\/media\/12554"}],"wp:attachment":[{"href":"https:\/\/www.somatechnology.com\/spanish\/wp-json\/wp\/v2\/media?parent=9316"}],"wp:term":[{"taxonomy":"pwb-brand","embeddable":true,"href":"https:\/\/www.somatechnology.com\/spanish\/wp-json\/wp\/v2\/pwb-brand?post=9316"},{"taxonomy":"product_brand","embeddable":true,"href":"https:\/\/www.somatechnology.com\/spanish\/wp-json\/wp\/v2\/product_brand?post=9316"},{"taxonomy":"product_cat","embeddable":true,"href":"https:\/\/www.somatechnology.com\/spanish\/wp-json\/wp\/v2\/product_cat?post=9316"},{"taxonomy":"product_tag","embeddable":true,"href":"https:\/\/www.somatechnology.com\/spanish\/wp-json\/wp\/v2\/product_tag?post=9316"}],"curies":[{"name":"wp","href":"https:\/\/api.w.org\/{rel}","templated":true}]}}