{"id":9318,"date":"2018-03-16T20:44:30","date_gmt":"2018-03-16T20:44:30","guid":{"rendered":"https:\/\/www.somatechnology.com\/spanish\/?post_type=product&#038;p=9318"},"modified":"2023-08-23T06:25:29","modified_gmt":"2023-08-23T10:25:29","slug":"dyonics-dyobrite-3000-300-watt-xenon-light-source","status":"publish","type":"product","link":"https:\/\/www.somatechnology.com\/spanish\/equipo-medico-usado-remanufacturado\/sistema-de-video-endoscopia\/fuentes-de-luz\/dyonics-dyobrite-3000-300-watt-xenon-light-source\/","title":{"rendered":"Dyonics DyoBrite 3000 &#8211; 300 Watt Xenon Light Source"},"content":{"rendered":"<h2>Fuente de Luz del Xen\u00f3n de 300 vatios<\/h2>\n<p>La fuente de luz de DYONICS 300XL proporciona la iluminaci\u00f3n abundante para todas las especialidades endosc\u00f3picas. La operaci\u00f3n intuitiva hace que la fuente de luz 300XL sea f\u00e1cil de usar. Se controla digitalmente para asegurar el funcionamiento liso y exacto del obturador. La tecnolog\u00eda avanzada de la l\u00e1mpara de xen\u00f3n y la \u00f3ptica entregan la demanda brillante y equilibrada de los cirujanos de la iluminaci\u00f3n. Excelente ingenier\u00eda, dise\u00f1o eficiente y un rendimiento excepcional \u2013 las cualidades que usted espera del l\u00edder en im\u00e1genes endosc\u00f3picas.<\/p>\n<h2>Especificaciones del\u00a0Dyonics DyoBrite 3000<\/h2>\n<ul>\n<li>Ajuste del nivel de iluminaci\u00f3n: continuo<\/li>\n<\/ul>\n<ul>\n<li>Modo: manual, autom\u00e1tico<\/li>\n<li>Energ\u00eda necesaria, VAC: 100-120\/220-240<\/li>\n<li>Hz: 50\/60<\/li>\n<li>imensiones: 41X36X16 (16.1 x 14.2 x 6.3)<\/li>\n<li>Tipo: multiusos<\/li>\n<li>N\u00famero de conexi\u00f3n\/tipo: 1\/no especificado<\/li>\n<li>Cables ligeros equivalentes: DYONICS, lobo, otros adaptadores disponibles<\/li>\n<li>V\u00eddeo adjunto: s\u00ed<\/li>\n<li>Ajuste autom\u00e1tico de la luz: s\u00ed<\/li>\n<li>Luz de alta intensidad: s\u00ed<\/li>\n<li>L\u00e1mpara usada: xen\u00f3n<\/li>\n<li>Vatios: 300<\/li>\n<li># de l\u00e1mparas: 1<\/li>\n<li>Temp de color \u00c2 \u00b0 K: 6000<\/li>\n<li>Duraci\u00f3n de la l\u00e1mpara, HR:500<\/li>\n<\/ul>\n<p>&nbsp;<\/p>\n","protected":false},"excerpt":{"rendered":"<p>Fuentes de Luz<\/p>\n","protected":false},"featured_media":9321,"template":"","meta":{"_acf_changed":false,"_relevanssi_hide_post":"","_relevanssi_hide_content":"","_relevanssi_pin_for_all":"","_relevanssi_pin_keywords":"","_relevanssi_unpin_keywords":"","_relevanssi_related_keywords":"","_relevanssi_related_include_ids":"","_relevanssi_related_exclude_ids":"","_relevanssi_related_no_append":"","_relevanssi_related_not_related":"","_relevanssi_related_posts":"","_relevanssi_noindex_reason":"","inline_featured_image":false},"pwb-brand":[1064],"product_brand":[],"product_cat":[74,84],"product_tag":[1089,2255,2253,5399,5398,5396,2130],"class_list":{"0":"post-9318","1":"product","2":"type-product","3":"status-publish","4":"has-post-thumbnail","6":"pwb-brand-dyonics","7":"product_cat-fuentes-de-luz","8":"product_cat-sistema-de-video-endoscopia","9":"product_tag-dyonics","10":"product_tag-dyonics-dyobrite","11":"product_tag-dyonics-dyobrite-3000","12":"product_tag-dyonics-dyobrite-3000-fuentes-de-luz","13":"product_tag-dyonics-dyobrite-fuentes-de-luz","14":"product_tag-dyonics-fuentes-de-luz","15":"product_tag-fuentes-de-luz","17":"first","18":"instock","19":"shipping-taxable","20":"purchasable","21":"product-type-simple"},"acf":[],"brands":[{"id":1064,"name":"Dyonics","slug":"dyonics"}],"_links":{"self":[{"href":"https:\/\/www.somatechnology.com\/spanish\/wp-json\/wp\/v2\/product\/9318","targetHints":{"allow":["GET"]}}],"collection":[{"href":"https:\/\/www.somatechnology.com\/spanish\/wp-json\/wp\/v2\/product"}],"about":[{"href":"https:\/\/www.somatechnology.com\/spanish\/wp-json\/wp\/v2\/types\/product"}],"wp:featuredmedia":[{"embeddable":true,"href":"https:\/\/www.somatechnology.com\/spanish\/wp-json\/wp\/v2\/media\/9321"}],"wp:attachment":[{"href":"https:\/\/www.somatechnology.com\/spanish\/wp-json\/wp\/v2\/media?parent=9318"}],"wp:term":[{"taxonomy":"pwb-brand","embeddable":true,"href":"https:\/\/www.somatechnology.com\/spanish\/wp-json\/wp\/v2\/pwb-brand?post=9318"},{"taxonomy":"product_brand","embeddable":true,"href":"https:\/\/www.somatechnology.com\/spanish\/wp-json\/wp\/v2\/product_brand?post=9318"},{"taxonomy":"product_cat","embeddable":true,"href":"https:\/\/www.somatechnology.com\/spanish\/wp-json\/wp\/v2\/product_cat?post=9318"},{"taxonomy":"product_tag","embeddable":true,"href":"https:\/\/www.somatechnology.com\/spanish\/wp-json\/wp\/v2\/product_tag?post=9318"}],"curies":[{"name":"wp","href":"https:\/\/api.w.org\/{rel}","templated":true}]}}