{"id":9355,"date":"2018-03-21T18:37:57","date_gmt":"2018-03-21T18:37:57","guid":{"rendered":"https:\/\/www.somatechnology.com\/spanish\/?post_type=product&#038;p=9355"},"modified":"2025-12-11T03:48:14","modified_gmt":"2025-12-11T08:48:14","slug":"ge-logiq-s8","status":"publish","type":"product","link":"https:\/\/www.somatechnology.com\/spanish\/equipo-medico-usado-remanufacturado\/imagenologia-radiologia\/ultrasonidos\/ge-logiq-s8\/","title":{"rendered":"GE Logiq S8"},"content":{"rendered":"<div class=\"wpb-content-wrapper\"><p>[vc_row][vc_column][vc_column_text css=\u00bb\u00bb]<\/p>\n<h2>GE Logiq S8<\/h2>\n<p>El ec\u00f3grafo GE Logiq S8 utilizado es el ultrasonido avanzado de GE en su serie \u00abSignature\u00bb de ecograf\u00edas compactas de rango medio. El S8 est\u00e1 disponible como un servicio compartido de ultrasonido, que ofrece eco de estr\u00e9s para el escaneo card\u00edaco tambi\u00e9n. El Logiq S8 llena un vac\u00edo para aquellos que tienen un gran volumen y buscan un ultrasonido muy bueno, pero no tienen el presupuesto para pagar el costo de un ultrasonido reacondicionado de la serie de sistemas Expert de GE.<\/p>\n<ul>\n<li>CrossXBeam<\/li>\n<li>Unidad m\u00faltiple de DVD integrada<\/li>\n<li>SRI HD High Definition Speckle Reduction Imaging<\/li>\n<li>Teclado ajustable de altura y rotaci\u00f3n<\/li>\n<li>Teclado iluminado<\/li>\n<li>Calentador de gel integrado<\/li>\n<li>2D, modo M<\/li>\n<li>PW \/ Color \/ Power Doppler<\/li>\n<li>B-Flow<\/li>\n<li>B-Steer +<\/li>\n<li>Cuantificaci\u00f3n del flujo<\/li>\n<li>Plantillas de estr\u00e9s Echo<\/li>\n<li>Movimiento de pared de eco de esfuerzo<\/li>\n<li>Ligero<\/li>\n<li>Interfaz de pantalla t\u00e1ctil LCD de 10 pulgadas<\/li>\n<\/ul>\n<h3>Opciones avanzadas de imagen<\/h3>\n<ul>\n<li>CW Doppler<\/li>\n<li>Echo de estr\u00e9s<\/li>\n<li>Elastograf\u00eda<\/li>\n<li>Im\u00e1genes panor\u00e1micas de LogiqView<\/li>\n<li>TVI Tissue Velocity Imaging<\/li>\n<li>Rese\u00f1a de Cine Ultrasonido<\/li>\n<\/ul>\n<p>[\/vc_column_text][\/vc_column][\/vc_row]<\/p>\n<\/div>","protected":false},"excerpt":{"rendered":"<p>[vc_row][vc_column][vc_column_text css=\u00bb\u00bb] GE Logiq S8 El ec\u00f3grafo GE Logiq S8 utilizado es el ultrasonido avanzado de GE en su serie \u00abSignature\u00bb de ecograf\u00edas compactas&#8230;<\/p>\n","protected":false},"featured_media":25421,"template":"","meta":{"_acf_changed":false,"_relevanssi_hide_post":"","_relevanssi_hide_content":"","_relevanssi_pin_for_all":"","_relevanssi_pin_keywords":"","_relevanssi_unpin_keywords":"","_relevanssi_related_keywords":"","_relevanssi_related_include_ids":"","_relevanssi_related_exclude_ids":"","_relevanssi_related_no_append":"","_relevanssi_related_not_related":"","_relevanssi_related_posts":"","_relevanssi_noindex_reason":"","inline_featured_image":false},"pwb-brand":[1100],"product_brand":[],"product_cat":[91],"product_tag":[224,1902,2268,2269,1919,2270,1976,1901,1900],"class_list":{"0":"post-9355","1":"product","2":"type-product","3":"status-publish","4":"has-post-thumbnail","6":"pwb-brand-equipo-medico-ge","7":"product_cat-ultrasonidos","8":"product_tag-ge","9":"product_tag-ge-logiq","10":"product_tag-ge-logiq-s8","11":"product_tag-ge-s8","12":"product_tag-logiq","13":"product_tag-logiq-s8","14":"product_tag-s8","15":"product_tag-ultrasonido","16":"product_tag-ultrasonidos","18":"first","19":"instock","20":"shipping-taxable","21":"purchasable","22":"product-type-simple"},"acf":[],"brands":[{"id":1100,"name":"GE","slug":"equipo-medico-ge"}],"_links":{"self":[{"href":"https:\/\/www.somatechnology.com\/spanish\/wp-json\/wp\/v2\/product\/9355","targetHints":{"allow":["GET"]}}],"collection":[{"href":"https:\/\/www.somatechnology.com\/spanish\/wp-json\/wp\/v2\/product"}],"about":[{"href":"https:\/\/www.somatechnology.com\/spanish\/wp-json\/wp\/v2\/types\/product"}],"wp:featuredmedia":[{"embeddable":true,"href":"https:\/\/www.somatechnology.com\/spanish\/wp-json\/wp\/v2\/media\/25421"}],"wp:attachment":[{"href":"https:\/\/www.somatechnology.com\/spanish\/wp-json\/wp\/v2\/media?parent=9355"}],"wp:term":[{"taxonomy":"pwb-brand","embeddable":true,"href":"https:\/\/www.somatechnology.com\/spanish\/wp-json\/wp\/v2\/pwb-brand?post=9355"},{"taxonomy":"product_brand","embeddable":true,"href":"https:\/\/www.somatechnology.com\/spanish\/wp-json\/wp\/v2\/product_brand?post=9355"},{"taxonomy":"product_cat","embeddable":true,"href":"https:\/\/www.somatechnology.com\/spanish\/wp-json\/wp\/v2\/product_cat?post=9355"},{"taxonomy":"product_tag","embeddable":true,"href":"https:\/\/www.somatechnology.com\/spanish\/wp-json\/wp\/v2\/product_tag?post=9355"}],"curies":[{"name":"wp","href":"https:\/\/api.w.org\/{rel}","templated":true}]}}