{"id":9377,"date":"2018-03-22T14:01:19","date_gmt":"2018-03-22T14:01:19","guid":{"rendered":"https:\/\/www.somatechnology.com\/spanish\/?post_type=product&#038;p=9377"},"modified":"2025-12-11T03:38:58","modified_gmt":"2025-12-11T08:38:58","slug":"ge-logiq-p6","status":"publish","type":"product","link":"https:\/\/www.somatechnology.com\/spanish\/equipo-medico-usado-remanufacturado\/imagenologia-radiologia\/ultrasonidos\/ge-logiq-p6\/","title":{"rendered":"GE Logiq P6"},"content":{"rendered":"<div class=\"wpb-content-wrapper\"><p>[vc_row][vc_column][vc_column_text css=\u00bb\u00bb]<\/p>\n<h2>GE Logiq P6<\/h2>\n<p>El GE Logiq P6 es un rendimiento Premium, altamente m\u00f3vil y f\u00e1cil de usar sistema de imagen multiprop\u00f3sito dise\u00f1ado para obstetricia, ginecolog\u00eda, cardiolog\u00eda, m\u00fasculo-esquel\u00e9tico, vascular, urol\u00f3gico, peque\u00f1as partes, superficial, pedi\u00e1trico, neonatal, transcraneal, y aplicaciones abdominales.<\/p>\n<ul>\n<li>Arquitectura TruScan \u2013 con una plataforma de im\u00e1genes de ultrasonido exclusiva y con gran cantidad de software que le brinda una potencia computacional insuperable, capacidad de manipulaci\u00f3n de im\u00e1genes, flexibilidad de flujo de trabajo y capacidad de upgrade de productos, mediante software o hardware.<\/li>\n<li>TruAccess \u2013 es una tecnolog\u00eda de procesamiento de datos RAW y exclusiva de GE que cambia el futuro de la imagen por ultrasonido. Al acceder a datos sin procesar, TruScan logra una excelente calidad de imagen y garantiza la gesti\u00f3n de la imagen de hoy sin igual..<\/li>\n<li>SmartScan \u2013 utiliza nuevos avances en algoritmos operativos y operaciones del sistema para mejorar la adquisici\u00f3n de im\u00e1genes y el rendimiento del paciente, mientras aumenta la confianza diagn\u00f3stica y la consistencia de los ex\u00e1menes.<\/li>\n<li>ComfortScan \u2013 nuestro dise\u00f1o ergon\u00f3mico m\u00e1s avanzado de la historia, ayuda a maximizar la productividad y simplificar cada examen que realice.<\/li>\n<\/ul>\n<h3>Especificaciones f\u00edsicas<\/h3>\n<ul>\n<li>Altura: 1470 m\u00e1x; 1250 min<\/li>\n<li>Anchura: 43cm<\/li>\n<li>Profundidad: 64cm<\/li>\n<li>Peso: aprox. 80 kg (176 lb.)<\/li>\n<\/ul>\n<h3>Fuente de Energia<\/h3>\n<ul>\n<li>Voltaje: 100-120V CA o 220-240 VCA<\/li>\n<li>Frecuencia: 50\/60 Hz<\/li>\n<li>Potencia: m\u00e1x. 750 va con los perif\u00e9ricos incorporados y a bordo<\/li>\n<li>Salida termal m\u00e1xima: 2200 BTU\/HR<\/li>\n<\/ul>\n<h3>Dise\u00f1o de consola<\/h3>\n<ul>\n<li>3 puertos de sondeo activos<\/li>\n<li>HDD integrado (capacidad: 80 GB)<\/li>\n<li>Unidad integrada de DVD-R\/W<\/li>\n<li>Almacenamiento a bordo para perif\u00e9ricos (Max 3 perif\u00e9ricos)<\/li>\n<li>B\/W-impresora, impresora de color, grabadora de v\u00eddeo DVD<\/li>\n<li>Di\u00e1metro de la rueda: 12.5 cm<\/li>\n<li>Sostenedores de la sonda, desprendibles para la limpieza y lavar<\/li>\n<li>Sostenedor del gel, desprendible para la limpieza y lavarse<\/li>\n<li>Filtros de aire, f\u00e1cilmente extra\u00edbles<\/li>\n<li>Empu\u00f1adura frontal<\/li>\n<\/ul>\n<h3>Teclado del operador<\/h3>\n<ul>\n<li>Anchura: 43cm<\/li>\n<li>Altura: 84-90cm<\/li>\n<li>Teclado alfanum\u00e9rico<\/li>\n<li>Operaciones de llave r\u00edgida ergon\u00f3mica<\/li>\n<li>Las luces indicadoras identifican llaves activadas<\/li>\n<li>Teclas de grabaci\u00f3n integradas para el control remoto de hasta 2 dispositivos perif\u00e9ricos y dispositivos DICOM<\/li>\n<li>8 vainas TGC, con funcionalidad de re-mapping a cualquier profundidad<\/li>\n<\/ul>\n<p>[\/vc_column_text][\/vc_column][\/vc_row]<\/p>\n<\/div>","protected":false},"excerpt":{"rendered":"<p>Ultrasonidos<\/p>\n","protected":false},"featured_media":25417,"template":"","meta":{"_acf_changed":false,"_relevanssi_hide_post":"","_relevanssi_hide_content":"","_relevanssi_pin_for_all":"","_relevanssi_pin_keywords":"","_relevanssi_unpin_keywords":"","_relevanssi_related_keywords":"","_relevanssi_related_include_ids":"","_relevanssi_related_exclude_ids":"","_relevanssi_related_no_append":"","_relevanssi_related_not_related":"","_relevanssi_related_posts":"","_relevanssi_noindex_reason":"","inline_featured_image":false},"pwb-brand":[1100],"product_brand":[],"product_cat":[91],"product_tag":[224,1902,2279,2280,1919,2281,2278,1901,1900],"class_list":{"0":"post-9377","1":"product","2":"type-product","3":"status-publish","4":"has-post-thumbnail","6":"pwb-brand-equipo-medico-ge","7":"product_cat-ultrasonidos","8":"product_tag-ge","9":"product_tag-ge-logiq","10":"product_tag-ge-logiq-p6","11":"product_tag-ge-p6","12":"product_tag-logiq","13":"product_tag-logiq-p6","14":"product_tag-p6","15":"product_tag-ultrasonido","16":"product_tag-ultrasonidos","18":"first","19":"instock","20":"shipping-taxable","21":"purchasable","22":"product-type-simple"},"acf":[],"brands":[{"id":1100,"name":"GE","slug":"equipo-medico-ge"}],"_links":{"self":[{"href":"https:\/\/www.somatechnology.com\/spanish\/wp-json\/wp\/v2\/product\/9377","targetHints":{"allow":["GET"]}}],"collection":[{"href":"https:\/\/www.somatechnology.com\/spanish\/wp-json\/wp\/v2\/product"}],"about":[{"href":"https:\/\/www.somatechnology.com\/spanish\/wp-json\/wp\/v2\/types\/product"}],"wp:featuredmedia":[{"embeddable":true,"href":"https:\/\/www.somatechnology.com\/spanish\/wp-json\/wp\/v2\/media\/25417"}],"wp:attachment":[{"href":"https:\/\/www.somatechnology.com\/spanish\/wp-json\/wp\/v2\/media?parent=9377"}],"wp:term":[{"taxonomy":"pwb-brand","embeddable":true,"href":"https:\/\/www.somatechnology.com\/spanish\/wp-json\/wp\/v2\/pwb-brand?post=9377"},{"taxonomy":"product_brand","embeddable":true,"href":"https:\/\/www.somatechnology.com\/spanish\/wp-json\/wp\/v2\/product_brand?post=9377"},{"taxonomy":"product_cat","embeddable":true,"href":"https:\/\/www.somatechnology.com\/spanish\/wp-json\/wp\/v2\/product_cat?post=9377"},{"taxonomy":"product_tag","embeddable":true,"href":"https:\/\/www.somatechnology.com\/spanish\/wp-json\/wp\/v2\/product_tag?post=9377"}],"curies":[{"name":"wp","href":"https:\/\/api.w.org\/{rel}","templated":true}]}}