{"id":9381,"date":"2018-03-22T14:24:38","date_gmt":"2018-03-22T14:24:38","guid":{"rendered":"https:\/\/www.somatechnology.com\/spanish\/?post_type=product&#038;p=9381"},"modified":"2025-12-11T03:49:05","modified_gmt":"2025-12-11T08:49:05","slug":"olympus-uhi-2-insufflator","status":"publish","type":"product","link":"https:\/\/www.somatechnology.com\/spanish\/equipo-medico-usado-remanufacturado\/sistema-de-video-endoscopia\/insufladores\/olympus-uhi-2-insufflator\/","title":{"rendered":"Olympus UHI-2 Insufflator"},"content":{"rendered":"<div class=\"wpb-content-wrapper\"><p>[vc_row][vc_column][vc_column_text css=\u00bb\u00bb]<\/p>\n<h2>Insuflador Olympus UHI2<\/h2>\n<p>El Olympus UHI-2 es un insuflador de alto flujo con un sistema de evacuaci\u00f3n de humo incorporado. Proporciona condiciones abdominales \u00f3ptimas que permiten una cirug\u00eda m\u00e1s enfocada. El UHI-2 tiene una gran pantalla de panel completo para verificaciones de estado r\u00e1pidas, ajuste de la tasa de flujo de 3 pasos (Hi, Med y Low) para una configuraci\u00f3n r\u00e1pida, y una v\u00e1lvula de liberaci\u00f3n autom\u00e1tica de sobrepresi\u00f3n.<\/p>\n<ul>\n<li>Un caudal m\u00e1ximo de 20 L \/ Min.<br \/>\n\u2022 Pantallas f\u00e1ciles de leer<br \/>\n\u2022 Excelente visibilidad, incluso durante la electrocirug\u00eda<br \/>\n\u2022 3 configuraciones de flujo principal<br \/>\n\u2022 Evacuaci\u00f3n de humo incorporada<br \/>\n\u2022 Advertencias de presi\u00f3n audibles y visuales<\/li>\n<\/ul>\n<h3>Dimensiones<\/h3>\n<ul>\n<li>Altura: 6.5 in (16.5 cm)<\/li>\n<li>Ancho: 11.6 in (29.5 cm)<\/li>\n<li>Profundidad: 13.2 in (33.5 cm)<\/li>\n<li>Peso: 22 lbs (10 kg)<\/li>\n<\/ul>\n<h3>Informaci\u00f3n General<\/h3>\n<ul>\n<li>Caudal m\u00e1ximo: 20 L \/ Min.<\/li>\n<li>Filtro bacteriano: s\u00ed<\/li>\n<li>Tipo (Configuraci\u00f3n): Electr\u00f3nico<\/li>\n<li>Pantalla: S\u00ed<\/li>\n<li>Advertencia de baja presi\u00f3n: s\u00ed<\/li>\n<li>Opciones de flujo<\/li>\n<li>Bajo: 0.5 &#8211; 1.5 L \/ Min.<\/li>\n<li>Medio: 1.5 &#8211; 9 L \/ Min.<\/li>\n<li>Alto: 10 &#8211; 20 L \/ Min.<\/li>\n<li>Tipo de alerta: audible y visual<\/li>\n<li>Activaci\u00f3n Presione: Establecer punto + 5<\/li>\n<li>Tiempo de retardo (Detector de aliento): 0<\/li>\n<li>Reducci\u00f3n electr\u00f3nica de presi\u00f3n: s\u00ed<\/li>\n<li>Indicador de volumen de insuflaci\u00f3n: s\u00ed<\/li>\n<li>Indicador de presi\u00f3n peritoneal: s\u00ed<\/li>\n<li>Gas utilizado: CO2<\/li>\n<li>Otro<\/li>\n<li>Evacuaci\u00f3n de humo<\/li>\n<li>Control de Pie incorporado<\/li>\n<\/ul>\n<p>[\/vc_column_text][\/vc_column][\/vc_row]<\/p>\n<\/div>","protected":false},"excerpt":{"rendered":"<p>[vc_row][vc_column][vc_column_text css=\u00bb\u00bb] Insuflador Olympus UHI2 El Olympus UHI-2 es un insuflador de alto flujo con un sistema de evacuaci\u00f3n de humo incorporado. Proporciona condiciones&#8230;<\/p>\n","protected":false},"featured_media":9383,"template":"","meta":{"_acf_changed":false,"_relevanssi_hide_post":"","_relevanssi_hide_content":"","_relevanssi_pin_for_all":"","_relevanssi_pin_keywords":"","_relevanssi_unpin_keywords":"","_relevanssi_related_keywords":"","_relevanssi_related_include_ids":"","_relevanssi_related_exclude_ids":"","_relevanssi_related_no_append":"","_relevanssi_related_not_related":"","_relevanssi_related_posts":"","_relevanssi_noindex_reason":"","inline_featured_image":false},"pwb-brand":[1080],"product_brand":[],"product_cat":[84,108],"product_tag":[138,2292,2291,2293],"class_list":{"0":"post-9381","1":"product","2":"type-product","3":"status-publish","4":"has-post-thumbnail","6":"pwb-brand-equipo-medico-olympus","7":"product_cat-sistema-de-video-endoscopia","8":"product_cat-insufladores","9":"product_tag-olympus","10":"product_tag-olympus-uhi-2","11":"product_tag-olympus-uhi-2-insufflator","12":"product_tag-uhi-2","14":"first","15":"instock","16":"shipping-taxable","17":"purchasable","18":"product-type-simple"},"acf":[],"brands":[{"id":1080,"name":"Olympus","slug":"equipo-medico-olympus"}],"_links":{"self":[{"href":"https:\/\/www.somatechnology.com\/spanish\/wp-json\/wp\/v2\/product\/9381","targetHints":{"allow":["GET"]}}],"collection":[{"href":"https:\/\/www.somatechnology.com\/spanish\/wp-json\/wp\/v2\/product"}],"about":[{"href":"https:\/\/www.somatechnology.com\/spanish\/wp-json\/wp\/v2\/types\/product"}],"wp:featuredmedia":[{"embeddable":true,"href":"https:\/\/www.somatechnology.com\/spanish\/wp-json\/wp\/v2\/media\/9383"}],"wp:attachment":[{"href":"https:\/\/www.somatechnology.com\/spanish\/wp-json\/wp\/v2\/media?parent=9381"}],"wp:term":[{"taxonomy":"pwb-brand","embeddable":true,"href":"https:\/\/www.somatechnology.com\/spanish\/wp-json\/wp\/v2\/pwb-brand?post=9381"},{"taxonomy":"product_brand","embeddable":true,"href":"https:\/\/www.somatechnology.com\/spanish\/wp-json\/wp\/v2\/product_brand?post=9381"},{"taxonomy":"product_cat","embeddable":true,"href":"https:\/\/www.somatechnology.com\/spanish\/wp-json\/wp\/v2\/product_cat?post=9381"},{"taxonomy":"product_tag","embeddable":true,"href":"https:\/\/www.somatechnology.com\/spanish\/wp-json\/wp\/v2\/product_tag?post=9381"}],"curies":[{"name":"wp","href":"https:\/\/api.w.org\/{rel}","templated":true}]}}