{"id":9384,"date":"2018-03-22T14:18:34","date_gmt":"2018-03-22T14:18:34","guid":{"rendered":"https:\/\/www.somatechnology.com\/spanish\/?post_type=product&#038;p=9384"},"modified":"2025-12-11T03:38:18","modified_gmt":"2025-12-11T08:38:18","slug":"ge-logiq-p3","status":"publish","type":"product","link":"https:\/\/www.somatechnology.com\/spanish\/equipo-medico-usado-remanufacturado\/imagenologia-radiologia\/ultrasonidos\/ge-logiq-p3\/","title":{"rendered":"GE Logiq P3"},"content":{"rendered":"<div class=\"wpb-content-wrapper\"><p>[vc_row][vc_column][vc_column_text css=\u00bb\u00bb]<\/p>\n<h2>GE Logiq P3<\/h2>\n<p>El ultrasonido Doppler color GE Logiq P3 es un ultrasonido peque\u00f1o y liviano dise\u00f1ado para oficinas que necesitan un ultrasonido de bajo costo para im\u00e1genes generales y \/ o gineco-obstetra.<br \/>\nEl Logiq P3 reacondicionado tiene un precio inferior al de otros ultrasonidos de GE y, por lo general, se utiliza en oficinas \/ hospitales de bajo volumen o m\u00e1s peque\u00f1os. Aunque tiene un costo menor, todav\u00eda ofrece tecnolog\u00edas de im\u00e1genes de alta gama como CrossXBeam, Arm\u00f3nicos Tisulares y Im\u00e1genes de Reducci\u00f3n de Moteado..<\/p>\n<ul>\n<li>2D, modo M<\/li>\n<li>Color \/ Potencia \/ Doppler PW<\/li>\n<li>Modo M anat\u00f3mico<\/li>\n<li>Mejora autom\u00e1tica de imagen de un toque de Optimizaci\u00f3n autom\u00e1tica<\/li>\n<li>2 puertos de sonda<\/li>\n<li>15 \u00abpantalla LCD<\/li>\n<li>DICOM<\/li>\n<li>Opci\u00f3n de im\u00e1genes panor\u00e1micas LogiqView<\/li>\n<li>DVD-RW a bordo<\/li>\n<li>Puerto USB para exportar<\/li>\n<li>Puerto Ethernet para conectividad de red<\/li>\n<\/ul>\n<h3>Dise\u00f1o de consola<\/h3>\n<ul>\n<li>Unidad de disco duro integrada (160 GB)<\/li>\n<li>3 puertos de sonda \/ 2 puertos de sonda<\/li>\n<li>Manija trasera<\/li>\n<li>Asistencia LAN al\u00e1mbrica<\/li>\n<li>Interfaz de usuario<\/li>\n<\/ul>\n<h3>Monitor<\/h3>\n<ul>\n<li>LCD en color de alta resoluci\u00f3n de 15 pulgadas<\/li>\n<li>Tama\u00f1o de pantalla: 1024 x 768<\/li>\n<li>Men\u00fa interactivo de software din\u00e1mico<\/li>\n<li>\u00c1ngulo abierto ajustable, &#8211; 0 a 160 \u00b0<\/li>\n<li>Ajuste de Brillo y Contraste<\/li>\n<\/ul>\n<h3>Teclado del operador<\/h3>\n<ul>\n<li>Teclado alfanum\u00e9rico<\/li>\n<li>Operaciones de teclas duras ergon\u00f3micas<\/li>\n<li>Teclas de grabaci\u00f3n integradas para control remoto de dispositivos perif\u00e9ricos y<\/li>\n<li>Dispositivos DICOM<\/li>\n<li>8 TGC Pods, con Re-mapping. Funcionalidad a cualquier profundidad<\/li>\n<\/ul>\n<h3>Energ\u00eda el\u00e9ctrica<\/h3>\n<ul>\n<li>Voltaje 100-120 Vca o 220-240 Vca<\/li>\n<li>Frecuencia 50\/60 Hz<\/li>\n<li>POTENCIA m\u00e1xima 425 VA con perif\u00e9ricos<\/li>\n<\/ul>\n<h3>Informaci\u00f3n General<\/h3>\n<ul>\n<li>T\u00edtulo \/ girar el monitor ajustable: s\u00ed<\/li>\n<li>Pantalla t\u00e1ctil: no<\/li>\n<li>Trackball o trackpad: trackball<\/li>\n<li>Luz de fondo CP: S\u00ed<\/li>\n<li>Bater\u00eda: no<\/li>\n<li>Profundidad m\u00e1xima de campo: 30 cm<\/li>\n<li>Profundidad m\u00ednima de campo: 0-2 cm<\/li>\n<li>Carro (HCU): no<\/li>\n<li>Direcci\u00f3n independiente y ruedas bloqueables: s\u00ed<\/li>\n<\/ul>\n<p>[\/vc_column_text][\/vc_column][\/vc_row]<\/p>\n<\/div>","protected":false},"excerpt":{"rendered":"<p>Ultrasonido<\/p>\n","protected":false},"featured_media":25415,"template":"","meta":{"_acf_changed":false,"_relevanssi_hide_post":"","_relevanssi_hide_content":"","_relevanssi_pin_for_all":"","_relevanssi_pin_keywords":"","_relevanssi_unpin_keywords":"","_relevanssi_related_keywords":"","_relevanssi_related_include_ids":"","_relevanssi_related_exclude_ids":"","_relevanssi_related_no_append":"","_relevanssi_related_not_related":"","_relevanssi_related_posts":"","_relevanssi_noindex_reason":"","inline_featured_image":false},"pwb-brand":[1100],"product_brand":[],"product_cat":[91],"product_tag":[224,1902,2288,2289,1919,2290,2287,1901,1900],"class_list":{"0":"post-9384","1":"product","2":"type-product","3":"status-publish","4":"has-post-thumbnail","6":"pwb-brand-equipo-medico-ge","7":"product_cat-ultrasonidos","8":"product_tag-ge","9":"product_tag-ge-logiq","10":"product_tag-ge-logiq-p3","11":"product_tag-ge-p3","12":"product_tag-logiq","13":"product_tag-logiq-p3","14":"product_tag-p3","15":"product_tag-ultrasonido","16":"product_tag-ultrasonidos","18":"first","19":"instock","20":"shipping-taxable","21":"purchasable","22":"product-type-simple"},"acf":[],"brands":[{"id":1100,"name":"GE","slug":"equipo-medico-ge"}],"_links":{"self":[{"href":"https:\/\/www.somatechnology.com\/spanish\/wp-json\/wp\/v2\/product\/9384","targetHints":{"allow":["GET"]}}],"collection":[{"href":"https:\/\/www.somatechnology.com\/spanish\/wp-json\/wp\/v2\/product"}],"about":[{"href":"https:\/\/www.somatechnology.com\/spanish\/wp-json\/wp\/v2\/types\/product"}],"wp:featuredmedia":[{"embeddable":true,"href":"https:\/\/www.somatechnology.com\/spanish\/wp-json\/wp\/v2\/media\/25415"}],"wp:attachment":[{"href":"https:\/\/www.somatechnology.com\/spanish\/wp-json\/wp\/v2\/media?parent=9384"}],"wp:term":[{"taxonomy":"pwb-brand","embeddable":true,"href":"https:\/\/www.somatechnology.com\/spanish\/wp-json\/wp\/v2\/pwb-brand?post=9384"},{"taxonomy":"product_brand","embeddable":true,"href":"https:\/\/www.somatechnology.com\/spanish\/wp-json\/wp\/v2\/product_brand?post=9384"},{"taxonomy":"product_cat","embeddable":true,"href":"https:\/\/www.somatechnology.com\/spanish\/wp-json\/wp\/v2\/product_cat?post=9384"},{"taxonomy":"product_tag","embeddable":true,"href":"https:\/\/www.somatechnology.com\/spanish\/wp-json\/wp\/v2\/product_tag?post=9384"}],"curies":[{"name":"wp","href":"https:\/\/api.w.org\/{rel}","templated":true}]}}