{"id":9387,"date":"2018-03-22T14:40:43","date_gmt":"2018-03-22T14:40:43","guid":{"rendered":"https:\/\/www.somatechnology.com\/spanish\/?post_type=product&#038;p=9387"},"modified":"2023-08-23T06:25:40","modified_gmt":"2023-08-23T10:25:40","slug":"olympus-hysteroflator-100","status":"publish","type":"product","link":"https:\/\/www.somatechnology.com\/spanish\/equipo-medico-usado-remanufacturado\/sistema-de-video-endoscopia\/insufladores\/olympus-hysteroflator-100\/","title":{"rendered":"Olympus Hysteroflator 100"},"content":{"rendered":"<p>Olympus Hysteroflator 100<\/p>\n<p>Olympus ofrece tecnolog\u00eda moderna para la distensi\u00f3n de la cavidad uterina, que se puede lograr con gas CO2, con el Hysteroflator-100 o con fluido de baja viscosidad, con la bomba de control de fluidos Uteromat.<\/p>\n<p>Olympus recomienda el tapete Utero para la histeroscopia quir\u00fargica de irrigaci\u00f3n continua y resecci\u00f3n de histero y ablaci\u00f3n endometrial.<\/p>\n<ul>\n<li>Advertencia adicional antes de que ocurra la sobrecarga del fluido, para acelerar la absorci\u00f3n<\/li>\n<li>Se muestran los valores importantes<\/li>\n<li>Re\u00fane hasta 21 litros, con la mayor\u00eda de los contenedores de recolecci\u00f3n est\u00e1ndar<\/li>\n<li>Una presi\u00f3n intrauterina ajustable de hasta 150 mm Hg y un flujo de 30-450 ml por minuto para ayudar a asegurar una distensi\u00f3n uterina \u00f3ptima<\/li>\n<li>Alarma de p\u00e9rdida de fluido, visual y auditiva, a 1L (u otro valor preseleccionado)<\/li>\n<\/ul>\n<p>&nbsp;<\/p>\n","protected":false},"excerpt":{"rendered":"<p>Olympus Hysteroflator 100 Olympus ofrece tecnolog\u00eda moderna para la distensi\u00f3n de la cavidad uterina, que se puede lograr con gas CO2, con el Hysteroflator-100&#8230;<\/p>\n","protected":false},"featured_media":9390,"template":"","meta":{"_acf_changed":false,"_relevanssi_hide_post":"","_relevanssi_hide_content":"","_relevanssi_pin_for_all":"","_relevanssi_pin_keywords":"","_relevanssi_unpin_keywords":"","_relevanssi_related_keywords":"","_relevanssi_related_include_ids":"","_relevanssi_related_exclude_ids":"","_relevanssi_related_no_append":"","_relevanssi_related_not_related":"","_relevanssi_related_posts":"","_relevanssi_noindex_reason":"","inline_featured_image":false},"pwb-brand":[1080],"product_brand":[],"product_cat":[84,108],"product_tag":[2300,138,2299,2298],"class_list":{"0":"post-9387","1":"product","2":"type-product","3":"status-publish","4":"has-post-thumbnail","6":"pwb-brand-equipo-medico-olympus","7":"product_cat-sistema-de-video-endoscopia","8":"product_cat-insufladores","9":"product_tag-hysteroflator-100","10":"product_tag-olympus","11":"product_tag-olympus-hysteroflator","12":"product_tag-olympus-hysteroflator-100","14":"first","15":"instock","16":"shipping-taxable","17":"purchasable","18":"product-type-simple"},"acf":[],"brands":[{"id":1080,"name":"Olympus","slug":"equipo-medico-olympus"}],"_links":{"self":[{"href":"https:\/\/www.somatechnology.com\/spanish\/wp-json\/wp\/v2\/product\/9387","targetHints":{"allow":["GET"]}}],"collection":[{"href":"https:\/\/www.somatechnology.com\/spanish\/wp-json\/wp\/v2\/product"}],"about":[{"href":"https:\/\/www.somatechnology.com\/spanish\/wp-json\/wp\/v2\/types\/product"}],"wp:featuredmedia":[{"embeddable":true,"href":"https:\/\/www.somatechnology.com\/spanish\/wp-json\/wp\/v2\/media\/9390"}],"wp:attachment":[{"href":"https:\/\/www.somatechnology.com\/spanish\/wp-json\/wp\/v2\/media?parent=9387"}],"wp:term":[{"taxonomy":"pwb-brand","embeddable":true,"href":"https:\/\/www.somatechnology.com\/spanish\/wp-json\/wp\/v2\/pwb-brand?post=9387"},{"taxonomy":"product_brand","embeddable":true,"href":"https:\/\/www.somatechnology.com\/spanish\/wp-json\/wp\/v2\/product_brand?post=9387"},{"taxonomy":"product_cat","embeddable":true,"href":"https:\/\/www.somatechnology.com\/spanish\/wp-json\/wp\/v2\/product_cat?post=9387"},{"taxonomy":"product_tag","embeddable":true,"href":"https:\/\/www.somatechnology.com\/spanish\/wp-json\/wp\/v2\/product_tag?post=9387"}],"curies":[{"name":"wp","href":"https:\/\/api.w.org\/{rel}","templated":true}]}}