{"id":9438,"date":"2018-03-23T18:19:20","date_gmt":"2018-03-23T18:19:20","guid":{"rendered":"https:\/\/www.somatechnology.com\/spanish\/?post_type=product&#038;p=9438"},"modified":"2025-12-11T05:02:50","modified_gmt":"2025-12-11T10:02:50","slug":"stryker-sdp1000","status":"publish","type":"product","link":"https:\/\/www.somatechnology.com\/spanish\/equipo-medico-usado-remanufacturado\/sistema-de-video-endoscopia\/impresoras\/stryker-sdp1000\/","title":{"rendered":"Stryker SDP1000"},"content":{"rendered":"<div class=\"wpb-content-wrapper\"><p>[vc_row][vc_column][vc_column_text css=\u00bb\u00bb]<\/p>\n<h2>Impresora Stryker SDP1000<\/h2>\n<p>La impresora de Stryker SDP1000 se dise\u00f1a espec\u00edficamente para los usos donde est\u00e1 esencial la calidad de la imagen, la durabilidad, y la reproducci\u00f3n exacta del color. Con la combinaci\u00f3n de una cabeza t\u00e9rmica de 301 DPI y una funci\u00f3n de plastificaci\u00f3n protectora incorporada, el SDP1000 crea im\u00e1genes duraderas e impresas en resoluci\u00f3n Full HD. El SDP1000 es compatible con los dispositivos digitales de la captura de Stryker y las caracter\u00edsticas compactas del dise\u00f1o y del cargamento delantero de la impresora lo hacen ideal para el uso en carros del hospital de Stryker.<\/p>\n<ul>\n<li>Reproducci\u00f3n precisa y consistente del color con tecnolog\u00eda de sublimaci\u00f3n de tinte.<\/li>\n<li>Rollo de laminado autom\u00e1tico: resistente a la luz, al calor, al agua y a las huellas dactilares.<\/li>\n<li>Bandeja de carga frontal de f\u00e1cil manejo.<\/li>\n<li>Indicador de papel\/tinta bajo.<\/li>\n<li>Dise\u00f1ado para la compatibilidad con los dispositivos digitales actuales de la captura de Stryker.<\/li>\n<li>Compacto, impresora del color del grado m\u00e9dico.<\/li>\n<li>F\u00e1cil de usar.<\/li>\n<\/ul>\n<div id=\"mttContainer\" class=\"notranslate\" style=\"transform: translate(344px, 50px);\" aria-expanded=\"false\"><\/div>\n<p>[\/vc_column_text][\/vc_column][\/vc_row]<\/p>\n<\/div>","protected":false},"excerpt":{"rendered":"<p>[vc_row][vc_column][vc_column_text css=\u00bb\u00bb] Impresora Stryker SDP1000 La impresora de Stryker SDP1000 se dise\u00f1a espec\u00edficamente para los usos donde est\u00e1 esencial la calidad de la imagen,&#8230;<\/p>\n","protected":false},"featured_media":9441,"template":"","meta":{"_acf_changed":false,"_relevanssi_hide_post":"","_relevanssi_hide_content":"","_relevanssi_pin_for_all":"","_relevanssi_pin_keywords":"","_relevanssi_unpin_keywords":"","_relevanssi_related_keywords":"","_relevanssi_related_include_ids":"","_relevanssi_related_exclude_ids":"","_relevanssi_related_no_append":"","_relevanssi_related_not_related":"","_relevanssi_related_posts":"","_relevanssi_noindex_reason":"","inline_featured_image":false},"pwb-brand":[1079],"product_brand":[],"product_cat":[84,106],"product_tag":[2361,2360,2358,2359],"class_list":{"0":"post-9438","1":"product","2":"type-product","3":"status-publish","4":"has-post-thumbnail","6":"pwb-brand-equipo-medico-stryker","7":"product_cat-sistema-de-video-endoscopia","8":"product_cat-impresoras","9":"product_tag-sdp1000","10":"product_tag-stryker-printer","11":"product_tag-stryker-sdp1000","12":"product_tag-stryker-sdp1000-printer","14":"first","15":"instock","16":"shipping-taxable","17":"purchasable","18":"product-type-simple"},"acf":[],"brands":[{"id":1079,"name":"Stryker","slug":"equipo-medico-stryker"}],"_links":{"self":[{"href":"https:\/\/www.somatechnology.com\/spanish\/wp-json\/wp\/v2\/product\/9438","targetHints":{"allow":["GET"]}}],"collection":[{"href":"https:\/\/www.somatechnology.com\/spanish\/wp-json\/wp\/v2\/product"}],"about":[{"href":"https:\/\/www.somatechnology.com\/spanish\/wp-json\/wp\/v2\/types\/product"}],"wp:featuredmedia":[{"embeddable":true,"href":"https:\/\/www.somatechnology.com\/spanish\/wp-json\/wp\/v2\/media\/9441"}],"wp:attachment":[{"href":"https:\/\/www.somatechnology.com\/spanish\/wp-json\/wp\/v2\/media?parent=9438"}],"wp:term":[{"taxonomy":"pwb-brand","embeddable":true,"href":"https:\/\/www.somatechnology.com\/spanish\/wp-json\/wp\/v2\/pwb-brand?post=9438"},{"taxonomy":"product_brand","embeddable":true,"href":"https:\/\/www.somatechnology.com\/spanish\/wp-json\/wp\/v2\/product_brand?post=9438"},{"taxonomy":"product_cat","embeddable":true,"href":"https:\/\/www.somatechnology.com\/spanish\/wp-json\/wp\/v2\/product_cat?post=9438"},{"taxonomy":"product_tag","embeddable":true,"href":"https:\/\/www.somatechnology.com\/spanish\/wp-json\/wp\/v2\/product_tag?post=9438"}],"curies":[{"name":"wp","href":"https:\/\/api.w.org\/{rel}","templated":true}]}}