{"id":9464,"date":"2018-03-23T19:51:16","date_gmt":"2018-03-23T19:51:16","guid":{"rendered":"https:\/\/www.somatechnology.com\/spanish\/?post_type=product&#038;p=9464"},"modified":"2025-12-11T03:47:56","modified_gmt":"2025-12-11T08:47:56","slug":"steris-amsco-reliance-sonic-550","status":"publish","type":"product","link":"https:\/\/www.somatechnology.com\/spanish\/equipo-medico-usado-remanufacturado\/autoclaves-esterilizadores\/limpiadores-ultrasonicos\/steris-amsco-reliance-sonic-550\/","title":{"rendered":"Steris Amsco Reliance Sonic 550"},"content":{"rendered":"<div class=\"wpb-content-wrapper\"><p>[vc_row][vc_column][vc_column_text css=\u00bb\u00bb]<\/p>\n<h2>Steris Amsco Reliance Sonic 550<\/h2>\n<p>Caracter\u00edsticas del Steris Amsco Reliance Sonic 550<\/p>\n<p>El Steris Amsco Reliance Sonic 550 es un sistema de limpieza ultras\u00f3nica de sobremesa dise\u00f1ado para facilitar la limpieza y lubricaci\u00f3n de instrumental quir\u00fargico peque\u00f1o en espacios reducidos. Estas peque\u00f1as unidades de acero inoxidable ofrecen una potencia de limpieza de 132 kHz, al igual que nuestros sistemas ultras\u00f3nicos de mayor tama\u00f1o, para una limpieza \u00f3ptima.<\/p>\n<ul>\n<li>La limpieza a frecuencias m\u00e1s altas crea una gran cantidad de diminutas burbujas de vac\u00edo que facilitan la limpieza.<\/li>\n<li>Esta acci\u00f3n de fregado micromec\u00e1nico.<\/li>\n<li>Tama\u00f1o compacto.<\/li>\n<\/ul>\n<p>[\/vc_column_text][\/vc_column][\/vc_row]<\/p>\n<\/div>","protected":false},"excerpt":{"rendered":"<p>Los sistemas de limpieza por ultrasonicos de la mesa de confianza est\u00e1n dise\u00f1ados para facilitar la limpieza y lubricaci\u00f3n de instrumentos quir\u00fargicos m\u00e1s peque\u00f1os cuando el espacio est\u00e1 restringido. Estas peque\u00f1as unidades de acero inoxidable contienen la energ\u00eda de la limpieza de 132kHz apenas como nuestros sistemas ultras\u00f3nicos m\u00e1s grandes para proporcionar la limpieza \u00f3ptima.<br \/>\nLos sistemas de limpieza por ultrasonido limpios a frecuencias m\u00e1s altas crean una abundancia de burbujas de vac\u00edo minuciosas que permiten que la limpieza ocurra. Estas burbujas implosi\u00f3n en y dentro del dispositivo quir\u00fargico * emerge en un proceso definido como cavitaci\u00f3n. Esta acci\u00f3n de fregado micromec\u00e1nico puede alcanzar las peque\u00f1as grietas, las superficies irregulares, y los pasos internos para asegurar la limpieza apropiada y constante.<\/p>\n","protected":false},"featured_media":9465,"template":"","meta":{"_acf_changed":false,"_relevanssi_hide_post":"","_relevanssi_hide_content":"","_relevanssi_pin_for_all":"","_relevanssi_pin_keywords":"","_relevanssi_unpin_keywords":"","_relevanssi_related_keywords":"","_relevanssi_related_include_ids":"","_relevanssi_related_exclude_ids":"","_relevanssi_related_no_append":"","_relevanssi_related_not_related":"","_relevanssi_related_posts":"","_relevanssi_noindex_reason":"","inline_featured_image":false},"pwb-brand":[1149],"product_brand":[],"product_cat":[2382],"product_tag":[369,2387,544,2393,2383,2384,2385,534,2392,2386,2391,543,2394,554,2388,2389,2390],"class_list":{"0":"post-9464","1":"product","2":"type-product","3":"status-publish","4":"has-post-thumbnail","6":"pwb-brand-equipo-medico-steris","7":"product_cat-limpiadores-ultrasonicos","8":"product_tag-369","9":"product_tag-2387","10":"product_tag-amsco","11":"product_tag-amsco-550","12":"product_tag-autoclaves","13":"product_tag-esterilizadores","14":"product_tag-limpiadores-ultrasonicos","15":"product_tag-reliance","16":"product_tag-reliance-550","17":"product_tag-sonic","18":"product_tag-sonic-550","19":"product_tag-steris","20":"product_tag-steris-550","21":"product_tag-steris-amsco","22":"product_tag-steris-amsco-reliance","23":"product_tag-steris-amsco-reliance-sonic","24":"product_tag-steris-amsco-reliance-sonic-550","26":"first","27":"instock","28":"shipping-taxable","29":"purchasable","30":"product-type-simple"},"acf":[],"brands":[{"id":1149,"name":"Steris","slug":"equipo-medico-steris"}],"_links":{"self":[{"href":"https:\/\/www.somatechnology.com\/spanish\/wp-json\/wp\/v2\/product\/9464","targetHints":{"allow":["GET"]}}],"collection":[{"href":"https:\/\/www.somatechnology.com\/spanish\/wp-json\/wp\/v2\/product"}],"about":[{"href":"https:\/\/www.somatechnology.com\/spanish\/wp-json\/wp\/v2\/types\/product"}],"wp:featuredmedia":[{"embeddable":true,"href":"https:\/\/www.somatechnology.com\/spanish\/wp-json\/wp\/v2\/media\/9465"}],"wp:attachment":[{"href":"https:\/\/www.somatechnology.com\/spanish\/wp-json\/wp\/v2\/media?parent=9464"}],"wp:term":[{"taxonomy":"pwb-brand","embeddable":true,"href":"https:\/\/www.somatechnology.com\/spanish\/wp-json\/wp\/v2\/pwb-brand?post=9464"},{"taxonomy":"product_brand","embeddable":true,"href":"https:\/\/www.somatechnology.com\/spanish\/wp-json\/wp\/v2\/product_brand?post=9464"},{"taxonomy":"product_cat","embeddable":true,"href":"https:\/\/www.somatechnology.com\/spanish\/wp-json\/wp\/v2\/product_cat?post=9464"},{"taxonomy":"product_tag","embeddable":true,"href":"https:\/\/www.somatechnology.com\/spanish\/wp-json\/wp\/v2\/product_tag?post=9464"}],"curies":[{"name":"wp","href":"https:\/\/api.w.org\/{rel}","templated":true}]}}