{"id":9469,"date":"2018-03-23T19:59:32","date_gmt":"2018-03-23T19:59:32","guid":{"rendered":"https:\/\/www.somatechnology.com\/spanish\/?post_type=product&#038;p=9469"},"modified":"2025-07-10T17:17:08","modified_gmt":"2025-07-10T21:17:08","slug":"steris-amsco-reliance-sonic-150","status":"publish","type":"product","link":"https:\/\/www.somatechnology.com\/spanish\/equipo-medico-usado-remanufacturado\/autoclaves-esterilizadores\/limpiadores-ultrasonicos\/steris-amsco-reliance-sonic-150\/","title":{"rendered":"Steris Amsco Reliance Sonic 150"},"content":{"rendered":"<div class=\"wpb-content-wrapper\"><p>[vc_row][vc_column][vc_column_text css=\u00bb\u00bb]<\/p>\n<h2>Caracter\u00edsticas del Steris Amsco Reliance Sonic 150<\/h2>\n<p>El Steris Reliance Sonic 150 es un limpiador ultras\u00f3nico que utiliza sonidos ultras\u00f3nicos que se transmiten a frecuencias generalmente fuera del alcance del o\u00eddo humano. A medida que las ondas sonoras del transductor se irradian a trav\u00e9s de la soluci\u00f3n en el tanque, generan presiones alternadas altas y bajas. Durante la etapa de baja presi\u00f3n, millones de burbujas microsc\u00f3picas se forman y crecen. Durante la etapa de alta presi\u00f3n, las burbujas colapsan y act\u00faan como peque\u00f1os cepillos de fregar que funcionan en todas direcciones.<\/p>\n<ul>\n<li>Capacidad de soluci\u00f3n de 1 a 1.5 galones.<\/li>\n<li>Frecuencia de 42 kHz.<\/li>\n<li>Bandeja perforada extra\u00edble.<\/li>\n<li>Ajustes de temperatura de 0.1 a 96 \u00b0C.<\/li>\n<li>Pantalla LED.<\/li>\n<\/ul>\n<p>[\/vc_column_text][\/vc_column][\/vc_row]<\/p>\n<\/div>","protected":false},"excerpt":{"rendered":"<p>Los sistemas de limpieza ultras\u00f3nicos de la parte superior de la tabla Sonic 150 de Steris Amsco se dise\u00f1an para la limpieza y lubricaci\u00f3n f\u00e1ciles de instrumentos quir\u00fargicos m\u00e1s peque\u00f1os cuando el espacio se restringe.<\/p>\n","protected":false},"featured_media":9470,"template":"","meta":{"_acf_changed":false,"_relevanssi_hide_post":"","_relevanssi_hide_content":"","_relevanssi_pin_for_all":"","_relevanssi_pin_keywords":"","_relevanssi_unpin_keywords":"","_relevanssi_related_keywords":"","_relevanssi_related_include_ids":"","_relevanssi_related_exclude_ids":"","_relevanssi_related_no_append":"","_relevanssi_related_not_related":"","_relevanssi_related_posts":"","_relevanssi_noindex_reason":"","inline_featured_image":false},"pwb-brand":[1149],"product_brand":[],"product_cat":[2382],"product_tag":[2396,544,2400,2383,2384,2395,2385,534,2399,2386,2398,2397,543,2401,554,2388,2389],"class_list":{"0":"post-9469","1":"product","2":"type-product","3":"status-publish","4":"has-post-thumbnail","6":"pwb-brand-equipo-medico-steris","7":"product_cat-limpiadores-ultrasonicos","8":"product_tag-2396","9":"product_tag-amsco","10":"product_tag-amsco-150","11":"product_tag-autoclaves","12":"product_tag-esterilizadores","13":"product_tag-limpiadores","14":"product_tag-limpiadores-ultrasonicos","15":"product_tag-reliance","16":"product_tag-reliance-150","17":"product_tag-sonic","18":"product_tag-sonic-150","19":"product_tag-steirs-amsco-reliance-sonic-150","20":"product_tag-steris","21":"product_tag-steris-150","22":"product_tag-steris-amsco","23":"product_tag-steris-amsco-reliance","24":"product_tag-steris-amsco-reliance-sonic","26":"first","27":"instock","28":"shipping-taxable","29":"purchasable","30":"product-type-simple"},"acf":[],"brands":[{"id":1149,"name":"Steris","slug":"equipo-medico-steris"}],"_links":{"self":[{"href":"https:\/\/www.somatechnology.com\/spanish\/wp-json\/wp\/v2\/product\/9469","targetHints":{"allow":["GET"]}}],"collection":[{"href":"https:\/\/www.somatechnology.com\/spanish\/wp-json\/wp\/v2\/product"}],"about":[{"href":"https:\/\/www.somatechnology.com\/spanish\/wp-json\/wp\/v2\/types\/product"}],"wp:featuredmedia":[{"embeddable":true,"href":"https:\/\/www.somatechnology.com\/spanish\/wp-json\/wp\/v2\/media\/9470"}],"wp:attachment":[{"href":"https:\/\/www.somatechnology.com\/spanish\/wp-json\/wp\/v2\/media?parent=9469"}],"wp:term":[{"taxonomy":"pwb-brand","embeddable":true,"href":"https:\/\/www.somatechnology.com\/spanish\/wp-json\/wp\/v2\/pwb-brand?post=9469"},{"taxonomy":"product_brand","embeddable":true,"href":"https:\/\/www.somatechnology.com\/spanish\/wp-json\/wp\/v2\/product_brand?post=9469"},{"taxonomy":"product_cat","embeddable":true,"href":"https:\/\/www.somatechnology.com\/spanish\/wp-json\/wp\/v2\/product_cat?post=9469"},{"taxonomy":"product_tag","embeddable":true,"href":"https:\/\/www.somatechnology.com\/spanish\/wp-json\/wp\/v2\/product_tag?post=9469"}],"curies":[{"name":"wp","href":"https:\/\/api.w.org\/{rel}","templated":true}]}}