{"id":9491,"date":"2018-03-26T13:22:12","date_gmt":"2018-03-26T13:22:12","guid":{"rendered":"https:\/\/www.somatechnology.com\/spanish\/?post_type=product&#038;p=9491"},"modified":"2025-12-11T04:38:42","modified_gmt":"2025-12-11T09:38:42","slug":"zimmer-ats-4000","status":"publish","type":"product","link":"https:\/\/www.somatechnology.com\/spanish\/equipo-medico-usado-remanufacturado\/torniquetes\/zimmer-ats-4000\/","title":{"rendered":"Zimmer ATS 4000"},"content":{"rendered":"<div class=\"wpb-content-wrapper\"><p>[vc_row][vc_column][vc_column_text css=\u00bb\u00bb]<\/p>\n<h2>Zimmer ATS 4000<\/h2>\n<p>El sistema del torniquete de Zimmer ATS 4000 no solo para el flujo de sangre; nos esforzamos por personalizar la presi\u00f3n para el paciente mediante la entrega de la presi\u00f3n m\u00ednima de torniquete en un momento espec\u00edfico, con un brazalete espec\u00edfico, para una extremidad espec\u00edfica del paciente. Se ha encontrado que cuando se aplica una presi\u00f3n m\u00e1s baja del torniquete se produce un menor dolor post-operatorio. Utilizando la tecnolog\u00eda de presi\u00f3n personalizada el ATS 4000 puede minimizar la presi\u00f3n de torniquete y gradientes de presi\u00f3n. Esto ayuda a reducir el riesgo de lesiones relacionadas con los nervios.<\/p>\n<h3>Informaci\u00f3n General<\/h3>\n<ul>\n<li>N\u00famero de puertos: puertos duales<\/li>\n<li>N\u00famero de pu\u00f1os potenciales: pu\u00f1o doble<\/li>\n<li>Opciones de montaje: mesa o poste<\/li>\n<li>Tipo de bater\u00eda: Ion de litio<\/li>\n<li>Duraci\u00f3n de la bater\u00eda: 6 horas<\/li>\n<li>Interfaz de usuario: pantalla t\u00e1ctil<\/li>\n<li>Pantalla: 8.4 \u00abColor<\/li>\n<li>Presi\u00f3n de oclusi\u00f3n del miembro: s\u00ed<\/li>\n<li>Detecci\u00f3n de oclusi\u00f3n de l\u00ednea (Reflectometr\u00eda ac\u00fastica): s\u00ed<\/li>\n<li>Alerta de brazalete: s\u00ed<\/li>\n<li>Bloqueo autom\u00e1tico del brazalete IVRA: s\u00ed<\/li>\n<li>Detecci\u00f3n avanzada de fugas: s\u00ed<\/li>\n<li>Prueba de brazalete preoperatoria: s\u00ed<\/li>\n<\/ul>\n<p>[\/vc_column_text][\/vc_column][\/vc_row]<\/p>\n<\/div>","protected":false},"excerpt":{"rendered":"<p>[vc_row][vc_column][vc_column_text css=\u00bb\u00bb] Zimmer ATS 4000 El sistema del torniquete de Zimmer ATS 4000 no solo para el flujo de sangre; nos esforzamos por personalizar&#8230;<\/p>\n","protected":false},"featured_media":9494,"template":"","meta":{"_acf_changed":false,"_relevanssi_hide_post":"","_relevanssi_hide_content":"","_relevanssi_pin_for_all":"","_relevanssi_pin_keywords":"","_relevanssi_unpin_keywords":"","_relevanssi_related_keywords":"","_relevanssi_related_include_ids":"","_relevanssi_related_exclude_ids":"","_relevanssi_related_no_append":"","_relevanssi_related_not_related":"","_relevanssi_related_posts":"","_relevanssi_noindex_reason":"","inline_featured_image":false},"pwb-brand":[1276],"product_brand":[],"product_cat":[77],"product_tag":[826,2445,2412,2411,2444,2417,2418,2404,2410,2432,2443,2431,2442],"class_list":{"0":"post-9491","1":"product","2":"type-product","3":"status-publish","4":"has-post-thumbnail","6":"pwb-brand-zimmer","7":"product_cat-torniquetes","8":"product_tag-826","9":"product_tag-a-t-s-4000","10":"product_tag-a-t-s","11":"product_tag-ats","12":"product_tag-ats-4000","13":"product_tag-torniquet","14":"product_tag-torniquete","15":"product_tag-torniquetes","16":"product_tag-zimmer","17":"product_tag-zimmer-a-t-s","18":"product_tag-zimmer-a-t-s-4000","19":"product_tag-zimmer-ats","20":"product_tag-zimmer-ats-4000","22":"first","23":"instock","24":"shipping-taxable","25":"purchasable","26":"product-type-simple"},"acf":[],"brands":[{"id":1276,"name":"Zimmer","slug":"zimmer"}],"_links":{"self":[{"href":"https:\/\/www.somatechnology.com\/spanish\/wp-json\/wp\/v2\/product\/9491","targetHints":{"allow":["GET"]}}],"collection":[{"href":"https:\/\/www.somatechnology.com\/spanish\/wp-json\/wp\/v2\/product"}],"about":[{"href":"https:\/\/www.somatechnology.com\/spanish\/wp-json\/wp\/v2\/types\/product"}],"wp:featuredmedia":[{"embeddable":true,"href":"https:\/\/www.somatechnology.com\/spanish\/wp-json\/wp\/v2\/media\/9494"}],"wp:attachment":[{"href":"https:\/\/www.somatechnology.com\/spanish\/wp-json\/wp\/v2\/media?parent=9491"}],"wp:term":[{"taxonomy":"pwb-brand","embeddable":true,"href":"https:\/\/www.somatechnology.com\/spanish\/wp-json\/wp\/v2\/pwb-brand?post=9491"},{"taxonomy":"product_brand","embeddable":true,"href":"https:\/\/www.somatechnology.com\/spanish\/wp-json\/wp\/v2\/product_brand?post=9491"},{"taxonomy":"product_cat","embeddable":true,"href":"https:\/\/www.somatechnology.com\/spanish\/wp-json\/wp\/v2\/product_cat?post=9491"},{"taxonomy":"product_tag","embeddable":true,"href":"https:\/\/www.somatechnology.com\/spanish\/wp-json\/wp\/v2\/product_tag?post=9491"}],"curies":[{"name":"wp","href":"https:\/\/api.w.org\/{rel}","templated":true}]}}