{"id":9515,"date":"2018-03-26T15:05:39","date_gmt":"2018-03-26T15:05:39","guid":{"rendered":"https:\/\/www.somatechnology.com\/spanish\/?post_type=product&#038;p=9515"},"modified":"2025-12-11T02:41:51","modified_gmt":"2025-12-11T07:41:51","slug":"olympus-hd-urology-camera-head","status":"publish","type":"product","link":"https:\/\/www.somatechnology.com\/spanish\/equipo-medico-usado-remanufacturado\/sistema-de-video-endoscopia\/camaras-de-video\/olympus-hd-urology-camera-head\/","title":{"rendered":"Olympus HD Urology Camera Head"},"content":{"rendered":"<div class=\"wpb-content-wrapper\"><p>[vc_row][vc_column][vc_column_text css=\u00bb\u00bb]<\/p>\n<h2>Olympus HD<\/h2>\n<h3>Cabezal de c\u00e1mara para Urolog\u00eda<\/h3>\n<p>HDTV1080i combina la visualizaci\u00f3n v\u00edvida y el control c\u00f3modo. Con 1080 l\u00edneas de escaneo de informaci\u00f3n de imagen al alcance de su mano, HDTV1080i ampl\u00eda dram\u00e1ticamente las posibilidades cl\u00ednicas en Urolog\u00eda y Ginecolog\u00eda. Las im\u00e1genes son lisas y claras, con una reproducci\u00f3n tan precisa que los detalles y los colores permanecen afilados y fieles a la vida. En 60g, \u00e9sta es la cabeza en forma de L m\u00e1s ligera de la c\u00e1mara de HD disponible, que le permite utilizarla por per\u00edodos largos de la tensi\u00f3n y de la fatiga reducidas durante cirug\u00eda invasor m\u00ednima de la EH, e.g. Cistoscopia, histeroscopia, y la resecci\u00f3n.<\/p>\n<ul>\n<li>Alta resoluci\u00f3n: el chip de v\u00eddeo avanzado ofrece un detalle insuperable y una reproducci\u00f3n de color en calidad HDTV1080 durante la cirug\u00eda m\u00ednima invasiva de alta definici\u00f3n.<\/li>\n<li>Cuerpo ligero \u2013 HDTV1080i es la cabeza de c\u00e1mara URO HD m\u00e1s ligera disponible, lo que reduce el estr\u00e9s y la fatiga del operador, incluso durante procedimientos m\u00e1s largos.<\/li>\n<li>Imagen de banda estrecha \u2013 NBI mejora la visibilidad de los vasos y la superficie del m\u00fasculo permitiendo la detecci\u00f3n de c\u00e1ncer y lesiones.<\/li>\n<li>Interruptor de control remoto independiente \u2013 el interruptor de control remoto de posici\u00f3n lejana permite un f\u00e1cil control de tres funciones y reduce el riesgo de sacudidas de la c\u00e1mara.<\/li>\n<\/ul>\n<h3>N\u00famero de modelo<\/h3>\n<ul>\n<li>OTV-S7PROH-HD-L08E<\/li>\n<\/ul>\n<h3>Tama\u00f1o<\/h3>\n<ul>\n<li>Camera Head: \u00d821 x 83 mm<\/li>\n<li>Cable: \u00d83.3 mm x 4 m<\/li>\n<\/ul>\n<h3>Peso<\/h3>\n<ul>\n<li>Camera Head: 60 g (head part) 20 g (remote control part)<\/li>\n<\/ul>\n<h3>Observaci\u00f3n<\/h3>\n<ul>\n<li>Sistema de recogida: tipo Interline CCD de imagen de estado s\u00f3lido pickup<\/li>\n<\/ul>\n<h3>Clasificaci\u00f3n (equipo electro-magn\u00e9tico)<\/h3>\n<ul>\n<li>Un grado de protecci\u00f3n contra descarga el\u00e9ctrica: tipo BF<\/li>\n<\/ul>\n<h3>Limpieza\/desinfecci\u00f3n y esterilizaci\u00f3n<\/h3>\n<ul>\n<li>Esterilizaci\u00f3n: esterilizaci\u00f3n del gas del \u00f3xido de etileno posible<\/li>\n<\/ul>\n<p>[\/vc_column_text][\/vc_column][\/vc_row]<\/p>\n<\/div>","protected":false},"excerpt":{"rendered":"<p>[vc_row][vc_column][vc_column_text css=\u00bb\u00bb] Olympus HD Cabezal de c\u00e1mara para Urolog\u00eda HDTV1080i combina la visualizaci\u00f3n v\u00edvida y el control c\u00f3modo. Con 1080 l\u00edneas de escaneo de&#8230;<\/p>\n","protected":false},"featured_media":9517,"template":"","meta":{"_acf_changed":false,"_relevanssi_hide_post":"","_relevanssi_hide_content":"","_relevanssi_pin_for_all":"","_relevanssi_pin_keywords":"","_relevanssi_unpin_keywords":"","_relevanssi_related_keywords":"","_relevanssi_related_include_ids":"","_relevanssi_related_exclude_ids":"","_relevanssi_related_no_append":"","_relevanssi_related_not_related":"","_relevanssi_related_posts":"","_relevanssi_noindex_reason":"","inline_featured_image":false},"pwb-brand":[1080],"product_brand":[],"product_cat":[84,99],"product_tag":[2468,138,2469,2467,2466,2465,2464],"class_list":{"0":"post-9515","1":"product","2":"type-product","3":"status-publish","4":"has-post-thumbnail","6":"pwb-brand-equipo-medico-olympus","7":"product_cat-sistema-de-video-endoscopia","8":"product_cat-camaras-de-video","9":"product_tag-hd-urology-camera-head","10":"product_tag-olympus","11":"product_tag-olympus-camera-head","12":"product_tag-olympus-hd","13":"product_tag-olympus-hd-urology","14":"product_tag-olympus-hd-urology-camera","15":"product_tag-olympus-hd-urology-camera-head","17":"first","18":"instock","19":"shipping-taxable","20":"purchasable","21":"product-type-simple"},"acf":[],"brands":[{"id":1080,"name":"Olympus","slug":"equipo-medico-olympus"}],"_links":{"self":[{"href":"https:\/\/www.somatechnology.com\/spanish\/wp-json\/wp\/v2\/product\/9515","targetHints":{"allow":["GET"]}}],"collection":[{"href":"https:\/\/www.somatechnology.com\/spanish\/wp-json\/wp\/v2\/product"}],"about":[{"href":"https:\/\/www.somatechnology.com\/spanish\/wp-json\/wp\/v2\/types\/product"}],"wp:featuredmedia":[{"embeddable":true,"href":"https:\/\/www.somatechnology.com\/spanish\/wp-json\/wp\/v2\/media\/9517"}],"wp:attachment":[{"href":"https:\/\/www.somatechnology.com\/spanish\/wp-json\/wp\/v2\/media?parent=9515"}],"wp:term":[{"taxonomy":"pwb-brand","embeddable":true,"href":"https:\/\/www.somatechnology.com\/spanish\/wp-json\/wp\/v2\/pwb-brand?post=9515"},{"taxonomy":"product_brand","embeddable":true,"href":"https:\/\/www.somatechnology.com\/spanish\/wp-json\/wp\/v2\/product_brand?post=9515"},{"taxonomy":"product_cat","embeddable":true,"href":"https:\/\/www.somatechnology.com\/spanish\/wp-json\/wp\/v2\/product_cat?post=9515"},{"taxonomy":"product_tag","embeddable":true,"href":"https:\/\/www.somatechnology.com\/spanish\/wp-json\/wp\/v2\/product_tag?post=9515"}],"curies":[{"name":"wp","href":"https:\/\/api.w.org\/{rel}","templated":true}]}}