{"id":9981,"date":"2018-04-09T14:45:53","date_gmt":"2018-04-09T14:45:53","guid":{"rendered":"https:\/\/www.somatechnology.com\/spanish\/?post_type=product&#038;p=9981"},"modified":"2025-12-11T02:34:07","modified_gmt":"2025-12-11T07:34:07","slug":"olympus-jf-it10-jf-1t20-jf-1t30","status":"publish","type":"product","link":"https:\/\/www.somatechnology.com\/spanish\/equipo-medico-usado-remanufacturado\/sistema-de-video-endoscopia\/endoscopios-flexibles\/olympus-jf-it10-jf-1t20-jf-1t30\/","title":{"rendered":"Olympus JF-IT10\/JF-1T20\/JF-1T30"},"content":{"rendered":"<div class=\"wpb-content-wrapper\"><p>[vc_row][vc_column][vc_column_text css=\u00bb\u00bb]<\/p>\n<h2>Olympus JF-IT10\/JF-1T20\/JF-1T30<\/h2>\n<p>Im\u00e1genes m\u00e1s n\u00edtidas y brillantes[\/vc_column_text][\/vc_column][\/vc_row]<\/p>\n<\/div>","protected":false},"excerpt":{"rendered":"<p>[vc_row][vc_column][vc_column_text css=\u00bb\u00bb] Olympus JF-IT10\/JF-1T20\/JF-1T30 Im\u00e1genes m\u00e1s n\u00edtidas y brillantes[\/vc_column_text][\/vc_column][\/vc_row]<\/p>\n","protected":false},"featured_media":9983,"template":"","meta":{"_acf_changed":false,"_relevanssi_hide_post":"","_relevanssi_hide_content":"","_relevanssi_pin_for_all":"","_relevanssi_pin_keywords":"","_relevanssi_unpin_keywords":"","_relevanssi_related_keywords":"","_relevanssi_related_include_ids":"","_relevanssi_related_exclude_ids":"","_relevanssi_related_no_append":"","_relevanssi_related_not_related":"","_relevanssi_related_posts":"","_relevanssi_noindex_reason":"","inline_featured_image":false},"pwb-brand":[1080],"product_brand":[],"product_cat":[84,7015],"product_tag":[138,2696,2701,2698,2697,2699,2700],"class_list":{"0":"post-9981","1":"product","2":"type-product","3":"status-publish","4":"has-post-thumbnail","6":"pwb-brand-equipo-medico-olympus","7":"product_cat-sistema-de-video-endoscopia","8":"product_cat-endoscopios-flexibles","9":"product_tag-olympus","10":"product_tag-olympus-jf","11":"product_tag-olympus-jf-it","12":"product_tag-olympus-jf-it10","13":"product_tag-olympus-jf-it10-jf-1t20-jf-1t30","14":"product_tag-olympus-jf-it20","15":"product_tag-olympus-jf-it30","17":"first","18":"instock","19":"shipping-taxable","20":"purchasable","21":"product-type-simple"},"acf":[],"brands":[{"id":1080,"name":"Olympus","slug":"equipo-medico-olympus"}],"_links":{"self":[{"href":"https:\/\/www.somatechnology.com\/spanish\/wp-json\/wp\/v2\/product\/9981","targetHints":{"allow":["GET"]}}],"collection":[{"href":"https:\/\/www.somatechnology.com\/spanish\/wp-json\/wp\/v2\/product"}],"about":[{"href":"https:\/\/www.somatechnology.com\/spanish\/wp-json\/wp\/v2\/types\/product"}],"wp:featuredmedia":[{"embeddable":true,"href":"https:\/\/www.somatechnology.com\/spanish\/wp-json\/wp\/v2\/media\/9983"}],"wp:attachment":[{"href":"https:\/\/www.somatechnology.com\/spanish\/wp-json\/wp\/v2\/media?parent=9981"}],"wp:term":[{"taxonomy":"pwb-brand","embeddable":true,"href":"https:\/\/www.somatechnology.com\/spanish\/wp-json\/wp\/v2\/pwb-brand?post=9981"},{"taxonomy":"product_brand","embeddable":true,"href":"https:\/\/www.somatechnology.com\/spanish\/wp-json\/wp\/v2\/product_brand?post=9981"},{"taxonomy":"product_cat","embeddable":true,"href":"https:\/\/www.somatechnology.com\/spanish\/wp-json\/wp\/v2\/product_cat?post=9981"},{"taxonomy":"product_tag","embeddable":true,"href":"https:\/\/www.somatechnology.com\/spanish\/wp-json\/wp\/v2\/product_tag?post=9981"}],"curies":[{"name":"wp","href":"https:\/\/api.w.org\/{rel}","templated":true}]}}